{"id":31912,"date":"2026-03-27T06:45:30","date_gmt":"2026-03-27T06:45:30","guid":{"rendered":"https:\/\/108giahoa.com\/?post_type=product&#038;p=31912"},"modified":"2026-03-27T06:45:32","modified_gmt":"2026-03-27T06:45:32","slug":"may-vi-tinh-de-ban-asus-2","status":"publish","type":"product","link":"https:\/\/108giahoa.com\/?product=may-vi-tinh-de-ban-asus-2","title":{"rendered":"M\u00c1Y VI T\u00cdNH \u0110\u1ec2 B\u00c0N ASUS"},"content":{"rendered":"<p>&#8211; B\u1ed9 vi x\u1eed l\u00fd: Intel\u00ae <strong>Core\u2122 3 100U<\/strong> (10MB, up to 4.70GHz)<br \/>\n&#8211; B\u1ed9 nh\u1edb RAM: <strong>8GB<\/strong><br \/>\n&#8211; \u1ed4 c\u1ee9ng SSD: <strong>256GB<\/strong><br \/>\n&#8211; VGA Intel Graphics<br \/>\n&#8211; K\u1ebft n\u1ed1i: Wifi + Bluetooth<br \/>\n&#8211; USB KeyBoard &amp; Mouse<br \/>\n&#8211; H\u1ec7 \u0111i\u1ec1u h\u00e0nh: Free Dos<br \/>\n&#8211; M\u00e0n h\u00ecnh m\u00e1y t\u00ednh: ASUS 21.5inch (22&#8243;)<\/p>\n","protected":false},"excerpt":{"rendered":"<p>&#8211; B\u1ed9 vi x\u1eed l\u00fd: Intel\u00ae Core\u2122 3 100U (10MB, up to 4.70GHz) &#8211; B\u1ed9 nh\u1edb RAM: 8GB &#8211; \u1ed4<\/p>\n","protected":false},"featured_media":29173,"comment_status":"open","ping_status":"closed","template":"","meta":[],"product_brand":[82],"product_cat":[78],"product_tag":[],"class_list":{"0":"post-31912","1":"product","2":"type-product","3":"status-publish","4":"has-post-thumbnail","6":"product_brand-asus","7":"product_cat-may-vi-tinh-de-ban","9":"first","10":"instock","11":"shipping-taxable","12":"product-type-simple"},"_links":{"self":[{"href":"https:\/\/108giahoa.com\/index.php?rest_route=\/wp\/v2\/product\/31912","targetHints":{"allow":["GET"]}}],"collection":[{"href":"https:\/\/108giahoa.com\/index.php?rest_route=\/wp\/v2\/product"}],"about":[{"href":"https:\/\/108giahoa.com\/index.php?rest_route=\/wp\/v2\/types\/product"}],"replies":[{"embeddable":true,"href":"https:\/\/108giahoa.com\/index.php?rest_route=%2Fwp%2Fv2%2Fcomments&post=31912"}],"version-history":[{"count":1,"href":"https:\/\/108giahoa.com\/index.php?rest_route=\/wp\/v2\/product\/31912\/revisions"}],"predecessor-version":[{"id":31913,"href":"https:\/\/108giahoa.com\/index.php?rest_route=\/wp\/v2\/product\/31912\/revisions\/31913"}],"wp:featuredmedia":[{"embeddable":true,"href":"https:\/\/108giahoa.com\/index.php?rest_route=\/wp\/v2\/media\/29173"}],"wp:attachment":[{"href":"https:\/\/108giahoa.com\/index.php?rest_route=%2Fwp%2Fv2%2Fmedia&parent=31912"}],"wp:term":[{"taxonomy":"product_brand","embeddable":true,"href":"https:\/\/108giahoa.com\/index.php?rest_route=%2Fwp%2Fv2%2Fproduct_brand&post=31912"},{"taxonomy":"product_cat","embeddable":true,"href":"https:\/\/108giahoa.com\/index.php?rest_route=%2Fwp%2Fv2%2Fproduct_cat&post=31912"},{"taxonomy":"product_tag","embeddable":true,"href":"https:\/\/108giahoa.com\/index.php?rest_route=%2Fwp%2Fv2%2Fproduct_tag&post=31912"}],"curies":[{"name":"wp","href":"https:\/\/api.w.org\/{rel}","templated":true}]}}