{"id":31928,"date":"2026-03-27T07:11:42","date_gmt":"2026-03-27T07:11:42","guid":{"rendered":"https:\/\/108giahoa.com\/?post_type=product&#038;p=31928"},"modified":"2026-03-27T07:12:10","modified_gmt":"2026-03-27T07:12:10","slug":"may-vi-tinh-de-ban-fpt-elead","status":"publish","type":"product","link":"https:\/\/108giahoa.com\/?product=may-vi-tinh-de-ban-fpt-elead","title":{"rendered":"M\u00c1Y VI T\u00cdNH \u0110\u1ec2 B\u00c0N FPT ELEAD"},"content":{"rendered":"<table style=\"height: 457px;\" width=\"877\">\n<tbody>\n<tr>\n<td width=\"297\">&#8211; B\u1ed9 vi x\u1eed l\u00fd:Intel\u00ae Core\u2122 i5 14400 (20M b\u1ed9 nh\u1edb \u0111\u1ec7m, l\u00ean \u0111\u1ebfn 4,70 GHz)<\/td>\n<\/tr>\n<tr>\n<td width=\"297\">&#8211; Bo M\u1ea1ch ch\u1ee7: Chipset Intel H610 Express LGA1700 S\/p Intel Core i7 + i5 + i3<\/td>\n<\/tr>\n<tr>\n<td width=\"297\">&#8211; B\u1ed9 nh\u1edb RAM: 8GB<\/td>\n<\/tr>\n<tr>\n<td width=\"297\">&#8211; \u1ed4 c\u1ee9ng SSD: SSD 512Gb<\/td>\n<\/tr>\n<tr>\n<td width=\"297\">&#8211; Th\u00f9ng m\u00e1y: mATX front USB &amp; Audio With PSU 450W.<\/td>\n<\/tr>\n<tr>\n<td width=\"297\">&#8211; M\u00e0n h\u00ecnh vi t\u00ednh: 24.5&#8243; Widescreen, \u0110\u1ed9 ph\u00e2n gi\u1ea3i: 1920 x 1080 (Full HD), C\u1ed5ng k\u1ebft n\u1ed1i: VGA &amp; HDMI<\/td>\n<\/tr>\n<tr>\n<td width=\"297\">&#8211; B\u00e0n ph\u00edm: USB Standard (\u0110\u1ed3ng b\u1ed9 v\u1edbi th\u01b0\u01a1ng hi\u1ec7u m\u00e1y t\u00ednh)<\/td>\n<\/tr>\n<tr>\n<td width=\"297\">&#8211; Chu\u1ed9t: USB Optical Scroll (\u0110\u1ed3ng b\u1ed9 v\u1edbi th\u01b0\u01a1ng hi\u1ec7u m\u00e1y t\u00ednh)<\/td>\n<\/tr>\n<tr>\n<td width=\"297\">&#8211; H\u1ec7 \u0111i\u1ec1u h\u00e0nh: Win 11 home b\u1ea3n quy\u1ec1n<\/td>\n<\/tr>\n<\/tbody>\n<\/table>\n","protected":false},"excerpt":{"rendered":"<p>&#8211; B\u1ed9 vi x\u1eed l\u00fd:Intel\u00ae Core\u2122 i5 14400 (20M b\u1ed9 nh\u1edb \u0111\u1ec7m, l\u00ean \u0111\u1ebfn 4,70 GHz) &#8211; Bo M\u1ea1ch ch\u1ee7:<\/p>\n","protected":false},"featured_media":31926,"comment_status":"open","ping_status":"closed","template":"","meta":[],"product_brand":[194],"product_cat":[78],"product_tag":[],"class_list":{"0":"post-31928","1":"product","2":"type-product","3":"status-publish","4":"has-post-thumbnail","6":"product_brand-fpt-elead","7":"product_cat-may-vi-tinh-de-ban","9":"first","10":"instock","11":"shipping-taxable","12":"product-type-simple"},"_links":{"self":[{"href":"https:\/\/108giahoa.com\/index.php?rest_route=\/wp\/v2\/product\/31928","targetHints":{"allow":["GET"]}}],"collection":[{"href":"https:\/\/108giahoa.com\/index.php?rest_route=\/wp\/v2\/product"}],"about":[{"href":"https:\/\/108giahoa.com\/index.php?rest_route=\/wp\/v2\/types\/product"}],"replies":[{"embeddable":true,"href":"https:\/\/108giahoa.com\/index.php?rest_route=%2Fwp%2Fv2%2Fcomments&post=31928"}],"version-history":[{"count":1,"href":"https:\/\/108giahoa.com\/index.php?rest_route=\/wp\/v2\/product\/31928\/revisions"}],"predecessor-version":[{"id":31929,"href":"https:\/\/108giahoa.com\/index.php?rest_route=\/wp\/v2\/product\/31928\/revisions\/31929"}],"wp:featuredmedia":[{"embeddable":true,"href":"https:\/\/108giahoa.com\/index.php?rest_route=\/wp\/v2\/media\/31926"}],"wp:attachment":[{"href":"https:\/\/108giahoa.com\/index.php?rest_route=%2Fwp%2Fv2%2Fmedia&parent=31928"}],"wp:term":[{"taxonomy":"product_brand","embeddable":true,"href":"https:\/\/108giahoa.com\/index.php?rest_route=%2Fwp%2Fv2%2Fproduct_brand&post=31928"},{"taxonomy":"product_cat","embeddable":true,"href":"https:\/\/108giahoa.com\/index.php?rest_route=%2Fwp%2Fv2%2Fproduct_cat&post=31928"},{"taxonomy":"product_tag","embeddable":true,"href":"https:\/\/108giahoa.com\/index.php?rest_route=%2Fwp%2Fv2%2Fproduct_tag&post=31928"}],"curies":[{"name":"wp","href":"https:\/\/api.w.org\/{rel}","templated":true}]}}