{"id":31934,"date":"2026-03-27T07:16:41","date_gmt":"2026-03-27T07:16:41","guid":{"rendered":"https:\/\/108giahoa.com\/?post_type=product&#038;p=31934"},"modified":"2026-03-27T07:18:31","modified_gmt":"2026-03-27T07:18:31","slug":"may-vi-tinh-de-ban-fpt-elead-2","status":"publish","type":"product","link":"https:\/\/108giahoa.com\/?product=may-vi-tinh-de-ban-fpt-elead-2","title":{"rendered":"M\u00c1Y VI T\u00cdNH \u0110\u1ec2 B\u00c0N FPT ELEAD"},"content":{"rendered":"<table style=\"height: 432px;\" width=\"856\">\n<tbody>\n<tr>\n<td width=\"297\">&#8211; B\u1ed9 vi x\u1eed l\u00fd: Intel\u00ae Core\u2122 i3-12100 b\u1ed9 nh\u1edb \u0111\u1ec7m 12M, l\u00ean \u0111\u1ebfn 4,30 GHz<\/td>\n<\/tr>\n<tr>\n<td width=\"297\">&#8211; Bo M\u1ea1ch ch\u1ee7: Chipset Intel H610 Socket 1700<\/td>\n<\/tr>\n<tr>\n<td width=\"297\">&#8211; \u0110\u00f4\u0300 ho\u0323a: Intel\u00ae UHD Intergrated Graphics 730<\/td>\n<\/tr>\n<tr>\n<td width=\"297\">&#8211; B\u1ed9 nh\u1edb RAM: DDR4 8GB<\/td>\n<\/tr>\n<tr>\n<td width=\"297\">&#8211; \u1ed4 c\u1ee9ng: SSD 512GB Sata 3<\/td>\n<\/tr>\n<tr>\n<td width=\"297\">&#8211; Th\u00f9ng m\u00e1y: ATX v\u1edbi b\u1ed9 ngu\u1ed3n PSU 450W<\/td>\n<\/tr>\n<tr>\n<td width=\"297\">&#8211; M\u00e0n h\u00ecnh vi t\u00ednh: LCD 21.5 Inch, \u0110\u1ed9 ph\u00e2n gi\u1ea3i 1920&#215;1080, K\u1ebft n\u1ed1i: VGA,HDMI,<\/td>\n<\/tr>\n<tr>\n<td width=\"297\">&#8211; B\u00e0n ph\u00edm: USB Standard<\/td>\n<\/tr>\n<tr>\n<td width=\"297\">&#8211; Chu\u1ed9t:\u00a0 USB Optical Scroll<\/td>\n<\/tr>\n<tr>\n<td width=\"297\">&#8211; H\u1ec7 \u0111i\u1ec1u h\u00e0nh: Win 11 home b\u1ea3n quy\u1ec1n<\/td>\n<\/tr>\n<\/tbody>\n<\/table>\n","protected":false},"excerpt":{"rendered":"<p>&#8211; B\u1ed9 vi x\u1eed l\u00fd: Intel\u00ae Core\u2122 i3-12100 b\u1ed9 nh\u1edb \u0111\u1ec7m 12M, l\u00ean \u0111\u1ebfn 4,30 GHz &#8211; Bo M\u1ea1ch ch\u1ee7:<\/p>\n","protected":false},"featured_media":31926,"comment_status":"open","ping_status":"closed","template":"","meta":[],"product_brand":[194],"product_cat":[78],"product_tag":[],"class_list":{"0":"post-31934","1":"product","2":"type-product","3":"status-publish","4":"has-post-thumbnail","6":"product_brand-fpt-elead","7":"product_cat-may-vi-tinh-de-ban","9":"first","10":"instock","11":"shipping-taxable","12":"product-type-simple"},"_links":{"self":[{"href":"https:\/\/108giahoa.com\/index.php?rest_route=\/wp\/v2\/product\/31934","targetHints":{"allow":["GET"]}}],"collection":[{"href":"https:\/\/108giahoa.com\/index.php?rest_route=\/wp\/v2\/product"}],"about":[{"href":"https:\/\/108giahoa.com\/index.php?rest_route=\/wp\/v2\/types\/product"}],"replies":[{"embeddable":true,"href":"https:\/\/108giahoa.com\/index.php?rest_route=%2Fwp%2Fv2%2Fcomments&post=31934"}],"version-history":[{"count":1,"href":"https:\/\/108giahoa.com\/index.php?rest_route=\/wp\/v2\/product\/31934\/revisions"}],"predecessor-version":[{"id":31935,"href":"https:\/\/108giahoa.com\/index.php?rest_route=\/wp\/v2\/product\/31934\/revisions\/31935"}],"wp:featuredmedia":[{"embeddable":true,"href":"https:\/\/108giahoa.com\/index.php?rest_route=\/wp\/v2\/media\/31926"}],"wp:attachment":[{"href":"https:\/\/108giahoa.com\/index.php?rest_route=%2Fwp%2Fv2%2Fmedia&parent=31934"}],"wp:term":[{"taxonomy":"product_brand","embeddable":true,"href":"https:\/\/108giahoa.com\/index.php?rest_route=%2Fwp%2Fv2%2Fproduct_brand&post=31934"},{"taxonomy":"product_cat","embeddable":true,"href":"https:\/\/108giahoa.com\/index.php?rest_route=%2Fwp%2Fv2%2Fproduct_cat&post=31934"},{"taxonomy":"product_tag","embeddable":true,"href":"https:\/\/108giahoa.com\/index.php?rest_route=%2Fwp%2Fv2%2Fproduct_tag&post=31934"}],"curies":[{"name":"wp","href":"https:\/\/api.w.org\/{rel}","templated":true}]}}