{"id":31949,"date":"2026-03-27T07:48:36","date_gmt":"2026-03-27T07:48:36","guid":{"rendered":"https:\/\/108giahoa.com\/?post_type=product&#038;p=31949"},"modified":"2026-03-27T07:48:38","modified_gmt":"2026-03-27T07:48:38","slug":"may-photocopy-kyocera-ecosys-m4125idn","status":"publish","type":"product","link":"https:\/\/108giahoa.com\/?product=may-photocopy-kyocera-ecosys-m4125idn","title":{"rendered":"M\u00e1y photocopy KYOCERA ECOSYS M4125idn"},"content":{"rendered":"<p>&#8211; Ch\u1ee9c n\u0103ng: Copy-in m\u1ea1ng-Scan m\u00e0u-G\u1eedi &#8211; \u0111\u1ea3o 2 m\u1eb7t t\u1ef1 \u0111\u1ed9ng.<br \/>\n&#8211; Kh\u1ed5 gi\u1ea5y: Min. A6R \u2013 Max. A3 (Legal)<br \/>\n&#8211; T\u1ed1c \u0111\u1ed9 in \/ copy: 25 trang\/ph\u00fat (A4);<br \/>\n&#8211; \u0110\u1ed9 ph\u00e2n gi\u1ea3i in: 600 x 600 dpi; 1,200 x 1,200 dpi<br \/>\n&#8211; \u0110\u1ed9 ph\u00e2n gi\u1ea3i copy: 600 x 600 dpi<br \/>\n&#8211; B\u1ea3n in\/ ch\u1ee5p \u0111\u1ea7u ti\u00ean: 5,8\/ 5,8 gi\u00e2y<br \/>\n&#8211; Mobile Print: AirPrint, Mopria, KYOCERA Mobile Print, \u0111i\u1ec1u khi\u1ec3n t\u1eeb Smartphone\/ tablet<br \/>\n&#8211; T\u1ed1c \u0111\u1ed9 Scan (BW\/Color): 50 \u1ea3nh\/ph\u00fat (RADF 50 t\u1edd) (h\u00ecnh \u1ea3nh: Ch\u1eef, \u1ea2nh, Ch\u1eef + \u1ea2nh, Ch\u1eef nh\u1ea1t (\u0110\u01b0\u1eddng k\u1ebb))<br \/>\n&#8211; \u0110\u1ed9 ph\u00e2n gi\u1ea3i scan: 600 dpi, 400 dpi, 300 dpi, 200 dpi, 100 dpi<br \/>\n&#8211; Ch\u1ee9c n\u0103ng scan: Qu\u00e9t v\u00e0o SMB; Qu\u00e9t v\u00e0o E-mail (SMTP, SMTP over SSL ); Qu\u00e9t v\u00e0o FTP ho\u1eb7c FTP over SSL; Qu\u00e9t v\u00e0o USB; TWAIN; WSD; WIA<br \/>\n&#8211; \u0110\u1ecbnh d\u1ea1ng file in \/ scan: TIFF, JPEG, PDF, XPS, Open XPS<br \/>\n&#8211; Nh\u00e2n b\u1ea3n (copy): 1-999 t\u1edd<\/p>\n<p>&#8211; T\u1ec9 l\u1ec7 thu ph\u00f3ng (Zoom): 25% &#8211; 400% (\u00b11%)<br \/>\n&#8211; B\u1ed9 X\u1eed L\u00fd CPU: ARM Cortex-A9 (Dual Core) 1.2GHz<br \/>\n&#8211; B\u1ed9 nh\u1edb: 1 GB (Max 3GB Optional)<br \/>\n&#8211; M\u00e0n h\u00ecnh \u0111i\u1ec1u khi\u1ec3n: 4.3-inch C\u1ea3m \u1ee9ng m\u00e0u (hi\u1ec3n th\u1ecb ti\u1ebfng Vi\u1ec7t)<br \/>\n&#8211; Khay gi\u1ea5y: Gi\u1ea5y V\u00e0o 500 t\u1edd x1 khay Cassette; 100 t\u1edd x1 khay tay MPT, Gi\u1ea5y Ra (250 t\u1edd + 50 t\u1edd)<br \/>\n&#8211; K\u1ebft n\u1ed1i: USB 2.0 x1; USB Host x2; Ethernet 10\/100\/1000Base-T\/TX; NFC TAG x1;<br \/>\n&#8211; M\u1ef1c in: TK-6110 : 15.000 trang (Starter 3,000 trang)<br \/>\n&#8211; Ti\u00eau th\u1ee5 \u0111i\u1ec7n: 390W \/ 0,5W (khi ho\u1ea1t \u0111\u1ed9ng \/ ti\u1ebft ki\u1ec7m)<br \/>\n&#8211; Tr\u1ecdng l\u01b0\u1ee3ng: 72 kg (k\u00edch th\u01b0\u1edbc W590 x D590 x H688 mm)<\/p>\n","protected":false},"excerpt":{"rendered":"<p>&#8211; Ch\u1ee9c n\u0103ng: Copy-in m\u1ea1ng-Scan m\u00e0u-G\u1eedi &#8211; \u0111\u1ea3o 2 m\u1eb7t t\u1ef1 \u0111\u1ed9ng. &#8211; Kh\u1ed5 gi\u1ea5y: Min. A6R \u2013 Max. A3<\/p>\n","protected":false},"featured_media":31950,"comment_status":"open","ping_status":"closed","template":"","meta":[],"product_brand":[133],"product_cat":[91],"product_tag":[],"class_list":{"0":"post-31949","1":"product","2":"type-product","3":"status-publish","4":"has-post-thumbnail","6":"product_brand-may-photocopy","7":"product_cat-thiet-bi-cntt","9":"first","10":"instock","11":"shipping-taxable","12":"product-type-simple"},"_links":{"self":[{"href":"https:\/\/108giahoa.com\/index.php?rest_route=\/wp\/v2\/product\/31949","targetHints":{"allow":["GET"]}}],"collection":[{"href":"https:\/\/108giahoa.com\/index.php?rest_route=\/wp\/v2\/product"}],"about":[{"href":"https:\/\/108giahoa.com\/index.php?rest_route=\/wp\/v2\/types\/product"}],"replies":[{"embeddable":true,"href":"https:\/\/108giahoa.com\/index.php?rest_route=%2Fwp%2Fv2%2Fcomments&post=31949"}],"version-history":[{"count":1,"href":"https:\/\/108giahoa.com\/index.php?rest_route=\/wp\/v2\/product\/31949\/revisions"}],"predecessor-version":[{"id":31951,"href":"https:\/\/108giahoa.com\/index.php?rest_route=\/wp\/v2\/product\/31949\/revisions\/31951"}],"wp:featuredmedia":[{"embeddable":true,"href":"https:\/\/108giahoa.com\/index.php?rest_route=\/wp\/v2\/media\/31950"}],"wp:attachment":[{"href":"https:\/\/108giahoa.com\/index.php?rest_route=%2Fwp%2Fv2%2Fmedia&parent=31949"}],"wp:term":[{"taxonomy":"product_brand","embeddable":true,"href":"https:\/\/108giahoa.com\/index.php?rest_route=%2Fwp%2Fv2%2Fproduct_brand&post=31949"},{"taxonomy":"product_cat","embeddable":true,"href":"https:\/\/108giahoa.com\/index.php?rest_route=%2Fwp%2Fv2%2Fproduct_cat&post=31949"},{"taxonomy":"product_tag","embeddable":true,"href":"https:\/\/108giahoa.com\/index.php?rest_route=%2Fwp%2Fv2%2Fproduct_tag&post=31949"}],"curies":[{"name":"wp","href":"https:\/\/api.w.org\/{rel}","templated":true}]}}