{"id":31968,"date":"2026-03-27T08:10:35","date_gmt":"2026-03-27T08:10:35","guid":{"rendered":"https:\/\/108giahoa.com\/?post_type=product&#038;p=31968"},"modified":"2026-03-27T08:10:44","modified_gmt":"2026-03-27T08:10:44","slug":"may-photocopy-fuji-xerox-docucentre-s2520","status":"publish","type":"product","link":"https:\/\/108giahoa.com\/?product=may-photocopy-fuji-xerox-docucentre-s2520","title":{"rendered":"M\u00e1y photocopy FUJI XEROX Docucentre S2520"},"content":{"rendered":"<p>Ch\u1ee9c n\u0103ng chu\u1ea9n: Copy\/In m\u1ea1ng\/Scan m\u00e0u- DADF &#8211; Duplex<br \/>\nTh\u00f4ng s\u1ed1 k\u1ef9 thu\u1eadt:<br \/>\n+ T\u1ed1c \u0111\u1ed9 copy\/In: 25 trang\/ ph\u00fat<br \/>\n+ T\u1ed1c \u0111\u1ed9 scan: 28 trang\/ ph\u00fat (m\u00e0u, \u0111en tr\u1eafng)<br \/>\n+ B\u1ed9 nh\u1edb: 512MB<br \/>\n+ 01 khay n\u1ea1p gi\u1ea5y ch\u00ednh (250 t\u1edd)<br \/>\n+ 01 khay gi\u1ea5y tay (100 t\u1edd)<br \/>\n+ Kh\u1ed5 gi\u1ea5y A5 -A3<br \/>\n+ Sao ch\u1ee5p li\u00ean t\u1ee5c: 999 t\u1edd<br \/>\n+ T\u1ec9 l\u1ec7 thu ph\u00f3ng: 25% &#8211; 400%<br \/>\n+ B\u1ed9 n\u1ea1p v\u00e0 \u0111\u1ea3o b\u1ea3n g\u1ed1c t\u1ef1 \u0111\u1ed9ng (DADF) &#8211; C\u00f3 s\u1eb5n<br \/>\n+ B\u1ed9 \u0111\u1ea3o b\u1ea3n sao t\u1ef1 \u0111\u1ed9ng (Duplex)<br \/>\n+ Chia b\u1ed9 b\u1ea3n sao ngang d\u1ecdc<br \/>\n+ Scan m\u00e0u, scan m\u1ea1ng<br \/>\n+ Chu\u1ea9n k\u1ebft n\u1ed1i: Ethernet 10\/100Base -TX, USB2.0<\/p>\n","protected":false},"excerpt":{"rendered":"<p>Ch\u1ee9c n\u0103ng chu\u1ea9n: Copy\/In m\u1ea1ng\/Scan m\u00e0u- DADF &#8211; Duplex Th\u00f4ng s\u1ed1 k\u1ef9 thu\u1eadt: + T\u1ed1c \u0111\u1ed9 copy\/In: 25 trang\/ ph\u00fat<\/p>\n","protected":false},"featured_media":31969,"comment_status":"open","ping_status":"closed","template":"","meta":[],"product_brand":[133],"product_cat":[91],"product_tag":[],"class_list":{"0":"post-31968","1":"product","2":"type-product","3":"status-publish","4":"has-post-thumbnail","6":"product_brand-may-photocopy","7":"product_cat-thiet-bi-cntt","9":"first","10":"instock","11":"shipping-taxable","12":"product-type-simple"},"_links":{"self":[{"href":"https:\/\/108giahoa.com\/index.php?rest_route=\/wp\/v2\/product\/31968","targetHints":{"allow":["GET"]}}],"collection":[{"href":"https:\/\/108giahoa.com\/index.php?rest_route=\/wp\/v2\/product"}],"about":[{"href":"https:\/\/108giahoa.com\/index.php?rest_route=\/wp\/v2\/types\/product"}],"replies":[{"embeddable":true,"href":"https:\/\/108giahoa.com\/index.php?rest_route=%2Fwp%2Fv2%2Fcomments&post=31968"}],"version-history":[{"count":2,"href":"https:\/\/108giahoa.com\/index.php?rest_route=\/wp\/v2\/product\/31968\/revisions"}],"predecessor-version":[{"id":31971,"href":"https:\/\/108giahoa.com\/index.php?rest_route=\/wp\/v2\/product\/31968\/revisions\/31971"}],"wp:featuredmedia":[{"embeddable":true,"href":"https:\/\/108giahoa.com\/index.php?rest_route=\/wp\/v2\/media\/31969"}],"wp:attachment":[{"href":"https:\/\/108giahoa.com\/index.php?rest_route=%2Fwp%2Fv2%2Fmedia&parent=31968"}],"wp:term":[{"taxonomy":"product_brand","embeddable":true,"href":"https:\/\/108giahoa.com\/index.php?rest_route=%2Fwp%2Fv2%2Fproduct_brand&post=31968"},{"taxonomy":"product_cat","embeddable":true,"href":"https:\/\/108giahoa.com\/index.php?rest_route=%2Fwp%2Fv2%2Fproduct_cat&post=31968"},{"taxonomy":"product_tag","embeddable":true,"href":"https:\/\/108giahoa.com\/index.php?rest_route=%2Fwp%2Fv2%2Fproduct_tag&post=31968"}],"curies":[{"name":"wp","href":"https:\/\/api.w.org\/{rel}","templated":true}]}}