{"id":31984,"date":"2026-03-27T08:19:15","date_gmt":"2026-03-27T08:19:15","guid":{"rendered":"https:\/\/108giahoa.com\/?post_type=product&#038;p=31984"},"modified":"2026-03-27T08:19:17","modified_gmt":"2026-03-27T08:19:17","slug":"may-photocopy-fujifilm-apeos-5570","status":"publish","type":"product","link":"https:\/\/108giahoa.com\/?product=may-photocopy-fujifilm-apeos-5570","title":{"rendered":"M\u00e1y photocopy FUJIFILM Apeos 5570"},"content":{"rendered":"<p>Ch\u1ee9c n\u0103ng chu\u1ea9n: Copy\/In m\u1ea1ng\/Scan m\u1ea1ng m\u00e0u- SPDF &#8211; Duplex<br \/>\nTh\u00f4ng s\u1ed1 k\u1ef9 thu\u1eadt:<br \/>\n+ T\u1ed1c \u0111\u1ed9 copy\/In: 55 trang\/ ph\u00fat<br \/>\n+ T\u1ed1c \u0111\u1ed9 scan: 80 trang\/ ph\u00fat ( m\u00e0u, \u0111en tr\u1eafng)<br \/>\n+ Qu\u00e9t 1 l\u1ea7n 2 m\u1eb7t b\u1ea3n g\u1ed1c 160 ipm\/ ph\u00fat<br \/>\n+ B\u1ed9 nh\u1edb: 4GB<br \/>\n+ \u1ed4 c\u1ee9ng: SSD 128GB<br \/>\n+ 02 khay n\u1ea1p gi\u1ea5y ch\u00ednh (520 t\u1edd\/khay)<br \/>\n+ 01 khay gi\u1ea5y tay (90 t\u1edd)<br \/>\n+ Kh\u1ed5 gi\u1ea5y A5 -A3<br \/>\n+ Sao ch\u1ee5p li\u00ean t\u1ee5c: 999 t\u1edd<br \/>\n+ T\u1ec9 l\u1ec7 thu ph\u00f3ng: 25% &#8211; 400%<br \/>\n+ B\u1ed9 n\u1ea1p v\u00e0 \u0111\u1ea3o b\u1ea3n g\u1ed1c t\u1ef1 \u0111\u1ed9ng (SPDF\/130 t\u1edd) &#8211; C\u00f3 s\u1eb5n<br \/>\n+ B\u1ed9 \u0111\u1ea3o b\u1ea3n sao t\u1ef1 \u0111\u1ed9ng (Duplex)<br \/>\n+ Chia b\u1ed9 b\u1ea3n sao so le<br \/>\n+ Giao di\u1ec7n \u0111i\u1ec1u khi\u1ec3n: LCD m\u00e0u 10.1 inch<br \/>\n+ Chu\u1ea9n k\u1ebft n\u1ed1i: Ethernet 10\/100\/1000Base -TX, USB3.0<br \/>\n+ T\u00ednh n\u0103ng scan \u0111\u1ebfn Email, Mailbox, PC\/server<br \/>\n+ B\u1ea3o h\u00e0nh: 150.000 b\u1ea3n ho\u1eb7c 12 th\u00e1ng t\u00f9y \u0111i\u1ec1u ki\u1ec7n n\u00e0o t\u1edbi tr\u01b0\u1edbc.<\/p>\n","protected":false},"excerpt":{"rendered":"<p>Ch\u1ee9c n\u0103ng chu\u1ea9n: Copy\/In m\u1ea1ng\/Scan m\u1ea1ng m\u00e0u- SPDF &#8211; Duplex Th\u00f4ng s\u1ed1 k\u1ef9 thu\u1eadt: + T\u1ed1c \u0111\u1ed9 copy\/In: 55 trang\/<\/p>\n","protected":false},"featured_media":31985,"comment_status":"open","ping_status":"closed","template":"","meta":[],"product_brand":[133],"product_cat":[91],"product_tag":[],"class_list":{"0":"post-31984","1":"product","2":"type-product","3":"status-publish","4":"has-post-thumbnail","6":"product_brand-may-photocopy","7":"product_cat-thiet-bi-cntt","9":"first","10":"instock","11":"shipping-taxable","12":"product-type-simple"},"_links":{"self":[{"href":"https:\/\/108giahoa.com\/index.php?rest_route=\/wp\/v2\/product\/31984","targetHints":{"allow":["GET"]}}],"collection":[{"href":"https:\/\/108giahoa.com\/index.php?rest_route=\/wp\/v2\/product"}],"about":[{"href":"https:\/\/108giahoa.com\/index.php?rest_route=\/wp\/v2\/types\/product"}],"replies":[{"embeddable":true,"href":"https:\/\/108giahoa.com\/index.php?rest_route=%2Fwp%2Fv2%2Fcomments&post=31984"}],"version-history":[{"count":1,"href":"https:\/\/108giahoa.com\/index.php?rest_route=\/wp\/v2\/product\/31984\/revisions"}],"predecessor-version":[{"id":31986,"href":"https:\/\/108giahoa.com\/index.php?rest_route=\/wp\/v2\/product\/31984\/revisions\/31986"}],"wp:featuredmedia":[{"embeddable":true,"href":"https:\/\/108giahoa.com\/index.php?rest_route=\/wp\/v2\/media\/31985"}],"wp:attachment":[{"href":"https:\/\/108giahoa.com\/index.php?rest_route=%2Fwp%2Fv2%2Fmedia&parent=31984"}],"wp:term":[{"taxonomy":"product_brand","embeddable":true,"href":"https:\/\/108giahoa.com\/index.php?rest_route=%2Fwp%2Fv2%2Fproduct_brand&post=31984"},{"taxonomy":"product_cat","embeddable":true,"href":"https:\/\/108giahoa.com\/index.php?rest_route=%2Fwp%2Fv2%2Fproduct_cat&post=31984"},{"taxonomy":"product_tag","embeddable":true,"href":"https:\/\/108giahoa.com\/index.php?rest_route=%2Fwp%2Fv2%2Fproduct_tag&post=31984"}],"curies":[{"name":"wp","href":"https:\/\/api.w.org\/{rel}","templated":true}]}}