{"id":32069,"date":"2026-03-30T01:02:40","date_gmt":"2026-03-30T01:02:40","guid":{"rendered":"https:\/\/108giahoa.com\/?post_type=product&#038;p=32069"},"modified":"2026-03-30T01:02:41","modified_gmt":"2026-03-30T01:02:41","slug":"ban-chu-nhat-inox","status":"publish","type":"product","link":"https:\/\/108giahoa.com\/?product=ban-chu-nhat-inox","title":{"rendered":"B\u00e0n ch\u1eef nh\u1eadt inox"},"content":{"rendered":"<p>B\u00e0n ch\u1eef nh\u1eadt inox :<\/p>\n<p>\u2013 k\u00edch th\u01b0\u1edbc: 0.7\u00d71.2\u00d70.75m, ch\u00e2n b\u00e0n s\u1eed d\u1ee5ng \u1ed1ng phi 32x1mm, m\u1eb7t b\u00e0n d\u00e0y 1mm<\/p>\n<p>\u2013 V\u1eadt li\u1ec7u l\u00e0m b\u00e0n inox: inox sus 201 ho\u1eb7c sus 304<\/p>\n","protected":false},"excerpt":{"rendered":"<p>B\u00e0n ch\u1eef nh\u1eadt inox : \u2013 k\u00edch th\u01b0\u1edbc: 0.7\u00d71.2\u00d70.75m, ch\u00e2n b\u00e0n s\u1eed d\u1ee5ng \u1ed1ng phi 32x1mm, m\u1eb7t b\u00e0n d\u00e0y 1mm<\/p>\n","protected":false},"featured_media":32070,"comment_status":"open","ping_status":"closed","template":"","meta":[],"product_brand":[198],"product_cat":[196],"product_tag":[],"class_list":{"0":"post-32069","1":"product","2":"type-product","3":"status-publish","4":"has-post-thumbnail","6":"product_brand-ban-cac-loai","7":"product_cat-thiet-bi-nha-bep","9":"first","10":"instock","11":"shipping-taxable","12":"product-type-simple"},"_links":{"self":[{"href":"https:\/\/108giahoa.com\/index.php?rest_route=\/wp\/v2\/product\/32069","targetHints":{"allow":["GET"]}}],"collection":[{"href":"https:\/\/108giahoa.com\/index.php?rest_route=\/wp\/v2\/product"}],"about":[{"href":"https:\/\/108giahoa.com\/index.php?rest_route=\/wp\/v2\/types\/product"}],"replies":[{"embeddable":true,"href":"https:\/\/108giahoa.com\/index.php?rest_route=%2Fwp%2Fv2%2Fcomments&post=32069"}],"version-history":[{"count":1,"href":"https:\/\/108giahoa.com\/index.php?rest_route=\/wp\/v2\/product\/32069\/revisions"}],"predecessor-version":[{"id":32071,"href":"https:\/\/108giahoa.com\/index.php?rest_route=\/wp\/v2\/product\/32069\/revisions\/32071"}],"wp:featuredmedia":[{"embeddable":true,"href":"https:\/\/108giahoa.com\/index.php?rest_route=\/wp\/v2\/media\/32070"}],"wp:attachment":[{"href":"https:\/\/108giahoa.com\/index.php?rest_route=%2Fwp%2Fv2%2Fmedia&parent=32069"}],"wp:term":[{"taxonomy":"product_brand","embeddable":true,"href":"https:\/\/108giahoa.com\/index.php?rest_route=%2Fwp%2Fv2%2Fproduct_brand&post=32069"},{"taxonomy":"product_cat","embeddable":true,"href":"https:\/\/108giahoa.com\/index.php?rest_route=%2Fwp%2Fv2%2Fproduct_cat&post=32069"},{"taxonomy":"product_tag","embeddable":true,"href":"https:\/\/108giahoa.com\/index.php?rest_route=%2Fwp%2Fv2%2Fproduct_tag&post=32069"}],"curies":[{"name":"wp","href":"https:\/\/api.w.org\/{rel}","templated":true}]}}