{"id":32191,"date":"2026-03-30T06:47:33","date_gmt":"2026-03-30T06:47:33","guid":{"rendered":"https:\/\/108giahoa.com\/?post_type=product&#038;p=32191"},"modified":"2026-03-30T07:33:58","modified_gmt":"2026-03-30T07:33:58","slug":"bo-dieu-khien-trung-tam-toa-ts-690-as","status":"publish","type":"product","link":"https:\/\/108giahoa.com\/?product=bo-dieu-khien-trung-tam-toa-ts-690-as","title":{"rendered":"B\u1ed9 \u0111i\u1ec1u khi\u1ec3n trung t\u00e2m TOA TS-690-AS"},"content":{"rendered":"<p><strong>Amply trung t\u00e2m d\u00f9ng cho h\u1ed9i th\u1ea3o TOA TS-690 AS<\/strong><\/p>\n<table style=\"height: 492px;\" width=\"756\">\n<tbody>\n<tr>\n<td width=\"263\">&#8211; Ngu\u1ed3n \u0111i\u1ec7n: 220 &#8211; 240 V AC, 50\/60 Hz<\/td>\n<\/tr>\n<tr>\n<td width=\"263\">&#8211; Ngu\u1ed3n \u0111i\u1ec7n ti\u00eau th\u1ee5: 20W<\/td>\n<\/tr>\n<tr>\n<td width=\"263\">&#8211; Ngu\u1ed3n \u0111i\u1ec7n\/ d\u00f2ng ra: 36V DC, 480 Ma<\/td>\n<\/tr>\n<tr>\n<td width=\"263\">&#8211; Ng\u00f5 v\u00e0o: C\u00f3 th\u1ec3 l\u1ef1a ch\u1ecdn gi\u1eefa Ng\u00f5 v\u00e0o m\u1ee9c MIC v\u00e0 AUX<\/td>\n<\/tr>\n<tr>\n<td width=\"263\">+ MIC: -60dB*, 600 \u03a9, kh\u00f4ng c\u00e2n b\u1eb1ng, gi\u1eafc 6 ly<\/td>\n<\/tr>\n<tr>\n<td width=\"263\">+ AUX: -20 dB*, 10 k\u03a9, kh\u00f4ng c\u00e2n b\u1eb1ng, gi\u1eafc 6 ly<\/td>\n<\/tr>\n<tr>\n<td width=\"263\">&#8211; Ng\u00f5 ra: Ghi \u00e2m: -20dB*, 10 k\u03a9, kh\u00f4ng c\u00e2n b\u1eb1ng, gi\u1eafc RCA<\/td>\n<\/tr>\n<tr>\n<td width=\"263\">&#8211; S\u1ed1 l\u01b0\u1ee3ng thi\u1ebft b\u1ecb k\u1ebft n\u1ed1i t\u1ed1i \u0111a: 24 thi\u1ebft b\u1ecb<\/td>\n<\/tr>\n<tr>\n<td width=\"263\">&#8211; Nhi\u1ec7t \u0111\u1ed9 ho\u1ea1t \u0111\u1ed9ng: 0 \u00b0C t\u1edbi +40 \u00b0C<\/td>\n<\/tr>\n<tr>\n<td width=\"263\">&#8211; Kh\u1ed1i l\u01b0\u1ee3ng:\u00a0 2.7 kg<\/td>\n<\/tr>\n<\/tbody>\n<\/table>\n","protected":false},"excerpt":{"rendered":"<p>Amply trung t\u00e2m d\u00f9ng cho h\u1ed9i th\u1ea3o TOA TS-690 AS &#8211; Ngu\u1ed3n \u0111i\u1ec7n: 220 &#8211; 240 V AC, 50\/60 Hz<\/p>\n","protected":false},"featured_media":32192,"comment_status":"open","ping_status":"closed","template":"","meta":[],"product_brand":[218,220],"product_cat":[90],"product_tag":[],"class_list":{"0":"post-32191","1":"product","2":"type-product","3":"status-publish","4":"has-post-thumbnail","6":"product_brand-am-thanh-toa","7":"product_brand-amply","8":"product_cat-thiet-bi-am-thanh","10":"first","11":"instock","12":"shipping-taxable","13":"product-type-simple"},"_links":{"self":[{"href":"https:\/\/108giahoa.com\/index.php?rest_route=\/wp\/v2\/product\/32191","targetHints":{"allow":["GET"]}}],"collection":[{"href":"https:\/\/108giahoa.com\/index.php?rest_route=\/wp\/v2\/product"}],"about":[{"href":"https:\/\/108giahoa.com\/index.php?rest_route=\/wp\/v2\/types\/product"}],"replies":[{"embeddable":true,"href":"https:\/\/108giahoa.com\/index.php?rest_route=%2Fwp%2Fv2%2Fcomments&post=32191"}],"version-history":[{"count":1,"href":"https:\/\/108giahoa.com\/index.php?rest_route=\/wp\/v2\/product\/32191\/revisions"}],"predecessor-version":[{"id":32193,"href":"https:\/\/108giahoa.com\/index.php?rest_route=\/wp\/v2\/product\/32191\/revisions\/32193"}],"wp:featuredmedia":[{"embeddable":true,"href":"https:\/\/108giahoa.com\/index.php?rest_route=\/wp\/v2\/media\/32192"}],"wp:attachment":[{"href":"https:\/\/108giahoa.com\/index.php?rest_route=%2Fwp%2Fv2%2Fmedia&parent=32191"}],"wp:term":[{"taxonomy":"product_brand","embeddable":true,"href":"https:\/\/108giahoa.com\/index.php?rest_route=%2Fwp%2Fv2%2Fproduct_brand&post=32191"},{"taxonomy":"product_cat","embeddable":true,"href":"https:\/\/108giahoa.com\/index.php?rest_route=%2Fwp%2Fv2%2Fproduct_cat&post=32191"},{"taxonomy":"product_tag","embeddable":true,"href":"https:\/\/108giahoa.com\/index.php?rest_route=%2Fwp%2Fv2%2Fproduct_tag&post=32191"}],"curies":[{"name":"wp","href":"https:\/\/api.w.org\/{rel}","templated":true}]}}