{"id":32203,"date":"2026-03-30T06:59:00","date_gmt":"2026-03-30T06:59:00","guid":{"rendered":"https:\/\/108giahoa.com\/?post_type=product&#038;p=32203"},"modified":"2026-03-30T07:30:46","modified_gmt":"2026-03-30T07:30:46","slug":"loa-hop-mau-den-30w-toa-bs-1030b","status":"publish","type":"product","link":"https:\/\/108giahoa.com\/?product=loa-hop-mau-den-30w-toa-bs-1030b","title":{"rendered":"Loa h\u1ed9p m\u00e0u \u0111en 30W TOA BS-1030B"},"content":{"rendered":"<table style=\"height: 498px;\" width=\"1003\">\n<tbody>\n<tr>\n<td width=\"263\">&#8211; Lo\u1ea1i: 2way<\/td>\n<\/tr>\n<tr>\n<td width=\"263\">&#8211; C\u00f4ng su\u1ea5t: 30 W<\/td>\n<\/tr>\n<tr>\n<td width=\"263\">&#8211; Tr\u1edf kh\u00e1ng: c\u00f3 th\u1ec3 thay \u0111\u1ed5i tr\u1edf kh\u00e1ng d\u1ec5 d\u00e0ng t\u1eeb m\u1ee9c tr\u1edf kh\u00e1ng cao(70V\/100V line) xu\u1ed1ng m\u1ee9c tr\u1edf kh\u00e1ng th\u1ea5p(8\u03a9)<\/td>\n<\/tr>\n<tr>\n<td width=\"263\">&#8211; C\u01b0\u1eddng \u0111\u1ed9 \u00e2m: 90 dB (1 W, 1 m)<\/td>\n<\/tr>\n<tr>\n<td width=\"263\">&#8211; \u0110\u00e1p tuy\u1ebfn t\u1ea7n s\u1ed1: 80 Hz &#8211; 20 kHz<\/td>\n<\/tr>\n<tr>\n<td width=\"263\">&#8211; Th\u00e0nh ph\u1ea7n loa: Loa h\u00ecnh n\u00f3n + v\u00f2m \u0111\u01b0\u1eddng k\u00ednh 12 cm<\/td>\n<\/tr>\n<tr>\n<td width=\"263\">&#8211; Nhi\u1ec7t \u0111\u1ed9 ho\u1ea1t \u0111\u1ed9ng: 10 \u2103 t\u1edbi +50 \u2103<\/td>\n<\/tr>\n<tr>\n<td width=\"263\">&#8211; V\u1eadt li\u1ec7u: V\u1ecf Nh\u1ef1a ABS, m\u00e0u \u0111en, m\u1eb7t l\u01b0\u1edbi m\u1ea1 s\u01a1n t\u0129nh \u0111i\u1ec7n, m\u00e0u \u0111en<\/td>\n<\/tr>\n<tr>\n<td width=\"263\">&#8211; K\u00edch th\u01b0\u1edbc: 196 (R) \u00d7 290 (C) \u00d7 150 (S) mm<\/td>\n<\/tr>\n<tr>\n<td width=\"263\">&#8211; Tr\u1ecdng l\u01b0\u1ee3ng: 2.5kg<\/td>\n<\/tr>\n<\/tbody>\n<\/table>\n","protected":false},"excerpt":{"rendered":"<p>&#8211; Lo\u1ea1i: 2way &#8211; C\u00f4ng su\u1ea5t: 30 W &#8211; Tr\u1edf kh\u00e1ng: c\u00f3 th\u1ec3 thay \u0111\u1ed5i tr\u1edf kh\u00e1ng d\u1ec5 d\u00e0ng t\u1eeb<\/p>\n","protected":false},"featured_media":32204,"comment_status":"open","ping_status":"closed","template":"","meta":[],"product_brand":[218,224],"product_cat":[90],"product_tag":[],"class_list":{"0":"post-32203","1":"product","2":"type-product","3":"status-publish","4":"has-post-thumbnail","6":"product_brand-am-thanh-toa","7":"product_brand-loa-treo-tuong","8":"product_cat-thiet-bi-am-thanh","10":"first","11":"instock","12":"shipping-taxable","13":"product-type-simple"},"_links":{"self":[{"href":"https:\/\/108giahoa.com\/index.php?rest_route=\/wp\/v2\/product\/32203","targetHints":{"allow":["GET"]}}],"collection":[{"href":"https:\/\/108giahoa.com\/index.php?rest_route=\/wp\/v2\/product"}],"about":[{"href":"https:\/\/108giahoa.com\/index.php?rest_route=\/wp\/v2\/types\/product"}],"replies":[{"embeddable":true,"href":"https:\/\/108giahoa.com\/index.php?rest_route=%2Fwp%2Fv2%2Fcomments&post=32203"}],"version-history":[{"count":1,"href":"https:\/\/108giahoa.com\/index.php?rest_route=\/wp\/v2\/product\/32203\/revisions"}],"predecessor-version":[{"id":32205,"href":"https:\/\/108giahoa.com\/index.php?rest_route=\/wp\/v2\/product\/32203\/revisions\/32205"}],"wp:featuredmedia":[{"embeddable":true,"href":"https:\/\/108giahoa.com\/index.php?rest_route=\/wp\/v2\/media\/32204"}],"wp:attachment":[{"href":"https:\/\/108giahoa.com\/index.php?rest_route=%2Fwp%2Fv2%2Fmedia&parent=32203"}],"wp:term":[{"taxonomy":"product_brand","embeddable":true,"href":"https:\/\/108giahoa.com\/index.php?rest_route=%2Fwp%2Fv2%2Fproduct_brand&post=32203"},{"taxonomy":"product_cat","embeddable":true,"href":"https:\/\/108giahoa.com\/index.php?rest_route=%2Fwp%2Fv2%2Fproduct_cat&post=32203"},{"taxonomy":"product_tag","embeddable":true,"href":"https:\/\/108giahoa.com\/index.php?rest_route=%2Fwp%2Fv2%2Fproduct_tag&post=32203"}],"curies":[{"name":"wp","href":"https:\/\/api.w.org\/{rel}","templated":true}]}}