{"id":32219,"date":"2026-03-30T07:18:34","date_gmt":"2026-03-30T07:18:34","guid":{"rendered":"https:\/\/108giahoa.com\/?post_type=product&#038;p=32219"},"modified":"2026-03-30T07:18:36","modified_gmt":"2026-03-30T07:18:36","slug":"may-chu-toa-kem-mic-can-dai-ava-sxa-680c","status":"publish","type":"product","link":"https:\/\/108giahoa.com\/?product=may-chu-toa-kem-mic-can-dai-ava-sxa-680c","title":{"rendered":"M\u00e1y ch\u1ee7 to\u1ea1 k\u00e8m m\u00edc (c\u1ea7n d\u00e0i) AVA SXA-680C"},"content":{"rendered":"<table style=\"height: 341px;\" width=\"1063\">\n<tbody>\n<tr>\n<td width=\"263\">&#8211; C\u00f3 ch\u1ee9c n\u0103ng ph\u00edm \u01b0u ti\u00ean ki\u1ec3m so\u00e1t ho\u00e0n to\u00e0n th\u1ee9 t\u1ef1 c\u1ee7a h\u1ed9i ngh\u1ecb, C\u00f3 th\u1ec3 t\u1eaft t\u1ea5t c\u1ea3 c\u00e1c \u0111\u01a1n v\u1ecb \u0111\u1ea1i di\u1ec7n \u0111ang m\u1edf<\/td>\n<\/tr>\n<tr>\n<td width=\"263\">&#8211; B\u1ed9 micr\u00f4 s\u1eed d\u1ee5ng m\u00e0n h\u00ecnh hi\u1ec3n th\u1ecb m\u00e0u.<\/td>\n<\/tr>\n<tr>\n<td width=\"263\">&#8211; Kho\u1ea3ng c\u00e1ch n\u00f3i r\u00f5 10-40 cm, kho\u1ea3ng c\u00e1ch thu 50-80cm<\/td>\n<\/tr>\n<tr>\n<td width=\"263\">&#8211; Ngu\u1ed3n DC24V<\/td>\n<\/tr>\n<tr>\n<td width=\"263\">&#8211; \u0110\u1ed9 nh\u1ea1y -47Db<\/td>\n<\/tr>\n<tr>\n<td width=\"263\">&#8211; \u0110\u1ea7u v\u00e0o v\u00e0 \u0111\u1ea7u ra 8P-DINx3<\/td>\n<\/tr>\n<tr>\n<td width=\"263\">&#8211; \u0110\u00e1p \u1ee9ng t\u1ea7n s\u1ed1 100Hz -10KHz<\/td>\n<\/tr>\n<tr>\n<td width=\"263\">&#8211; Chi\u1ec1u d\u00e0i micro 520mm<\/td>\n<\/tr>\n<\/tbody>\n<\/table>\n","protected":false},"excerpt":{"rendered":"<p>&#8211; C\u00f3 ch\u1ee9c n\u0103ng ph\u00edm \u01b0u ti\u00ean ki\u1ec3m so\u00e1t ho\u00e0n to\u00e0n th\u1ee9 t\u1ef1 c\u1ee7a h\u1ed9i ngh\u1ecb, C\u00f3 th\u1ec3 t\u1eaft t\u1ea5t<\/p>\n","protected":false},"featured_media":32220,"comment_status":"open","ping_status":"closed","template":"","meta":[],"product_brand":[221],"product_cat":[90],"product_tag":[],"class_list":{"0":"post-32219","1":"product","2":"type-product","3":"status-publish","4":"has-post-thumbnail","6":"product_brand-micro-chu-tich-can-dai","7":"product_cat-thiet-bi-am-thanh","9":"first","10":"instock","11":"shipping-taxable","12":"product-type-simple"},"_links":{"self":[{"href":"https:\/\/108giahoa.com\/index.php?rest_route=\/wp\/v2\/product\/32219","targetHints":{"allow":["GET"]}}],"collection":[{"href":"https:\/\/108giahoa.com\/index.php?rest_route=\/wp\/v2\/product"}],"about":[{"href":"https:\/\/108giahoa.com\/index.php?rest_route=\/wp\/v2\/types\/product"}],"replies":[{"embeddable":true,"href":"https:\/\/108giahoa.com\/index.php?rest_route=%2Fwp%2Fv2%2Fcomments&post=32219"}],"version-history":[{"count":1,"href":"https:\/\/108giahoa.com\/index.php?rest_route=\/wp\/v2\/product\/32219\/revisions"}],"predecessor-version":[{"id":32221,"href":"https:\/\/108giahoa.com\/index.php?rest_route=\/wp\/v2\/product\/32219\/revisions\/32221"}],"wp:featuredmedia":[{"embeddable":true,"href":"https:\/\/108giahoa.com\/index.php?rest_route=\/wp\/v2\/media\/32220"}],"wp:attachment":[{"href":"https:\/\/108giahoa.com\/index.php?rest_route=%2Fwp%2Fv2%2Fmedia&parent=32219"}],"wp:term":[{"taxonomy":"product_brand","embeddable":true,"href":"https:\/\/108giahoa.com\/index.php?rest_route=%2Fwp%2Fv2%2Fproduct_brand&post=32219"},{"taxonomy":"product_cat","embeddable":true,"href":"https:\/\/108giahoa.com\/index.php?rest_route=%2Fwp%2Fv2%2Fproduct_cat&post=32219"},{"taxonomy":"product_tag","embeddable":true,"href":"https:\/\/108giahoa.com\/index.php?rest_route=%2Fwp%2Fv2%2Fproduct_tag&post=32219"}],"curies":[{"name":"wp","href":"https:\/\/api.w.org\/{rel}","templated":true}]}}