{"id":32222,"date":"2026-03-30T07:21:46","date_gmt":"2026-03-30T07:21:46","guid":{"rendered":"https:\/\/108giahoa.com\/?post_type=product&#038;p=32222"},"modified":"2026-03-30T07:21:48","modified_gmt":"2026-03-30T07:21:48","slug":"may-dai-bieu-kem-mic-can-dai-ava-sxa-680d","status":"publish","type":"product","link":"https:\/\/108giahoa.com\/?product=may-dai-bieu-kem-mic-can-dai-ava-sxa-680d","title":{"rendered":"M\u00e1y \u0111\u1ea1i bi\u1ec3u k\u00e8m m\u00edc (c\u1ea7n d\u00e0i) AVA SXA-680D"},"content":{"rendered":"<table style=\"height: 232px;\" width=\"883\">\n<tbody>\n<tr>\n<td width=\"263\">&#8211; B\u1ed9 micr\u00f4 s\u1eed d\u1ee5ng m\u00e0n h\u00ecnh hi\u1ec3n th\u1ecb m\u00e0u.<\/td>\n<\/tr>\n<tr>\n<td width=\"263\">&#8211; Kho\u1ea3ng c\u00e1ch n\u00f3i r\u00f5 10-40 cm, kho\u1ea3ng c\u00e1ch thu 50-80cm<\/td>\n<\/tr>\n<tr>\n<td width=\"263\">&#8211; Ngu\u1ed3n DC24V<\/td>\n<\/tr>\n<tr>\n<td width=\"263\">&#8211; \u0110\u1ed9 nh\u1ea1y -47Db<\/td>\n<\/tr>\n<tr>\n<td width=\"263\">&#8211; \u0110\u1ea7u v\u00e0o v\u00e0 \u0111\u1ea7u ra 8P-DINx3<\/td>\n<\/tr>\n<tr>\n<td width=\"263\">&#8211; \u0110\u00e1p \u1ee9ng t\u1ea7n s\u1ed1 100Hz -10KHz<\/td>\n<\/tr>\n<tr>\n<td width=\"263\">&#8211; Chi\u1ec1u d\u00e0i micro 520mm<\/td>\n<\/tr>\n<\/tbody>\n<\/table>\n","protected":false},"excerpt":{"rendered":"<p>&#8211; B\u1ed9 micr\u00f4 s\u1eed d\u1ee5ng m\u00e0n h\u00ecnh hi\u1ec3n th\u1ecb m\u00e0u. &#8211; Kho\u1ea3ng c\u00e1ch n\u00f3i r\u00f5 10-40 cm, kho\u1ea3ng c\u00e1ch thu<\/p>\n","protected":false},"featured_media":32223,"comment_status":"open","ping_status":"closed","template":"","meta":[],"product_brand":[222],"product_cat":[90],"product_tag":[],"class_list":{"0":"post-32222","1":"product","2":"type-product","3":"status-publish","4":"has-post-thumbnail","6":"product_brand-micro-dai-bieu-can-dai","7":"product_cat-thiet-bi-am-thanh","9":"first","10":"instock","11":"shipping-taxable","12":"product-type-simple"},"_links":{"self":[{"href":"https:\/\/108giahoa.com\/index.php?rest_route=\/wp\/v2\/product\/32222","targetHints":{"allow":["GET"]}}],"collection":[{"href":"https:\/\/108giahoa.com\/index.php?rest_route=\/wp\/v2\/product"}],"about":[{"href":"https:\/\/108giahoa.com\/index.php?rest_route=\/wp\/v2\/types\/product"}],"replies":[{"embeddable":true,"href":"https:\/\/108giahoa.com\/index.php?rest_route=%2Fwp%2Fv2%2Fcomments&post=32222"}],"version-history":[{"count":2,"href":"https:\/\/108giahoa.com\/index.php?rest_route=\/wp\/v2\/product\/32222\/revisions"}],"predecessor-version":[{"id":32225,"href":"https:\/\/108giahoa.com\/index.php?rest_route=\/wp\/v2\/product\/32222\/revisions\/32225"}],"wp:featuredmedia":[{"embeddable":true,"href":"https:\/\/108giahoa.com\/index.php?rest_route=\/wp\/v2\/media\/32223"}],"wp:attachment":[{"href":"https:\/\/108giahoa.com\/index.php?rest_route=%2Fwp%2Fv2%2Fmedia&parent=32222"}],"wp:term":[{"taxonomy":"product_brand","embeddable":true,"href":"https:\/\/108giahoa.com\/index.php?rest_route=%2Fwp%2Fv2%2Fproduct_brand&post=32222"},{"taxonomy":"product_cat","embeddable":true,"href":"https:\/\/108giahoa.com\/index.php?rest_route=%2Fwp%2Fv2%2Fproduct_cat&post=32222"},{"taxonomy":"product_tag","embeddable":true,"href":"https:\/\/108giahoa.com\/index.php?rest_route=%2Fwp%2Fv2%2Fproduct_tag&post=32222"}],"curies":[{"name":"wp","href":"https:\/\/api.w.org\/{rel}","templated":true}]}}