{"id":32247,"date":"2026-03-30T07:46:07","date_gmt":"2026-03-30T07:46:07","guid":{"rendered":"https:\/\/108giahoa.com\/?post_type=product&#038;p=32247"},"modified":"2026-03-30T07:46:07","modified_gmt":"2026-03-30T07:46:07","slug":"may-dai-bieu-kem-can-micro-toa-ts-v92du","status":"publish","type":"product","link":"https:\/\/108giahoa.com\/?product=may-dai-bieu-kem-can-micro-toa-ts-v92du","title":{"rendered":"M\u00e1y \u0111\u1ea1i bi\u1ec3u k\u00e8m c\u1ea7n micro Toa TS-V92DU"},"content":{"rendered":"<table style=\"height: 385px;\" width=\"995\">\n<tbody>\n<tr>\n<td width=\"324\">&#8211; Ngu\u1ed3n \u0111i\u1ec7n 36 V DC, 30 mA ho\u1eb7c nh\u1ecf h\u01a1n (cung c\u1ea5p t\u1eeb b\u1ed9 x\u1eed l\u00fd trung t\u00e2m TS-V90MU)<\/td>\n<\/tr>\n<tr>\n<td width=\"324\">&#8211; Tai nghe\/Ghi \u00e2m: \u00d83.5mm, gi\u1eafc nh\u1ecf (3P: mono)<\/td>\n<\/tr>\n<tr>\n<td width=\"324\">&#8211; Loa t\u00edch h\u1ee3p: 130 \u03a9, 200<\/td>\n<\/tr>\n<tr>\n<td width=\"324\">&#8211; N\u00fat ph\u00e1t bi\u1ec3u: \u0110i\u1ec1u khi\u1ec3n Micro, b\u1eadt-t\u1eaft loa b\u1eb1ng n\u00fat ph\u00e1t bi\u1ec3u<\/td>\n<\/tr>\n<tr>\n<td width=\"324\">&#8211; \u0110i\u1ec1u ch\u1ec9nh \u00e2m l\u01b0\u1ee3ng: C\u00f3 th\u1ec3 \u0111i\u1ec1u ch\u1ec9nh \u00e2m l\u01b0\u1ee3ng tai nghe\/ghi \u00e2m v\u00e0 loa t\u00edch h\u1ee3p.<\/td>\n<\/tr>\n<tr>\n<td width=\"324\">&#8211; Ki\u1ec3u Micro \u0110i\u1ec7n dung<\/td>\n<\/tr>\n<tr>\n<td width=\"324\">&#8211; H\u01b0\u1edbng t\u00ednh \u0110\u01a1n h\u01b0\u1edbng<\/td>\n<\/tr>\n<tr>\n<td width=\"324\">&#8211; Tr\u1edf kh\u00e1ng 1.8k<\/td>\n<\/tr>\n<tr>\n<td width=\"324\">&#8211; \u0110\u1ed9 nh\u1ea1y -37 dB (1kHz, 0 dB = 1V\/Pa)<\/td>\n<\/tr>\n<tr>\n<td width=\"324\">&#8211; \u0110\u00e1p tuy\u1ebfn t\u1ea7n s\u1ed1 100 Hz &#8211; 13 kHz<\/td>\n<\/tr>\n<\/tbody>\n<\/table>\n","protected":false},"excerpt":{"rendered":"<p>&#8211; Ngu\u1ed3n \u0111i\u1ec7n 36 V DC, 30 mA ho\u1eb7c nh\u1ecf h\u01a1n (cung c\u1ea5p t\u1eeb b\u1ed9 x\u1eed l\u00fd trung t\u00e2m TS-V90MU)<\/p>\n","protected":false},"featured_media":32248,"comment_status":"open","ping_status":"closed","template":"","meta":[],"product_brand":[218,222],"product_cat":[90],"product_tag":[],"class_list":{"0":"post-32247","1":"product","2":"type-product","3":"status-publish","4":"has-post-thumbnail","6":"product_brand-am-thanh-toa","7":"product_brand-micro-dai-bieu-can-dai","8":"product_cat-thiet-bi-am-thanh","10":"first","11":"instock","12":"shipping-taxable","13":"product-type-simple"},"_links":{"self":[{"href":"https:\/\/108giahoa.com\/index.php?rest_route=\/wp\/v2\/product\/32247","targetHints":{"allow":["GET"]}}],"collection":[{"href":"https:\/\/108giahoa.com\/index.php?rest_route=\/wp\/v2\/product"}],"about":[{"href":"https:\/\/108giahoa.com\/index.php?rest_route=\/wp\/v2\/types\/product"}],"replies":[{"embeddable":true,"href":"https:\/\/108giahoa.com\/index.php?rest_route=%2Fwp%2Fv2%2Fcomments&post=32247"}],"version-history":[{"count":1,"href":"https:\/\/108giahoa.com\/index.php?rest_route=\/wp\/v2\/product\/32247\/revisions"}],"predecessor-version":[{"id":32249,"href":"https:\/\/108giahoa.com\/index.php?rest_route=\/wp\/v2\/product\/32247\/revisions\/32249"}],"wp:featuredmedia":[{"embeddable":true,"href":"https:\/\/108giahoa.com\/index.php?rest_route=\/wp\/v2\/media\/32248"}],"wp:attachment":[{"href":"https:\/\/108giahoa.com\/index.php?rest_route=%2Fwp%2Fv2%2Fmedia&parent=32247"}],"wp:term":[{"taxonomy":"product_brand","embeddable":true,"href":"https:\/\/108giahoa.com\/index.php?rest_route=%2Fwp%2Fv2%2Fproduct_brand&post=32247"},{"taxonomy":"product_cat","embeddable":true,"href":"https:\/\/108giahoa.com\/index.php?rest_route=%2Fwp%2Fv2%2Fproduct_cat&post=32247"},{"taxonomy":"product_tag","embeddable":true,"href":"https:\/\/108giahoa.com\/index.php?rest_route=%2Fwp%2Fv2%2Fproduct_tag&post=32247"}],"curies":[{"name":"wp","href":"https:\/\/api.w.org\/{rel}","templated":true}]}}