{"id":32254,"date":"2026-03-30T07:50:13","date_gmt":"2026-03-30T07:50:13","guid":{"rendered":"https:\/\/108giahoa.com\/?post_type=product&#038;p=32254"},"modified":"2026-03-30T07:50:14","modified_gmt":"2026-03-30T07:50:14","slug":"amply-lien-mixer-240w-dynacord-u2401m-eu","status":"publish","type":"product","link":"https:\/\/108giahoa.com\/?product=amply-lien-mixer-240w-dynacord-u2401m-eu","title":{"rendered":"Amply li\u1ec1n mixer 240W Dynacord U240:1M-EU"},"content":{"rendered":"<table style=\"height: 627px;\" width=\"1009\">\n<tbody>\n<tr>\n<td width=\"324\">&#8211; Ch\u1ee7ng lo\u1ea1i: Mixer Amplifier<\/td>\n<\/tr>\n<tr>\n<td width=\"324\">&#8211; C\u00f4ng su\u1ea5t: 240W<\/td>\n<\/tr>\n<tr>\n<td width=\"324\">&#8211; C\u00f4ng ngh\u1ec7 khu\u1ebfch \u0111\u1ea1i: Class D<\/td>\n<\/tr>\n<tr>\n<td width=\"324\">&#8211; D\u1ea3i t\u1ea7n s\u1ed1 (-3dB): 10\u00a0Hz\u201322\u00a0kHz<\/td>\n<\/tr>\n<tr>\n<td width=\"324\">&#8211; \u0110\u1ed9 m\u00e9o ti\u1ebfng: &lt;1% @ c\u00f4ng su\u1ea5t \u0111\u1ecbnh m\u1ee9c, 1kHz<\/td>\n<\/tr>\n<tr>\n<td width=\"324\">&#8211; C\u1ed5ng k\u1ebft n\u1ed1i: &#8211; 2 c\u1ed5ng Mic\/Line (XLR, balanced) \u2013 H\u1ed7 tr\u1ee3 micro condenser v\u1edbi Phantom 48V.\u00a0 &#8211; 2 c\u1ed5ng AUX (RCA, stereo chuy\u1ec3n mono) \u2013 K\u1ebft n\u1ed1i v\u1edbi c\u00e1c thi\u1ebft b\u1ecb ph\u00e1t nh\u1ea1c.&#8221;<\/td>\n<\/tr>\n<tr>\n<td width=\"324\">&#8211; C\u1ed5ng \u0111\u1ea7u ra loa: 4-pin Euroblock \u2013 H\u1ed7 tr\u1ee3 c\u1ea3 h\u1ec7 th\u1ed1ng loa tr\u1edf kh\u00e1ng th\u1ea5p (Low-Z) v\u00e0 cao (High-Z).<\/td>\n<\/tr>\n<tr>\n<td width=\"324\">&#8211; C\u00e2n ch\u1ec9nh \u00e2m thanh,\u0110i\u1ec1u ch\u1ec9nh bass\/treble \u00b112\u00a0dB.<\/td>\n<\/tr>\n<tr>\n<td width=\"324\">&#8211; B\u1ed9 l\u1ecdc HPF: C\u00f3 th\u1ec3 k\u00edch ho\u1ea1t (70Hz ho\u1eb7c 120Hz, 12dB\/oct).<\/td>\n<\/tr>\n<tr>\n<td width=\"324\">&#8211; C\u01a1 ch\u1ebf b\u1ea3o v\u1ec7: T\u00edch h\u1ee3p gi\u1edbi h\u1ea1n \u00e2m thanh, b\u1ea3o v\u1ec7 qu\u00e1 d\u00f2ng, qu\u00e1 nhi\u1ec7t, ch\u1ed1ng ng\u1eafn m\u1ea1ch.<\/td>\n<\/tr>\n<tr>\n<td width=\"324\">&#8211; Ngu\u1ed3n \u0111i\u1ec7n: 100\u2212240VAC,50\/60Hz<\/td>\n<\/tr>\n<tr>\n<td width=\"324\">&#8211; Ti\u00eau th\u1ee5 \u0111i\u1ec7n n\u0103ng:- Ch\u1ebf \u0111\u1ed9 ch\u1edd: 1.25W\u00a0 &#8211; Ch\u1ebf \u0111\u1ed9 ho\u1ea1t \u0111\u1ed9ng: 11W\/12W<\/td>\n<\/tr>\n<\/tbody>\n<\/table>\n","protected":false},"excerpt":{"rendered":"<p>&#8211; Ch\u1ee7ng lo\u1ea1i: Mixer Amplifier &#8211; C\u00f4ng su\u1ea5t: 240W &#8211; C\u00f4ng ngh\u1ec7 khu\u1ebfch \u0111\u1ea1i: Class D &#8211; D\u1ea3i t\u1ea7n s\u1ed1<\/p>\n","protected":false},"featured_media":32255,"comment_status":"open","ping_status":"closed","template":"","meta":[],"product_brand":[227],"product_cat":[90],"product_tag":[],"class_list":{"0":"post-32254","1":"product","2":"type-product","3":"status-publish","4":"has-post-thumbnail","6":"product_brand-amply-lien-mixer","7":"product_cat-thiet-bi-am-thanh","9":"first","10":"instock","11":"shipping-taxable","12":"product-type-simple"},"_links":{"self":[{"href":"https:\/\/108giahoa.com\/index.php?rest_route=\/wp\/v2\/product\/32254","targetHints":{"allow":["GET"]}}],"collection":[{"href":"https:\/\/108giahoa.com\/index.php?rest_route=\/wp\/v2\/product"}],"about":[{"href":"https:\/\/108giahoa.com\/index.php?rest_route=\/wp\/v2\/types\/product"}],"replies":[{"embeddable":true,"href":"https:\/\/108giahoa.com\/index.php?rest_route=%2Fwp%2Fv2%2Fcomments&post=32254"}],"version-history":[{"count":1,"href":"https:\/\/108giahoa.com\/index.php?rest_route=\/wp\/v2\/product\/32254\/revisions"}],"predecessor-version":[{"id":32256,"href":"https:\/\/108giahoa.com\/index.php?rest_route=\/wp\/v2\/product\/32254\/revisions\/32256"}],"wp:featuredmedia":[{"embeddable":true,"href":"https:\/\/108giahoa.com\/index.php?rest_route=\/wp\/v2\/media\/32255"}],"wp:attachment":[{"href":"https:\/\/108giahoa.com\/index.php?rest_route=%2Fwp%2Fv2%2Fmedia&parent=32254"}],"wp:term":[{"taxonomy":"product_brand","embeddable":true,"href":"https:\/\/108giahoa.com\/index.php?rest_route=%2Fwp%2Fv2%2Fproduct_brand&post=32254"},{"taxonomy":"product_cat","embeddable":true,"href":"https:\/\/108giahoa.com\/index.php?rest_route=%2Fwp%2Fv2%2Fproduct_cat&post=32254"},{"taxonomy":"product_tag","embeddable":true,"href":"https:\/\/108giahoa.com\/index.php?rest_route=%2Fwp%2Fv2%2Fproduct_tag&post=32254"}],"curies":[{"name":"wp","href":"https:\/\/api.w.org\/{rel}","templated":true}]}}