{"id":32257,"date":"2026-03-30T07:52:27","date_gmt":"2026-03-30T07:52:27","guid":{"rendered":"https:\/\/108giahoa.com\/?post_type=product&#038;p=32257"},"modified":"2026-03-30T07:52:28","modified_gmt":"2026-03-30T07:52:28","slug":"bo-quan-ly-nguon-av-smart-8","status":"publish","type":"product","link":"https:\/\/108giahoa.com\/?product=bo-quan-ly-nguon-av-smart-8","title":{"rendered":"B\u1ed9 qu\u1ea3n l\u00fd ngu\u1ed3n AV Smart-8"},"content":{"rendered":"<table style=\"height: 1062px;\" width=\"1024\">\n<tbody>\n<tr>\n<td width=\"324\">&#8211; \u0110i\u1ec1u ki\u1ec7n \u0111\u1ea7u v\u00e0o ngu\u1ed3n (\u0111i\u1ec7n 1 pha 3 d\u00e2y): AC90\u2013260V 50\u201360Hz ho\u1eb7c \u0111i\u1ec7n 2 pha (3 d\u00e2y: d\u00e2y n\u00f3ng, d\u00e2y ngu\u1ed9i, d\u00e2y ti\u1ebfp \u0111\u1ea5t).<\/td>\n<\/tr>\n<tr>\n<td width=\"324\">&#8211; S\u1ed1 k\u00eanh: 8 k\u00eanh, \u1ed5 c\u1eafm \u0111a n\u0103ng, \u0111i\u1ec1u khi\u1ec3n b\u1eb1ng r\u01a1-le.<\/td>\n<\/tr>\n<tr>\n<td width=\"324\">&#8211; Ng\u00f5 ra \u0111i\u1ec1u khi\u1ec3n b\u1eb1ng r\u01a1-le:<\/td>\n<\/tr>\n<tr>\n<td width=\"324\">&#8211; C\u00f4ng su\u1ea5t k\u00eanh \u0111\u01a1n: 6000W<\/td>\n<\/tr>\n<tr>\n<td width=\"324\">&#8211; T\u1ed5ng c\u00f4ng su\u1ea5t: 10000W<\/td>\n<\/tr>\n<tr>\n<td width=\"324\">&#8211; C\u00f4ng su\u1ea5t ph\u1ea3n kh\u00e1ng t\u1ed1i \u0111a: ch\u1ecbu t\u1ea3i kh\u00f4ng v\u01b0\u1ee3t qu\u00e1 c\u00f4ng su\u1ea5t ph\u1ea3n kh\u00e1ng danh \u0111\u1ecbnh.<\/td>\n<\/tr>\n<tr>\n<td width=\"324\">&#8211; Th\u00f4ng s\u1ed1 \u1ed5 c\u1eafm ra:<\/td>\n<\/tr>\n<tr>\n<td width=\"324\">&#8211; V\u1eadt li\u1ec7u: ABS ch\u1ed1ng ch\u00e1y<\/td>\n<\/tr>\n<tr>\n<td width=\"324\">&#8211; Ti\u1ebfp \u0111i\u1ec3m: \u0111\u1ed3ng phosphor 13A<\/td>\n<\/tr>\n<tr>\n<td width=\"324\">&#8211; Chu\u1ea9n: \u1ed5 c\u1eafm \u0111a n\u0103ng chu\u1ea9n qu\u1ed1c t\u1ebf<\/td>\n<\/tr>\n<tr>\n<td width=\"324\">&#8211; Tr\u00ecnh t\u1ef1 b\u1eadt\/t\u1eaft xu\u00f4i\/ng\u01b0\u1ee3c<\/td>\n<\/tr>\n<tr>\n<td width=\"324\">&#8211; K\u1ebft n\u1ed1i USB<\/td>\n<\/tr>\n<tr>\n<td width=\"324\">&#8211; K\u00eanh \u0111\u1ed9c l\u1eadp c\u00f3 th\u1ec3 m\u1edf\/t\u1eaft t\u1ef1 do<\/td>\n<\/tr>\n<tr>\n<td width=\"324\">&#8211; B\u00e0n ph\u00edm kh\u00f3a b\u1eb1ng m\u1eadt kh\u1ea9u 135 bit<\/td>\n<\/tr>\n<tr>\n<td width=\"324\">&#8211; \u0110\u00e8n n\u1ec1n chi\u1ebfu s\u00e1ng ph\u00eda sau b\u1ea3ng \u0111i\u1ec1u khi\u1ec3n<\/td>\n<\/tr>\n<tr>\n<td width=\"324\">&#8211; D\u00f2ng ch\u1ecbu t\u1ea3i ti\u1ebfp \u0111i\u1ec3m r\u01a1-le \u0111\u1ea7u ra: 40A 277VAC<\/td>\n<\/tr>\n<tr>\n<td width=\"324\">&#8211; Th\u00f4ng s\u1ed1 b\u1ea3ng m\u1ea1ch: PCB hai m\u1eb7t, \u0111\u01b0\u1eddng m\u1ea1ch ngu\u1ed3n ch\u00ednh \u0111\u01b0\u1ee3c l\u00e0m d\u00e0y v\u00e0 gia c\u1ed1.<\/td>\n<\/tr>\n<tr>\n<td width=\"324\">&#8211; Ngu\u1ed3n c\u1ea5p: b\u1ed9 ngu\u1ed3n chuy\u1ec3n m\u1ea1ch t\u00edch h\u1ee3p, d\u1ea3i \u0111i\u1ec7n \u00e1p AC90\u2013260V, 50\u201360Hz.<\/td>\n<\/tr>\n<tr>\n<td width=\"324\">&#8211; Th\u00f4ng s\u1ed1 c\u00e1p ngu\u1ed3n: 3 l\u00f5i \u00d7 4 mm\u00b2<\/td>\n<\/tr>\n<tr>\n<td width=\"324\">&#8211; Chi\u1ec1u d\u00e0i t\u1ed5ng: 1,8 m<\/td>\n<\/tr>\n<tr>\n<td width=\"324\">&#8211; Chu\u1ea9n ph\u00edch c\u1eafm ch\u00e2u \u00c2u<\/td>\n<\/tr>\n<tr>\n<td width=\"324\">&#8211; Lo\u1ea1i c\u00f4ng t\u1eafc: n\u00fat nh\u1ea5n tact switch<\/td>\n<\/tr>\n<tr>\n<td width=\"324\">&#8211; Ch\u1ee9c n\u0103ng chuy\u1ec3n m\u1ea1ch \u0111\u1ed9c l\u1eadp: h\u1ed7 tr\u1ee3 c\u00e0i \u0111\u1eb7t k\u00eanh \u0111\u1ed9c l\u1eadp tr\u00ean b\u1ea3ng \u0111i\u1ec1u khi\u1ec3n.<\/td>\n<\/tr>\n<tr>\n<td width=\"324\">&#8211; Hi\u1ec3n th\u1ecb ch\u1ee9c n\u0103ng: m\u00e0n h\u00ecnh hi\u1ec3n th\u1ecb LED ma tr\u1eadn \u0111i\u1ec3m, hi\u1ec3n th\u1ecb tr\u1ea1ng th\u00e1i ho\u1ea1t \u0111\u1ed9ng, \u0111i\u1ec7n \u00e1p ngu\u1ed3n.<\/td>\n<\/tr>\n<tr>\n<td width=\"324\">&#8211; C\u1ed5ng giao ti\u1ebfp \u0111i\u1ec1u khi\u1ec3n ngo\u00e0i: USB.<\/td>\n<\/tr>\n<\/tbody>\n<\/table>\n","protected":false},"excerpt":{"rendered":"<p>&#8211; \u0110i\u1ec1u ki\u1ec7n \u0111\u1ea7u v\u00e0o ngu\u1ed3n (\u0111i\u1ec7n 1 pha 3 d\u00e2y): AC90\u2013260V 50\u201360Hz ho\u1eb7c \u0111i\u1ec7n 2 pha (3 d\u00e2y: d\u00e2y<\/p>\n","protected":false},"featured_media":32258,"comment_status":"open","ping_status":"closed","template":"","meta":[],"product_brand":[228],"product_cat":[90],"product_tag":[],"class_list":{"0":"post-32257","1":"product","2":"type-product","3":"status-publish","4":"has-post-thumbnail","6":"product_brand-bo-quan-ly-nguon","7":"product_cat-thiet-bi-am-thanh","9":"first","10":"instock","11":"shipping-taxable","12":"product-type-simple"},"_links":{"self":[{"href":"https:\/\/108giahoa.com\/index.php?rest_route=\/wp\/v2\/product\/32257","targetHints":{"allow":["GET"]}}],"collection":[{"href":"https:\/\/108giahoa.com\/index.php?rest_route=\/wp\/v2\/product"}],"about":[{"href":"https:\/\/108giahoa.com\/index.php?rest_route=\/wp\/v2\/types\/product"}],"replies":[{"embeddable":true,"href":"https:\/\/108giahoa.com\/index.php?rest_route=%2Fwp%2Fv2%2Fcomments&post=32257"}],"version-history":[{"count":1,"href":"https:\/\/108giahoa.com\/index.php?rest_route=\/wp\/v2\/product\/32257\/revisions"}],"predecessor-version":[{"id":32259,"href":"https:\/\/108giahoa.com\/index.php?rest_route=\/wp\/v2\/product\/32257\/revisions\/32259"}],"wp:featuredmedia":[{"embeddable":true,"href":"https:\/\/108giahoa.com\/index.php?rest_route=\/wp\/v2\/media\/32258"}],"wp:attachment":[{"href":"https:\/\/108giahoa.com\/index.php?rest_route=%2Fwp%2Fv2%2Fmedia&parent=32257"}],"wp:term":[{"taxonomy":"product_brand","embeddable":true,"href":"https:\/\/108giahoa.com\/index.php?rest_route=%2Fwp%2Fv2%2Fproduct_brand&post=32257"},{"taxonomy":"product_cat","embeddable":true,"href":"https:\/\/108giahoa.com\/index.php?rest_route=%2Fwp%2Fv2%2Fproduct_cat&post=32257"},{"taxonomy":"product_tag","embeddable":true,"href":"https:\/\/108giahoa.com\/index.php?rest_route=%2Fwp%2Fv2%2Fproduct_tag&post=32257"}],"curies":[{"name":"wp","href":"https:\/\/api.w.org\/{rel}","templated":true}]}}