{"id":32272,"date":"2026-03-30T08:26:33","date_gmt":"2026-03-30T08:26:33","guid":{"rendered":"https:\/\/108giahoa.com\/?post_type=product&#038;p=32272"},"modified":"2026-03-30T08:26:33","modified_gmt":"2026-03-30T08:26:33","slug":"micro-hoi-thao-co-day-arvox-rc-6512d","status":"publish","type":"product","link":"https:\/\/108giahoa.com\/?product=micro-hoi-thao-co-day-arvox-rc-6512d","title":{"rendered":"Micro h\u1ed9i th\u1ea3o c\u00f3 d\u00e2y Arvox RC-6512D"},"content":{"rendered":"<table style=\"height: 543px;\" width=\"965\">\n<tbody>\n<tr>\n<td width=\"263\">&#8211; H\u00ecnh th\u1ee9c: T\u1ee5 \u0111i\u1ec7n<\/td>\n<\/tr>\n<tr>\n<td width=\"263\">&#8211; \u0110\u00e1p \u1ee9ng t\u1ea7n s\u1ed1: 40Hz-16KHz<\/td>\n<\/tr>\n<tr>\n<td width=\"263\">&#8211; \u0110\u1ed9 nh\u1ea1y: -43 \u00b1 2 dB @ 1 KHz<\/td>\n<\/tr>\n<tr>\n<td width=\"263\">&#8211; \u0110i\u1ec7n \u00e1p \u0111\u1ea7u v\u00e0o: DC 9 V (\u0110\u01b0\u1ee3c cung c\u1ea5p b\u1edfi m\u00e1y ch\u1ee7)<\/td>\n<\/tr>\n<tr>\n<td width=\"263\">&#8211; Tr\u1edf kh\u00e1ng \u0111\u1ea7u v\u00e0o t\u1ed1i thi\u1ec3u:\u00a0 1K\u03a9<\/td>\n<\/tr>\n<tr>\n<td width=\"263\">&#8211; T\u1ef7 l\u1ec7 S\/N:\u00a0 90 dB<\/td>\n<\/tr>\n<tr>\n<td width=\"263\">&#8211; C\u00e1p \u0111\u1ea7u v\u00e0o: C\u00e1p chi\u1ec1u d\u00e0i 2.0m, 8 l\u00f5i<\/td>\n<\/tr>\n<tr>\n<td width=\"263\">&#8211; M\u00e0n h\u00ecnh LCD 128 x 64 hi\u1ec3n th\u1ecb tr\u1ea1ng th\u00e1i ho\u1ea1t \u0111\u1ed9ng c\u1ee7a h\u1ec7 th\u1ed1ng<\/td>\n<\/tr>\n<tr>\n<td width=\"263\">&#8211; Micr\u00f4 \u0111i k\u00e8m \u0111\u00e8n tr\u00f2n hi\u1ec3n th\u1ecb tr\u1ea1ng th\u00e1i ho\u1ea1t \u0111\u1ed9ng<\/td>\n<\/tr>\n<tr>\n<td width=\"263\">&#8211; Thi\u1ebft k\u1ebf k\u1ef9 thu\u1eadt s\u1ed1, ngu\u1ed3n \u0111i\u1ec7n c\u1ee7a micr\u00f4 \u0111\u01b0\u1ee3c cung c\u1ea5p b\u1edfi b\u1ed9 \u0111i\u1ec1u khi\u1ec3n ch\u00ednh<\/td>\n<\/tr>\n<tr>\n<td width=\"263\">&#8211; Micr\u00f4 s\u1eed d\u1ee5ng \u1ed1ng m\u1ec1m v\u00e0 \u1ed1ng c\u1ee9ng, c\u00f3 th\u1ec3 \u0111i\u1ec1u ch\u1ec9nh linh ho\u1ea1t \u0111\u1ec3 ph\u00f9 h\u1ee3p v\u1edbi nhi\u1ec1u ng\u01b0\u1eddi kh\u00e1c nhau.<\/td>\n<\/tr>\n<\/tbody>\n<\/table>\n","protected":false},"excerpt":{"rendered":"<p>&#8211; H\u00ecnh th\u1ee9c: T\u1ee5 \u0111i\u1ec7n &#8211; \u0110\u00e1p \u1ee9ng t\u1ea7n s\u1ed1: 40Hz-16KHz &#8211; \u0110\u1ed9 nh\u1ea1y: -43 \u00b1 2 dB @ 1<\/p>\n","protected":false},"featured_media":32270,"comment_status":"open","ping_status":"closed","template":"","meta":[],"product_brand":[160],"product_cat":[90],"product_tag":[],"class_list":{"0":"post-32272","1":"product","2":"type-product","3":"status-publish","4":"has-post-thumbnail","6":"product_brand-micro","7":"product_cat-thiet-bi-am-thanh","9":"first","10":"instock","11":"shipping-taxable","12":"product-type-simple"},"_links":{"self":[{"href":"https:\/\/108giahoa.com\/index.php?rest_route=\/wp\/v2\/product\/32272","targetHints":{"allow":["GET"]}}],"collection":[{"href":"https:\/\/108giahoa.com\/index.php?rest_route=\/wp\/v2\/product"}],"about":[{"href":"https:\/\/108giahoa.com\/index.php?rest_route=\/wp\/v2\/types\/product"}],"replies":[{"embeddable":true,"href":"https:\/\/108giahoa.com\/index.php?rest_route=%2Fwp%2Fv2%2Fcomments&post=32272"}],"version-history":[{"count":1,"href":"https:\/\/108giahoa.com\/index.php?rest_route=\/wp\/v2\/product\/32272\/revisions"}],"predecessor-version":[{"id":32273,"href":"https:\/\/108giahoa.com\/index.php?rest_route=\/wp\/v2\/product\/32272\/revisions\/32273"}],"wp:featuredmedia":[{"embeddable":true,"href":"https:\/\/108giahoa.com\/index.php?rest_route=\/wp\/v2\/media\/32270"}],"wp:attachment":[{"href":"https:\/\/108giahoa.com\/index.php?rest_route=%2Fwp%2Fv2%2Fmedia&parent=32272"}],"wp:term":[{"taxonomy":"product_brand","embeddable":true,"href":"https:\/\/108giahoa.com\/index.php?rest_route=%2Fwp%2Fv2%2Fproduct_brand&post=32272"},{"taxonomy":"product_cat","embeddable":true,"href":"https:\/\/108giahoa.com\/index.php?rest_route=%2Fwp%2Fv2%2Fproduct_cat&post=32272"},{"taxonomy":"product_tag","embeddable":true,"href":"https:\/\/108giahoa.com\/index.php?rest_route=%2Fwp%2Fv2%2Fproduct_tag&post=32272"}],"curies":[{"name":"wp","href":"https:\/\/api.w.org\/{rel}","templated":true}]}}