{"id":32274,"date":"2026-03-30T08:30:34","date_gmt":"2026-03-30T08:30:34","guid":{"rendered":"https:\/\/108giahoa.com\/?post_type=product&#038;p=32274"},"modified":"2026-03-30T08:30:35","modified_gmt":"2026-03-30T08:30:35","slug":"thiet-bi-tang-am-arvox-rx-240","status":"publish","type":"product","link":"https:\/\/108giahoa.com\/?product=thiet-bi-tang-am-arvox-rx-240","title":{"rendered":"Thi\u1ebft b\u1ecb t\u0103ng \u00e2m Arvox RX-240"},"content":{"rendered":"<p><strong>Thi\u1ebft b\u1ecb t\u0103ng \u00e2m Arvox RX-240<\/strong><br \/>\nC\u00f4ng su\u1ea5t: 240 W<br \/>\nCh\u1ebf \u0111\u1ed9 \u0111\u1ea7u ra: 4 ~ 16 Ohm (\u03a9) tr\u1edf kh\u00e1ng c\u1ed1 \u0111\u1ecbnh, \u0111\u1ea7u ra \u0111i\u1ec7n \u00e1p 70V \/ 100V<br \/>\nNg\u00f5 ra ph\u1ee5 tr\u1ee3: 600 Ohm (\u03a9) \/ 1V (0dBV)<br \/>\nMIC Ng\u00f5 v\u00e0o: 600 Ohm (\u03a9), 10mV (-54dBV), kh\u00f4ng c\u00e2n b\u1eb1ng<br \/>\nD\u00f2ng \u0111\u1ea7u v\u00e0o: 10Kohms (\u03a9), 250mV (-10dBV), kh\u00f4ng c\u00e2n b\u1eb1ng<br \/>\n\u0110\u00e1p \u1ee9ng t\u1ea7n s\u1ed1: 60Hz ~ 18KHz<br \/>\n\u0110\u1ed9 m\u00e9o: &lt;0.1% t\u1ea1i 1KHz, 1\/3 C\u00f4ng su\u1ea5t ra \u0111\u1ecbnh m\u1ee9c<br \/>\nS \/ N: D\u00f2ng: 70dB MIC: 66dB<br \/>\nD\u1ea3i \u0111i\u1ec1u ch\u1ec9nh \u00e2m: BASS: \u00b1 10dB (100Hz), TREBLE: \u00b1 10dB (10KHz)<br \/>\nB\u1ea3o v\u1ec7: AC FUSE; \u0110i\u1ec7n \u00e1p DC, Ch\u1ed1ng qu\u00e1 t\u1ea3i v\u00e0 ng\u1eaft m\u1ea1ch<br \/>\nNgu\u1ed3n \u0111i\u1ec7n: AC220V ~ 240V \/ 50 ~ 60Hz<\/p>\n","protected":false},"excerpt":{"rendered":"<p>Thi\u1ebft b\u1ecb t\u0103ng \u00e2m Arvox RX-240 C\u00f4ng su\u1ea5t: 240 W Ch\u1ebf \u0111\u1ed9 \u0111\u1ea7u ra: 4 ~ 16 Ohm (\u03a9) tr\u1edf<\/p>\n","protected":false},"featured_media":32275,"comment_status":"open","ping_status":"closed","template":"","meta":[],"product_brand":[220],"product_cat":[90],"product_tag":[],"class_list":{"0":"post-32274","1":"product","2":"type-product","3":"status-publish","4":"has-post-thumbnail","6":"product_brand-amply","7":"product_cat-thiet-bi-am-thanh","9":"first","10":"instock","11":"shipping-taxable","12":"product-type-simple"},"_links":{"self":[{"href":"https:\/\/108giahoa.com\/index.php?rest_route=\/wp\/v2\/product\/32274","targetHints":{"allow":["GET"]}}],"collection":[{"href":"https:\/\/108giahoa.com\/index.php?rest_route=\/wp\/v2\/product"}],"about":[{"href":"https:\/\/108giahoa.com\/index.php?rest_route=\/wp\/v2\/types\/product"}],"replies":[{"embeddable":true,"href":"https:\/\/108giahoa.com\/index.php?rest_route=%2Fwp%2Fv2%2Fcomments&post=32274"}],"version-history":[{"count":2,"href":"https:\/\/108giahoa.com\/index.php?rest_route=\/wp\/v2\/product\/32274\/revisions"}],"predecessor-version":[{"id":32278,"href":"https:\/\/108giahoa.com\/index.php?rest_route=\/wp\/v2\/product\/32274\/revisions\/32278"}],"wp:featuredmedia":[{"embeddable":true,"href":"https:\/\/108giahoa.com\/index.php?rest_route=\/wp\/v2\/media\/32275"}],"wp:attachment":[{"href":"https:\/\/108giahoa.com\/index.php?rest_route=%2Fwp%2Fv2%2Fmedia&parent=32274"}],"wp:term":[{"taxonomy":"product_brand","embeddable":true,"href":"https:\/\/108giahoa.com\/index.php?rest_route=%2Fwp%2Fv2%2Fproduct_brand&post=32274"},{"taxonomy":"product_cat","embeddable":true,"href":"https:\/\/108giahoa.com\/index.php?rest_route=%2Fwp%2Fv2%2Fproduct_cat&post=32274"},{"taxonomy":"product_tag","embeddable":true,"href":"https:\/\/108giahoa.com\/index.php?rest_route=%2Fwp%2Fv2%2Fproduct_tag&post=32274"}],"curies":[{"name":"wp","href":"https:\/\/api.w.org\/{rel}","templated":true}]}}