{"id":32284,"date":"2026-03-30T08:59:56","date_gmt":"2026-03-30T08:59:56","guid":{"rendered":"https:\/\/108giahoa.com\/?post_type=product&#038;p=32284"},"modified":"2026-03-30T08:59:57","modified_gmt":"2026-03-30T08:59:57","slug":"loa-treo-tuong-hylex-pa800m","status":"publish","type":"product","link":"https:\/\/108giahoa.com\/?product=loa-treo-tuong-hylex-pa800m","title":{"rendered":"Loa treo t\u01b0\u1eddng Hylex PA800M"},"content":{"rendered":"<p>&#8211; PMPO: 800W<\/p>\n<p>&#8211; C\u01b0\u1eddng \u0111\u1ed9 \u00e2m thanh: 110dB<\/p>\n<p>&#8211; T\u1ea7n s\u1ed1 \u0111\u00e1p \u1ee9ng: Bass:10Hz \u2013 6000Hz; Tweeter: 6000Hz \u2013 20000Hz;<\/p>\n<p>&#8211; Loa: Bass 10&#8221;; Treble (Tweeter) 2&#8243;<\/p>\n<p>&#8211; C\u1ed5ng k\u1ebft n\u1ed1i: Speakon x2<\/p>\n<p>&#8211; K\u1ebft n\u1ed1i \/ ph\u00e1t \u00e2m thanh t\u1eeb c\u00e1c thi\u1ebft b\u1ecb kh\u00e1c<\/p>\n<p>&#8211; K\u1ebft n\u1ed1i \/ ph\u00e1t \u00e2m thanh ra c\u00e1c thi\u1ebft b\u1ecb \u00e2m thanh m\u1edf r\u1ed9ng<\/p>\n<p>&#8211; K\u1ebft n\u1ed1i c\u00f4ng su\u1ea5t l\u1edbn.<\/p>\n<p>&#8211; Tr\u1ecdng l\u01b0\u1ee3ng: ~12 kg<\/p>\n<p>&#8211; K\u00edch th\u01b0\u1edbc (cao x d\u00e0i x r\u1ed9ng): 550 x 300 x 300 mm<\/p>\n","protected":false},"excerpt":{"rendered":"<p>&#8211; PMPO: 800W &#8211; C\u01b0\u1eddng \u0111\u1ed9 \u00e2m thanh: 110dB &#8211; T\u1ea7n s\u1ed1 \u0111\u00e1p \u1ee9ng: Bass:10Hz \u2013 6000Hz; Tweeter: 6000Hz \u2013<\/p>\n","protected":false},"featured_media":32285,"comment_status":"open","ping_status":"closed","template":"","meta":[],"product_brand":[224],"product_cat":[90],"product_tag":[],"class_list":{"0":"post-32284","1":"product","2":"type-product","3":"status-publish","4":"has-post-thumbnail","6":"product_brand-loa-treo-tuong","7":"product_cat-thiet-bi-am-thanh","9":"first","10":"instock","11":"shipping-taxable","12":"product-type-simple"},"_links":{"self":[{"href":"https:\/\/108giahoa.com\/index.php?rest_route=\/wp\/v2\/product\/32284","targetHints":{"allow":["GET"]}}],"collection":[{"href":"https:\/\/108giahoa.com\/index.php?rest_route=\/wp\/v2\/product"}],"about":[{"href":"https:\/\/108giahoa.com\/index.php?rest_route=\/wp\/v2\/types\/product"}],"replies":[{"embeddable":true,"href":"https:\/\/108giahoa.com\/index.php?rest_route=%2Fwp%2Fv2%2Fcomments&post=32284"}],"version-history":[{"count":1,"href":"https:\/\/108giahoa.com\/index.php?rest_route=\/wp\/v2\/product\/32284\/revisions"}],"predecessor-version":[{"id":32286,"href":"https:\/\/108giahoa.com\/index.php?rest_route=\/wp\/v2\/product\/32284\/revisions\/32286"}],"wp:featuredmedia":[{"embeddable":true,"href":"https:\/\/108giahoa.com\/index.php?rest_route=\/wp\/v2\/media\/32285"}],"wp:attachment":[{"href":"https:\/\/108giahoa.com\/index.php?rest_route=%2Fwp%2Fv2%2Fmedia&parent=32284"}],"wp:term":[{"taxonomy":"product_brand","embeddable":true,"href":"https:\/\/108giahoa.com\/index.php?rest_route=%2Fwp%2Fv2%2Fproduct_brand&post=32284"},{"taxonomy":"product_cat","embeddable":true,"href":"https:\/\/108giahoa.com\/index.php?rest_route=%2Fwp%2Fv2%2Fproduct_cat&post=32284"},{"taxonomy":"product_tag","embeddable":true,"href":"https:\/\/108giahoa.com\/index.php?rest_route=%2Fwp%2Fv2%2Fproduct_tag&post=32284"}],"curies":[{"name":"wp","href":"https:\/\/api.w.org\/{rel}","templated":true}]}}