{"id":32287,"date":"2026-03-30T09:03:45","date_gmt":"2026-03-30T09:03:45","guid":{"rendered":"https:\/\/108giahoa.com\/?post_type=product&#038;p=32287"},"modified":"2026-03-30T09:03:46","modified_gmt":"2026-03-30T09:03:46","slug":"thiet-bi-am-thanh-powered-mixer-hylex-pa1600m","status":"publish","type":"product","link":"https:\/\/108giahoa.com\/?product=thiet-bi-am-thanh-powered-mixer-hylex-pa1600m","title":{"rendered":"Thi\u1ebft b\u1ecb \u00e2m thanh powered mixer Hylex PA1600M"},"content":{"rendered":"<p><span class=\"fontstyle0\">\u2022 PMPO: 1600W<br \/>\n\u2022 C\u01b0\u1eddng \u0111\u1ed9 khu\u1ebfch \u0111\u1ea1i: \u226510dB<br \/>\n\u2022 T\u1ea7n s\u1ed1 \u0111\u00e1p \u1ee9ng: 10Hz \u2013 48KHz<br \/>\n\u2022 Ngu\u1ed3n AC 220V-240V, 50Hz\/60Hz<br \/>\n\u2022 Tr\u1ecdng l\u01b0\u1ee3ng: ~14 kg<br \/>\n\u2022 K\u00edch th\u01b0\u1edbc (cao x d\u00e0i x r\u1ed9ng): 140x500x380 mm<br \/>\n\u2022 Ph\u1ee5 ki\u1ec7n \u0111i k\u00e8m: Remote, d\u00e2y ngu\u1ed3n,<br \/>\nh\u01b0\u1edbng d\u1eabn s\u1eed d\u1ee5ng.<br \/>\n\u2022 Ph\u00e1t \u00e2m thanh tr\u1ef1c ti\u1ebfp t\u1eeb th\u1ebb nh\u1edb \/ USB, LINE in,\u2026<br \/>\n\u2022 D\u1ec5 d\u00e0ng k\u1ebft n\u1ed1i v\u1edbi \u0110i\u1ec7n tho\u1ea1i, m\u00e1y t\u00ednh x\u00e1ch tay, m\u00e1y t\u00ednh b\u1ea3ng qua Bluetooth.<br \/>\n\u2022 T\u00edch h\u1ee3p \u0111\u00e8n b\u00e1o pin.<\/span><span class=\"fontstyle0\">\u2022 K\u1ebft n\u1ed1i m\u1edf r\u1ed9ng v\u1edbi Micro (c\u00f3 d\u00e2y) \/ Guitar.<br \/>\n\u2022 B\u1ea3o v\u1ec7 th\u00f4ng minh, t\u1ef1 ng\u1eaft \u0111i\u1ec7n khi qu\u00e1 t\u1ea3i.<br \/>\n\u2022 K\u1ebft n\u1ed1i \/ ph\u00e1t \u00e2m thanh t\u1eeb c\u00e1c thi\u1ebft b\u1ecb kh\u00e1c.<br \/>\n\u2022 K\u1ebft n\u1ed1i \/ ph\u00e1t \u00e2m thanh ra c\u00e1c thi\u1ebft b\u1ecb \u00e2m thanh m\u1edf r\u1ed9ng.<\/span><\/p>\n","protected":false},"excerpt":{"rendered":"<p>\u2022 PMPO: 1600W \u2022 C\u01b0\u1eddng \u0111\u1ed9 khu\u1ebfch \u0111\u1ea1i: \u226510dB \u2022 T\u1ea7n s\u1ed1 \u0111\u00e1p \u1ee9ng: 10Hz \u2013 48KHz \u2022 Ngu\u1ed3n AC<\/p>\n","protected":false},"featured_media":32288,"comment_status":"open","ping_status":"closed","template":"","meta":[],"product_brand":[232],"product_cat":[90],"product_tag":[],"class_list":{"0":"post-32287","1":"product","2":"type-product","3":"status-publish","4":"has-post-thumbnail","6":"product_brand-mixer","7":"product_cat-thiet-bi-am-thanh","9":"first","10":"instock","11":"shipping-taxable","12":"product-type-simple"},"_links":{"self":[{"href":"https:\/\/108giahoa.com\/index.php?rest_route=\/wp\/v2\/product\/32287","targetHints":{"allow":["GET"]}}],"collection":[{"href":"https:\/\/108giahoa.com\/index.php?rest_route=\/wp\/v2\/product"}],"about":[{"href":"https:\/\/108giahoa.com\/index.php?rest_route=\/wp\/v2\/types\/product"}],"replies":[{"embeddable":true,"href":"https:\/\/108giahoa.com\/index.php?rest_route=%2Fwp%2Fv2%2Fcomments&post=32287"}],"version-history":[{"count":1,"href":"https:\/\/108giahoa.com\/index.php?rest_route=\/wp\/v2\/product\/32287\/revisions"}],"predecessor-version":[{"id":32289,"href":"https:\/\/108giahoa.com\/index.php?rest_route=\/wp\/v2\/product\/32287\/revisions\/32289"}],"wp:featuredmedia":[{"embeddable":true,"href":"https:\/\/108giahoa.com\/index.php?rest_route=\/wp\/v2\/media\/32288"}],"wp:attachment":[{"href":"https:\/\/108giahoa.com\/index.php?rest_route=%2Fwp%2Fv2%2Fmedia&parent=32287"}],"wp:term":[{"taxonomy":"product_brand","embeddable":true,"href":"https:\/\/108giahoa.com\/index.php?rest_route=%2Fwp%2Fv2%2Fproduct_brand&post=32287"},{"taxonomy":"product_cat","embeddable":true,"href":"https:\/\/108giahoa.com\/index.php?rest_route=%2Fwp%2Fv2%2Fproduct_cat&post=32287"},{"taxonomy":"product_tag","embeddable":true,"href":"https:\/\/108giahoa.com\/index.php?rest_route=%2Fwp%2Fv2%2Fproduct_tag&post=32287"}],"curies":[{"name":"wp","href":"https:\/\/api.w.org\/{rel}","templated":true}]}}