{"id":32454,"date":"2026-04-02T03:54:39","date_gmt":"2026-04-02T03:54:39","guid":{"rendered":"https:\/\/108giahoa.com\/?post_type=product&#038;p=32454"},"modified":"2026-04-02T03:54:42","modified_gmt":"2026-04-02T03:54:42","slug":"man-hinh-hien-thi-cam-ung-thong-minh-65","status":"publish","type":"product","link":"https:\/\/108giahoa.com\/?product=man-hinh-hien-thi-cam-ung-thong-minh-65","title":{"rendered":"M\u00e0n h\u00ecnh hi\u1ec3n th\u1ecb c\u1ea3m \u1ee9ng th\u00f4ng minh 65&#8243;"},"content":{"rendered":"<p><strong>Th\u00f4ng s\u1ed1 k\u1ef9 thu\u1eadt:<\/strong><br \/>\nK\u00edch th\u01b0\u1edbc: 65&#8221;<br \/>\n\u0110\u00e8n n\u1ec1n: Direct LED (Gam m\u00e0u r\u1ed9ng, \u00c1nh s\u00e1ng xanh th\u1ea5p, Kh\u00f4ng nh\u1ea5p nh\u00e1y)<br \/>\nB\u1ec1 m\u1eb7t k\u00ednh: K\u00ednh c\u01b0\u1eddng l\u1ef1c 7H, ch\u1ed1ng ch\u00f3i, ch\u1ed1ng v\u00e2n tay, ch\u1ed1ng vi khu\u1ea9n<br \/>\nC\u00f4ng ngh\u1ec7: Zero Bonding<br \/>\nT\u1ec9 l\u1ec7 m\u00e0n h\u00ecnh: 16:9<br \/>\n\u0110\u1ed9 ph\u00e2n gi\u1ea3i: 4K UHD 3840 x 2160<br \/>\nM\u00e0u s\u1eafc hi\u1ec3n th\u1ecb: 1,07 t\u1ef7 m\u00e0u<br \/>\n\u0110\u1ed9 t\u01b0\u01a1ng ph\u1ea3n: 1200:1<br \/>\n\u0110\u1ed9 t\u01b0\u01a1ng ph\u1ea3n \u0111\u1ed9ng: 5000:1<br \/>\n\u0110\u1ed9 s\u00e1ng: 450 cd\/\u33a1<br \/>\nV\u00f9ng hi\u1ec3n th\u1ecb (mm\/inch): 1428 x 804 \/ 56.22 x 31.61<br \/>\nG\u00f3c nh\u00ecn: 178\u00b0 (H) \/ 178\u00b0 (V)<br \/>\n&#8220;Th\u1eddi gian ph\u1ea3n h\u1ed3i: 8ms\u00a0\u00a0 \u00a0\u00a0\u00a0 \u00a0\u00a0\u00a0 \u00a0&#8221;<br \/>\nTu\u1ed5i th\u1ecd m\u00e0n h\u00ecnh: 50000 gi\u1edd<br \/>\nCamera t\u00edch h\u1ee3p (MP): 48<br \/>\nTr\u01b0\u1eddng nh\u00ecn (\u0111\u1ed9): 120<br \/>\nMicrophones: 8<br \/>\nCh\u1ee9c n\u0103ng Camera AI: Theo d\u00f5i ng\u01b0\u1eddi n\u00f3i, Nh\u1eadn d\u1ea1ng c\u1eed ch\u1ec9, V\u1ecb tr\u00ed ngu\u1ed3n \u00e2m thanh, L\u1eddi nh\u1eafc OSD, Gi\u1ea3m ti\u1ebfng \u1ed3n<br \/>\nKho\u1ea3ng c\u00e1ch thu \u00e2m (m\u00e9t): 10<br \/>\nChip Face: T\u0103ng \u00e2m thanh tr\u01b0\u1eddng xa, kh\u1eed ti\u1ebfng vang<\/p>\n<p>&#8230;&#8230;&#8230;&#8230;&#8230;&#8230;&#8230;&#8230;&#8230;&#8230;&#8230;.<\/p>\n","protected":false},"excerpt":{"rendered":"<p>Th\u00f4ng s\u1ed1 k\u1ef9 thu\u1eadt: K\u00edch th\u01b0\u1edbc: 65&#8221; \u0110\u00e8n n\u1ec1n: Direct LED (Gam m\u00e0u r\u1ed9ng, \u00c1nh s\u00e1ng xanh th\u1ea5p, Kh\u00f4ng nh\u1ea5p<\/p>\n","protected":false},"featured_media":32455,"comment_status":"open","ping_status":"closed","template":"","meta":[],"product_brand":[235],"product_cat":[91],"product_tag":[],"class_list":{"0":"post-32454","1":"product","2":"type-product","3":"status-publish","4":"has-post-thumbnail","6":"product_brand-man-hinh-tuong-tac","7":"product_cat-thiet-bi-cntt","9":"first","10":"instock","11":"shipping-taxable","12":"product-type-simple"},"_links":{"self":[{"href":"https:\/\/108giahoa.com\/index.php?rest_route=\/wp\/v2\/product\/32454","targetHints":{"allow":["GET"]}}],"collection":[{"href":"https:\/\/108giahoa.com\/index.php?rest_route=\/wp\/v2\/product"}],"about":[{"href":"https:\/\/108giahoa.com\/index.php?rest_route=\/wp\/v2\/types\/product"}],"replies":[{"embeddable":true,"href":"https:\/\/108giahoa.com\/index.php?rest_route=%2Fwp%2Fv2%2Fcomments&post=32454"}],"version-history":[{"count":1,"href":"https:\/\/108giahoa.com\/index.php?rest_route=\/wp\/v2\/product\/32454\/revisions"}],"predecessor-version":[{"id":32456,"href":"https:\/\/108giahoa.com\/index.php?rest_route=\/wp\/v2\/product\/32454\/revisions\/32456"}],"wp:featuredmedia":[{"embeddable":true,"href":"https:\/\/108giahoa.com\/index.php?rest_route=\/wp\/v2\/media\/32455"}],"wp:attachment":[{"href":"https:\/\/108giahoa.com\/index.php?rest_route=%2Fwp%2Fv2%2Fmedia&parent=32454"}],"wp:term":[{"taxonomy":"product_brand","embeddable":true,"href":"https:\/\/108giahoa.com\/index.php?rest_route=%2Fwp%2Fv2%2Fproduct_brand&post=32454"},{"taxonomy":"product_cat","embeddable":true,"href":"https:\/\/108giahoa.com\/index.php?rest_route=%2Fwp%2Fv2%2Fproduct_cat&post=32454"},{"taxonomy":"product_tag","embeddable":true,"href":"https:\/\/108giahoa.com\/index.php?rest_route=%2Fwp%2Fv2%2Fproduct_tag&post=32454"}],"curies":[{"name":"wp","href":"https:\/\/api.w.org\/{rel}","templated":true}]}}