{"id":32461,"date":"2026-04-02T06:57:49","date_gmt":"2026-04-02T06:57:49","guid":{"rendered":"https:\/\/108giahoa.com\/?post_type=product&#038;p=32461"},"modified":"2026-04-02T06:57:49","modified_gmt":"2026-04-02T06:57:49","slug":"man-hinh-hien-thi-tuong-tac-65","status":"publish","type":"product","link":"https:\/\/108giahoa.com\/?product=man-hinh-hien-thi-tuong-tac-65","title":{"rendered":"M\u00e0n h\u00ecnh hi\u1ec3n th\u1ecb t\u01b0\u01a1ng t\u00e1c 65&#8243;"},"content":{"rendered":"<table style=\"height: 429px;\" width=\"998\">\n<tbody>\n<tr>\n<td width=\"388\">&#8211; K\u00edch th\u01b0\u1edbc m\u00e0n h\u00ecnh: 65&#8243;<\/td>\n<\/tr>\n<tr>\n<td width=\"388\">&#8211; K\u00edch th\u01b0\u1edbc hi\u1ec3n th\u1ecb: 1429 x 804 (mm)<\/td>\n<\/tr>\n<tr>\n<td width=\"388\">&#8211; C\u00f4ng ngh\u1ec7 \u0111\u00e8n n\u1ec1n: Direct LED (D-LED)<\/td>\n<\/tr>\n<tr>\n<td width=\"388\">&#8211; C\u00f4ng ngh\u1ec7 t\u1ea5m n\u1ec1n: IPS<\/td>\n<\/tr>\n<tr>\n<td width=\"388\">&#8211; \u0110\u1ed9 s\u00e1ng: 330 cd\/m\u00b2 (\u00b110%)<\/td>\n<\/tr>\n<tr>\n<td width=\"388\">&#8211; \u0110\u1ed9 t\u01b0\u01a1ng ph\u1ea3n \u0111\u1ed9ng: 10000:1<\/td>\n<\/tr>\n<tr>\n<td width=\"388\">&#8211; \u0110\u1ed9 ph\u00e2n gi\u1ea3i: 3840 x 2160 (4K), t\u01b0\u01a1ng th\u00edch 8K<\/td>\n<\/tr>\n<tr>\n<td width=\"388\">&#8211; G\u00f3c nh\u00ecn (H\/V): 178\u00b0 \/ 178\u00b0<\/td>\n<\/tr>\n<tr>\n<td width=\"388\">&#8211; T\u1ec9 l\u1ec7 khung h\u00ecnh: 16:9<\/td>\n<\/tr>\n<tr>\n<td width=\"388\">&#8211; T\u1ea7n s\u1ed1 qu\u00e9t: 60Hz<\/td>\n<\/tr>\n<tr>\n<td width=\"388\">&#8211; Tu\u1ed5i th\u1ecd \u01b0\u1edbc t\u00ednh: 55000 gi\u1edd<\/td>\n<\/tr>\n<tr>\n<td width=\"388\">&#8211; Hi\u1ec3n th\u1ecb m\u00e0u (Bit): 1.07 t\u1ef7 m\u00e0u (10-bit)<\/td>\n<\/tr>\n<tr>\n<td width=\"388\">&#8211; NTSC: \u226572%<\/td>\n<\/tr>\n<tr>\n<td width=\"388\">&#8211; Th\u1eddi gian ph\u1ea3n h\u1ed3i: 4ms<\/td>\n<\/tr>\n<tr>\n<td width=\"388\">&#8211; M\u00e0n h\u00ecnh kh\u00e1ng khu\u1ea9n, ch\u1ed1ng lo\u00e1<\/td>\n<\/tr>\n<\/tbody>\n<\/table>\n<table style=\"height: 1460px;\" width=\"1000\">\n<tbody>\n<tr>\n<td width=\"388\">&#8211; T\u00edch h\u1ee3p h\u1ec7 th\u1ed1ng tr\u00ecnh chi\u1ebfu v\u00e0 c\u1ed9ng t\u00e1c kh\u00f4ng d\u00e2y gi\u00fap tr\u00ecnh b\u00e0y d\u1ec5 d\u00e0ng v\u00e0 kh\u00f4ng c\u1ea7n s\u1eed d\u1ee5ng c\u00e1p trong l\u1edbp h\u1ecdc ho\u1eb7c v\u0103n ph\u00f2ng.<\/td>\n<\/tr>\n<tr>\n<td width=\"388\">&#8211; C\u00f3 th\u1ec3 t\u01b0\u01a1ng t\u00e1c 2 chi\u1ec1u v\u1edbi c\u00e1c thi\u1ebft b\u1ecb Windows, MacOS v\u00e0 t\u1ed1i \u0111a 9 ng\u01b0\u1eddi c\u00f3 th\u1ec3 chia s\u1ebb c\u00f9ng l\u00fac. M\u1ed7i m\u00e0n h\u00ecnh chia s\u1ebb \u0111\u1ec1u c\u00f3 \u0111\u1ed9 ph\u00e2n gi\u1ea3i cao 1080p.<\/td>\n<\/tr>\n<tr>\n<td width=\"388\">&#8211; Kh\u1ea3 n\u0103ng k\u1ebft n\u1ed1i v\u00e0 chia s\u1ebb t\u1eeb xa th\u00f4ng qua internet m\u00e0 kh\u00f4ng c\u1ea7n c\u00e0i b\u1ea5t c\u1ee9 ph\u1ea7n m\u1ec1m n\u00e0o.<\/td>\n<\/tr>\n<tr>\n<td width=\"388\">&#8211; V\u1edbi c\u00f4ng ngh\u1ec7 gi\u1ea3m \u00e1nh s\u00e1ng xanh c\u00f3 th\u1ec3 b\u1ea3o v\u1ec7 m\u1eaft v\u00e0 ch\u1ed1ng nh\u1ea5p nh\u00e1y \u0111\u1ec3 mang \u0111\u1ebfn tr\u1ea3i nghi\u1ec7m xem t\u1ed1t h\u01a1n.<\/td>\n<\/tr>\n<tr>\n<td width=\"388\">&#8211; Whiteboard Android t\u00edch h\u1ee3p:<\/td>\n<\/tr>\n<tr>\n<td width=\"388\">\u00a0 + C\u00f3 th\u1ec3 L\u01b0u\/M\u1edf t\u00e0i li\u1ec7u \u0111\u1ec3 l\u00e0m t\u01b0 li\u1ec7u.<\/td>\n<\/tr>\n<tr>\n<td width=\"388\">\u00a0 + T\u00edch h\u1ee3p s\u1eb5n 12 m\u00e0u n\u1ec1n v\u1edbi 8 lo\u1ea1i k\u1ebb \u00f4 ly kh\u00e1c nhau, c\u00f3 th\u1ec3 tu\u1ef3 ch\u1ecdn th\u00eam ki\u1ec3u n\u1ec1n b\u1ea3ng tr\u1eafng.<\/td>\n<\/tr>\n<tr>\n<td width=\"388\">\u00a0 + Kh\u1ea3 n\u0103ng chia s\u1ebb n\u1ed9i dung b\u1ea3ng th\u00f4ng qua QR ho\u1eb7c g\u1eedi email (PDF).<\/td>\n<\/tr>\n<tr>\n<td width=\"388\">\u00a0 + Ch\u1ebf \u0111\u1ed9 b\u00fat k\u00e9p: C\u00f3.<\/td>\n<\/tr>\n<tr>\n<td width=\"388\">\u00a0 + C\u00f4ng c\u1ee5 b\u00fat v\u1edbi nhi\u1ec1u m\u00e0u m\u1eb7c \u0111\u1ecbnh v\u00e0 b\u1ea3ng tu\u1ef3 ch\u1ecdn m\u00e0u tu\u1ef3 \u00fd, nhi\u1ec1u n\u00e9t b\u00fat v\u00e0 \u0111\u1ed9 \u0111\u1eadm nh\u1ea1t tu\u1ef3 ch\u1ec9nh<\/td>\n<\/tr>\n<tr>\n<td width=\"388\">\u00a0 + Ki\u1ec3u b\u00fat: B\u00fat vi\u1ebft ch\u00ec, B\u00fat l\u00f4ng, B\u00fat vi\u1ebft m\u1ef1c, B\u00fat th\u00f4ng minh (v\u1ebd h\u00ecnh &#8211; vi\u1ebft ch\u1eef)<\/td>\n<\/tr>\n<tr>\n<td width=\"388\">\u00a0 + T\u00ednh n\u0103ng g\u00f4m th\u00f4ng minh: Ch\u1ee5m tay \u0111\u1ec3 x\u00f3a, x\u00f3a theo khu v\u1ef1c ch\u1ecdn ho\u1eb7c x\u00f3a t\u1ea5t c\u1ea3.<\/td>\n<\/tr>\n<tr>\n<td width=\"388\">\u00a0 + T\u00edch h\u1ee3p s\u1eb5n 20 m\u1eabu h\u00ecnh h\u1ecdc<\/td>\n<\/tr>\n<tr>\n<td width=\"388\">\u00a0 + C\u00f3 th\u1ec3 ch\u00e8n th\u00eam c\u00e1c n\u1ed9i dung: H\u00ecnh \u1ea3nh\/ B\u1ea3ng\/ C\u00f4ng c\u1ee5 th\u01b0\u1edbc\/ B\u1ea3n \u0111\u1ed3 t\u01b0 duy\/ T\u00e0i li\u1ec7u\/ Video\/ Tr\u00ecnh duy\u1ec7t web\/ \u0110\u1ed3ng h\u1ed3 b\u1ea5m gi\u1edd\/ Voting.<\/td>\n<\/tr>\n<tr>\n<td width=\"388\">&#8211; Thanh c\u00f4ng c\u1ee5 nhanh 2 b\u00ean: L\u00f9i thao t\u00e1c, Trang ch\u1ee7, \u0110a nhi\u1ec7m, Ch\u00fa th\u00edch, T\u00f9y ch\u1ecdn source.<\/td>\n<\/tr>\n<tr>\n<td width=\"388\">&#8211; C\u00f3 kh\u1ea3 n\u0103ng t\u00f9y ch\u1ec9nh c\u00e1c c\u00f4ng c\u1ee5 nhanh: Wifi, Bluetooth, Hostpot, \u00c1nh s\u00e1ng xanh, Ch\u1ee5p m\u00e0n h\u00ecnh, Ghi m\u00e0n h\u00ecnh, M\u00e1y t\u00ednh, ECO, L\u1ecbch, H\u1eb9n gi\u1edd,\u2026<\/td>\n<\/tr>\n<tr>\n<td width=\"388\">&#8211; T\u00f9y ch\u1ec9nh c\u00e1c ch\u1ebf \u0111\u1ed9 h\u00ecnh \u1ea3nh<\/td>\n<\/tr>\n<tr>\n<td width=\"388\">&#8211; C\u00f3 nhi\u1ec1u ch\u1ebf \u0111\u1ed9 \u00e2m thanh ph\u00f9 h\u1ee3p v\u1edbi ng\u01b0\u1eddi s\u1eed d\u1ee5ng<\/td>\n<\/tr>\n<tr>\n<td width=\"388\">&#8211; Bluetooth c\u00f3 ch\u1ebf \u0111\u1ed9 loa.<\/td>\n<\/tr>\n<tr>\n<td width=\"388\">&#8211; T\u00f9y ch\u1ec9nh t\u1ef7 l\u1ec7 khung h\u00ecnh theo source v\u00e0o<\/td>\n<\/tr>\n<tr>\n<td width=\"388\">&#8211; Thi\u1ebft l\u1eadp kh\u00f3a an to\u00e0n, kh\u00f3a tr\u1ebb em.<\/td>\n<\/tr>\n<tr>\n<td width=\"388\">&#8211; C\u00f4ng c\u1ee5 d\u1ecdn d\u1eb9p nhanh r\u00e1c thi\u1ebft b\u1ecb, t\u1ed1i \u01b0u t\u1ed1c \u0111\u1ed9 x\u1eed l\u00fd thi\u1ebft b\u1ecb, qu\u1ea3n l\u00fd \u1ee9ng d\u1ee5ng.<\/td>\n<\/tr>\n<tr>\n<td width=\"388\">&#8211; Cung c\u1ea5p ph\u00edm home v\u1edbi c\u00e1c ch\u1ee9c n\u0103ng: L\u00f9i thao t\u00e1c, Trang ch\u1ee7, Chuy\u1ec3n ch\u1ebf \u0111\u1ed9 OPS, Ch\u1ee5p \u1ea3nh m\u00e0n h\u00ecnh, Ghi m\u00e0n h\u00ecnh, Ch\u00fa th\u00edch, Kh\u00f3a b\u1ea3o m\u1eadt. Ph\u00edm Home c\u00f3 th\u1ec3 \u0111\u01b0\u1ee3c g\u1ecdi ra nhanh b\u1eb1ng c\u00e1ch ch\u1ea1m 3 (ho\u1eb7c 5) ng\u00f3n tay m\u00e0n h\u00ecnh.<\/td>\n<\/tr>\n<tr>\n<td width=\"388\">&#8211; C\u00f4ng c\u1ee5 ch\u00fa th\u00edch nhanh c\u00f3 th\u1ec3 l\u01b0u l\u1ea1i l\u00e0m file ho\u1eb7c chia s\u1ebb th\u00f4ng qua m\u00e3 QR.<\/td>\n<\/tr>\n<tr>\n<td width=\"388\">&#8211; T\u00ednh n\u0103ng Multi-Windows: c\u00f3 th\u1ec3 s\u1eed d\u1ee5ng nhi\u1ec1u \u1ee9ng d\u00f9ng c\u00f9ng 1 l\u00fac tr\u00ean m\u00e0n h\u00ecnh.<\/td>\n<\/tr>\n<tr>\n<td width=\"388\">&#8211; \u1ee8ng d\u1ee5ng trang ch\u00e0o m\u1eebng c\u00f3 nhi\u1ec1u m\u1eabu \u0111\u01b0\u1ee3c t\u1ea1o s\u1eb5n. C\u00f3 th\u1ec3 ch\u1ec9nh s\u1eeda n\u1ec1n, ch\u1eef t\u00f9y ch\u1ec9nh.<\/td>\n<\/tr>\n<tr>\n<td width=\"388\">&#8211; T\u00ednh n\u0103ng voting th\u00f4ng qua m\u1ea1ng internet.<\/td>\n<\/tr>\n<\/tbody>\n<\/table>\n","protected":false},"excerpt":{"rendered":"<p>&#8211; K\u00edch th\u01b0\u1edbc m\u00e0n h\u00ecnh: 65&#8243; &#8211; K\u00edch th\u01b0\u1edbc hi\u1ec3n th\u1ecb: 1429 x 804 (mm) &#8211; C\u00f4ng ngh\u1ec7 \u0111\u00e8n n\u1ec1n:<\/p>\n","protected":false},"featured_media":32462,"comment_status":"open","ping_status":"closed","template":"","meta":[],"product_brand":[235],"product_cat":[91],"product_tag":[],"class_list":{"0":"post-32461","1":"product","2":"type-product","3":"status-publish","4":"has-post-thumbnail","6":"product_brand-man-hinh-tuong-tac","7":"product_cat-thiet-bi-cntt","9":"first","10":"instock","11":"shipping-taxable","12":"product-type-simple"},"_links":{"self":[{"href":"https:\/\/108giahoa.com\/index.php?rest_route=\/wp\/v2\/product\/32461","targetHints":{"allow":["GET"]}}],"collection":[{"href":"https:\/\/108giahoa.com\/index.php?rest_route=\/wp\/v2\/product"}],"about":[{"href":"https:\/\/108giahoa.com\/index.php?rest_route=\/wp\/v2\/types\/product"}],"replies":[{"embeddable":true,"href":"https:\/\/108giahoa.com\/index.php?rest_route=%2Fwp%2Fv2%2Fcomments&post=32461"}],"version-history":[{"count":1,"href":"https:\/\/108giahoa.com\/index.php?rest_route=\/wp\/v2\/product\/32461\/revisions"}],"predecessor-version":[{"id":32463,"href":"https:\/\/108giahoa.com\/index.php?rest_route=\/wp\/v2\/product\/32461\/revisions\/32463"}],"wp:featuredmedia":[{"embeddable":true,"href":"https:\/\/108giahoa.com\/index.php?rest_route=\/wp\/v2\/media\/32462"}],"wp:attachment":[{"href":"https:\/\/108giahoa.com\/index.php?rest_route=%2Fwp%2Fv2%2Fmedia&parent=32461"}],"wp:term":[{"taxonomy":"product_brand","embeddable":true,"href":"https:\/\/108giahoa.com\/index.php?rest_route=%2Fwp%2Fv2%2Fproduct_brand&post=32461"},{"taxonomy":"product_cat","embeddable":true,"href":"https:\/\/108giahoa.com\/index.php?rest_route=%2Fwp%2Fv2%2Fproduct_cat&post=32461"},{"taxonomy":"product_tag","embeddable":true,"href":"https:\/\/108giahoa.com\/index.php?rest_route=%2Fwp%2Fv2%2Fproduct_tag&post=32461"}],"curies":[{"name":"wp","href":"https:\/\/api.w.org\/{rel}","templated":true}]}}