{"id":32466,"date":"2026-04-02T07:08:53","date_gmt":"2026-04-02T07:08:53","guid":{"rendered":"https:\/\/108giahoa.com\/?post_type=product&#038;p=32466"},"modified":"2026-04-02T07:08:54","modified_gmt":"2026-04-02T07:08:54","slug":"may-chieu-vat-the","status":"publish","type":"product","link":"https:\/\/108giahoa.com\/?product=may-chieu-vat-the","title":{"rendered":"M\u00e1y chi\u1ebfu v\u1eadt th\u1ec3"},"content":{"rendered":"<h2 class=\"yikes-custom-woo-tab-title yikes-custom-woo-tab-title-thong-so-ky-thuat\">TH\u00d4NG S\u1ed0 K\u1ef8 THU\u1eacT<\/h2>\n<table style=\"height: 1007px;\" width=\"1007\">\n<tbody>\n<tr>\n<td width=\"471\">&#8211; C\u1ea3m bi\u1ebfn h\u00ecnh \u1ea3nh: 1\/2.5&#8243; CMOS<\/td>\n<\/tr>\n<tr>\n<td width=\"471\">&#8211; T\u1ed5ng s\u1ed1 \u0111i\u1ec3m \u1ea3nh: 8 Mega pixels<\/td>\n<\/tr>\n<tr>\n<td width=\"471\">&#8211; \u0110\u1ed9 ph\u00e2n gi\u1ea3i \u0111\u1ea7u ra: 4K<\/td>\n<\/tr>\n<tr>\n<td width=\"471\">&#8211; T\u1ed1c \u0111\u1ed9 khung h\u00ecnh: 30fps<\/td>\n<\/tr>\n<tr>\n<td width=\"471\">&#8211; Zoom k\u1ef9 thu\u1eadt s\u1ed1: 100X, Zoom quang h\u1ecdc 10X<\/td>\n<\/tr>\n<tr>\n<td width=\"471\">&#8211; Lens: F=1.5 ~ 2.2<\/td>\n<\/tr>\n<tr>\n<td width=\"471\">&#8211; V\u00f9ng thu h\u00ecnh: A3<\/td>\n<\/tr>\n<tr>\n<td width=\"471\">&#8211; Ch\u1ebf \u0111\u1ed9 l\u1ea5y n\u00e9t: L\u1ea5y n\u00e9t t\u1ef1 \u0111\u1ed9ng<\/td>\n<\/tr>\n<tr>\n<td width=\"471\">&#8211; Ch\u1ee5p \u1ea3nh: \u0110\u1ed9 ph\u00e2n gi\u1ea3i l\u00ean t\u1edbi 3244 x 2440<\/td>\n<\/tr>\n<tr>\n<td width=\"471\">&#8211; Xoay \u1ea3nh: C\u00f3<\/td>\n<\/tr>\n<tr>\n<td width=\"471\">&#8211; Ngu\u1ed3n \u00e1nh s\u00e1ng: White LED x11 v\u1edbi 5 ch\u1ebf \u0111\u1ed9 chi\u1ebfu s\u00e1ng<\/td>\n<\/tr>\n<tr>\n<td width=\"471\">&#8211; Micro: C\u00f3<\/td>\n<\/tr>\n<tr>\n<td width=\"471\">&#8211; C\u1ed5ng k\u1ebft n\u1ed1i: HDMI OUT\/VGA IN\/VGA OUT\/USB\/SD<\/td>\n<\/tr>\n<tr>\n<td width=\"471\">&#8211; Pin: 7200 mAh<\/td>\n<\/tr>\n<tr>\n<td width=\"471\">&#8211; Th\u1eddi l\u01b0\u1ee3ng s\u1eed d\u1ee5ng: 9 gi\u1edd<\/td>\n<\/tr>\n<tr>\n<td width=\"471\">&#8211; Ng\u00f4n ng\u1eef: \u0110a d\u1ea1ng ng\u00f4n ng\u1eef<\/td>\n<\/tr>\n<tr>\n<td width=\"471\">&#8211; H\u1ed7 tr\u1ee3 h\u1ec7 \u0111i\u1ec1u h\u00e0nh: Mac \/ Android \/ Chrome \/ Window XP tr\u1edf l\u00ean<\/td>\n<\/tr>\n<tr>\n<td width=\"471\">&#8211; \u1ee8ng d\u1ee5ng ph\u1ea7n m\u1ec1m:<\/td>\n<\/tr>\n<tr>\n<td width=\"471\">\u00a0 + Online: K\u00ednh l\u00fap, Ph\u00f3ng to \/ Thu nh\u1ecf, Xoay, Ph\u1ea3n chi\u1ebfu, \u0110\u00f3ng b\u0103ng, Ph\u00e2n chia, Ch\u1ee5p h\u00ecnh, Ghi h\u00ecnh, Tr\u00ecnh duy\u1ec7t, PIP, Ch\u00fa th\u00edch<\/td>\n<\/tr>\n<tr>\n<td width=\"471\">\u00a0 + Offline: K\u00ednh l\u00fap, Ph\u00f3ng to \/ Thu nh\u1ecf, Xoay, Ph\u1ea3n chi\u1ebfu, \u0110\u00f3ng b\u0103ng, Vi\u1ec1n t\u1ef1 \u0111\u1ed9ng, Ch\u1ee5p nhanh (Ch\u1ee5p m\u00e0n h\u00ecnh \/ Ch\u1ee5p m\u1ed9t ph\u1ea7n m\u00e0n h\u00ecnh \/ Ch\u1ee5p theo th\u1eddi gian \/ Ch\u1ee5p m\u00e0n h\u00ecnh v\u00e0o khay nh\u1edb t\u1ea1m \/ Ch\u1ee5p \u0111en tr\u1eafng \/ Ch\u1ee5p x\u00e1m), Ghi h\u00ecn, OCR, Ch\u00fa th\u00edch<\/td>\n<\/tr>\n<tr>\n<td width=\"471\">\u00a0 + Wifi: Ph\u00f3ng to \/ Thu nh\u1ecf, Xoay, Ph\u1ea3n chi\u1ebfu, \u0110\u00f3ng b\u0103ng, Ti\u00eau \u0111i\u1ec3m, Ch\u1ee5p nhanh, Ghi h\u00ecnh, L\u01b0\u1edbi, B\u1ed9 l\u1ecdc (X\u00e1m \/ \u0110en &#8211; Tr\u1eafng), Ch\u00fa th\u00edch<\/td>\n<\/tr>\n<tr>\n<td width=\"471\">&#8211; Tr\u1ecdng l\u01b0\u1ee3ng: 1.2Kg<\/td>\n<\/tr>\n<tr>\n<td width=\"471\">&#8211; K\u00edch th\u01b0\u1edbc: 363m x 200 x 105mm<\/td>\n<\/tr>\n<tr>\n<td width=\"471\">&#8211; Ngu\u1ed3n \u0111i\u1ec7n: 12V\/1A<\/td>\n<\/tr>\n<tr>\n<td width=\"471\">&#8211; M\u00f4i tr\u01b0\u1eddng l\u01b0u tr\u1eef: Nhi\u1ec7t \u0111\u1ed9: -35\u00b0C ~ 70\u00b0C. \u0110\u1ed9 \u1ea9m: 5% ~ 95%<\/td>\n<\/tr>\n<tr>\n<td width=\"471\">&#8211; Ph\u1ee5 ki\u1ec7n \u0111i k\u00e8m: Remote, Adapter, CD, Cable, S\u00e1ch h\u01b0\u1edbng d\u1eabn s\u1eed d\u1ee5ng<\/td>\n<\/tr>\n<\/tbody>\n<\/table>\n<p><strong style=\"color: #1b1919; font-size: 24px;\"><br \/>\nT\u00cdNH N\u0102NG N\u1ed4I B\u1eacT<\/strong><\/p>\n<table style=\"height: 547px;\" width=\"1004\">\n<tbody>\n<tr>\n<td width=\"471\">&#8211; Camera thu h\u00ecnh v\u1eadt th\u1ec3 kh\u00f4ng d\u00e2y<\/td>\n<\/tr>\n<tr>\n<td width=\"471\">&#8211; Ch\u1ebf \u0111\u1ed9 k\u1ebft n\u1ed1i \u0111a d\u1ea1ng: Wifi \/ HDMI \/ VGA \/ USB<\/td>\n<\/tr>\n<tr>\n<td width=\"471\">&#8211; K\u1ebft n\u1ed1i wifi t\u01b0\u01a1ng th\u00edch v\u1edbi Chrome-book, Android, PC, Laptop v\u00e0 Mac<\/td>\n<\/tr>\n<tr>\n<td width=\"471\">&#8211; Ch\u1ea5t l\u01b0\u1ee3ng h\u00ecnh \u1ea3nh 4K@30fps v\u00e0 zoom k\u1ef9 thu\u1eadt s\u1ed1 100X<\/td>\n<\/tr>\n<tr>\n<td width=\"471\">&#8211; Ph\u00e1t h\u00ecnh \u1ea3nh tr\u1ef1c tuy\u1ebfn cho ch\u1ea5t li\u1ec7u h\u00ecnh \u1ea3nh Full-HD @30fps<\/td>\n<\/tr>\n<tr>\n<td width=\"471\">&#8211; Micro t\u00edch h\u1ee3p<\/td>\n<\/tr>\n<tr>\n<td width=\"471\">&#8211; Khu v\u1ef1c thu h\u00ecnh l\u1edbn: Kh\u1ed5 gi\u1ea5y A3<\/td>\n<\/tr>\n<tr>\n<td width=\"471\">&#8211; T\u00edch h\u1ee3p Pin 7200mAh s\u1eed d\u1ee5ng trong 6 &#8211; 9 gi\u1edd li\u00ean t\u1ee5c m\u00e0 kh\u00f4ng c\u1ea7n s\u1ea1c<\/td>\n<\/tr>\n<tr>\n<td width=\"471\">&#8211; H\u1ed7 tr\u1ee3 b\u1ed9 nh\u1edb ngo\u00e0i: th\u1ebb SD\/SDHC\/SDXC<\/td>\n<\/tr>\n<tr>\n<td width=\"471\">&#8211; Thi\u1ebft k\u1ebf \u0111\u1ea7u xoay v\u00e0 th\u00e2n m\u00e1y \u0111a kh\u1edbp cho ph\u00e9p d\u1ec5 d\u00e0ng thu h\u00ecnh t\u1eeb c\u00e1c \u0111\u1ed9 cao, g\u00f3c \u0111\u1ed9 v\u00e0 h\u01b0\u1edbng kh\u00e1c nhau<\/td>\n<\/tr>\n<tr>\n<td width=\"471\">&#8211; B\u1ea3ng \u0111i\u1ec1u khi\u1ec3n gi\u00fap truy c\u1eadp nhanh c\u00e1c ch\u1ee9c n\u0103ng nh\u01b0 ph\u00f3ng to \/ thu nh\u1ecf, t\u1ef1 \u0111\u1ed9ng l\u1ea5y n\u00e9t, ch\u1ee5p nhanh,\u2026<\/td>\n<\/tr>\n<tr>\n<td width=\"471\">&#8211; Gi\u1ea3i ph\u00e1p 2 trong 1: ngo\u00e0i kh\u1ea3 n\u0103ng thu h\u00ecnh v\u1eadt th\u1ec3 c\u00f2n c\u00f3 th\u1ec3 s\u1eed d\u1ee5ng nh\u01b0 m\u1ed9t webcam gi\u00e0nh cho h\u1ed9i ngh\u1ecb tr\u1ef1c tuy\u1ebfn ho\u1eb7c gi\u1ea3ng d\u1ea1y t\u1eeb xa th\u00f4ng qua c\u00e1c ph\u1ea7n m\u1ec1m tr\u1ef1c tuy\u1ebfn nh\u01b0 Zoom, Google Metting,\u2026<\/td>\n<\/tr>\n<\/tbody>\n<\/table>\n","protected":false},"excerpt":{"rendered":"<p>TH\u00d4NG S\u1ed0 K\u1ef8 THU\u1eacT &#8211; C\u1ea3m bi\u1ebfn h\u00ecnh \u1ea3nh: 1\/2.5&#8243; CMOS &#8211; T\u1ed5ng s\u1ed1 \u0111i\u1ec3m \u1ea3nh: 8 Mega pixels &#8211;<\/p>\n","protected":false},"featured_media":32467,"comment_status":"open","ping_status":"closed","template":"","meta":[],"product_brand":[236],"product_cat":[91],"product_tag":[],"class_list":{"0":"post-32466","1":"product","2":"type-product","3":"status-publish","4":"has-post-thumbnail","6":"product_brand-may-chieu-vat-the","7":"product_cat-thiet-bi-cntt","9":"first","10":"instock","11":"shipping-taxable","12":"product-type-simple"},"_links":{"self":[{"href":"https:\/\/108giahoa.com\/index.php?rest_route=\/wp\/v2\/product\/32466","targetHints":{"allow":["GET"]}}],"collection":[{"href":"https:\/\/108giahoa.com\/index.php?rest_route=\/wp\/v2\/product"}],"about":[{"href":"https:\/\/108giahoa.com\/index.php?rest_route=\/wp\/v2\/types\/product"}],"replies":[{"embeddable":true,"href":"https:\/\/108giahoa.com\/index.php?rest_route=%2Fwp%2Fv2%2Fcomments&post=32466"}],"version-history":[{"count":1,"href":"https:\/\/108giahoa.com\/index.php?rest_route=\/wp\/v2\/product\/32466\/revisions"}],"predecessor-version":[{"id":32468,"href":"https:\/\/108giahoa.com\/index.php?rest_route=\/wp\/v2\/product\/32466\/revisions\/32468"}],"wp:featuredmedia":[{"embeddable":true,"href":"https:\/\/108giahoa.com\/index.php?rest_route=\/wp\/v2\/media\/32467"}],"wp:attachment":[{"href":"https:\/\/108giahoa.com\/index.php?rest_route=%2Fwp%2Fv2%2Fmedia&parent=32466"}],"wp:term":[{"taxonomy":"product_brand","embeddable":true,"href":"https:\/\/108giahoa.com\/index.php?rest_route=%2Fwp%2Fv2%2Fproduct_brand&post=32466"},{"taxonomy":"product_cat","embeddable":true,"href":"https:\/\/108giahoa.com\/index.php?rest_route=%2Fwp%2Fv2%2Fproduct_cat&post=32466"},{"taxonomy":"product_tag","embeddable":true,"href":"https:\/\/108giahoa.com\/index.php?rest_route=%2Fwp%2Fv2%2Fproduct_tag&post=32466"}],"curies":[{"name":"wp","href":"https:\/\/api.w.org\/{rel}","templated":true}]}}