{"id":32469,"date":"2026-04-02T07:15:53","date_gmt":"2026-04-02T07:15:53","guid":{"rendered":"https:\/\/108giahoa.com\/?post_type=product&#038;p=32469"},"modified":"2026-04-02T07:15:54","modified_gmt":"2026-04-02T07:15:54","slug":"camera-vat-the-ong-kinh-13x-zoom","status":"publish","type":"product","link":"https:\/\/108giahoa.com\/?product=camera-vat-the-ong-kinh-13x-zoom","title":{"rendered":"Camera v\u1eadt th\u1ec3 (\u1ed0ng k\u00ednh: 13X zoom)"},"content":{"rendered":"<p>\u1ed0ng k\u00ednh: 13X zoom lens\u00a0(4.7-61.1mm\/F1.9-2.7)<br \/>\n\u00adKhu v\u1ef1c ch\u1ee5p \u1ea3nh: A3<br \/>\nZoom: 22X optical zoom (13x optical + 1.7X extension zoom), 8X digital Zoom, 2X mechanical zoom<br \/>\n\u00adFocus: Auto<br \/>\n\u00adC\u00f4ng ngh\u1ec7 chi\u1ebfu s\u00e1ng: H\u1ec7 th\u1ed1ng chi\u1ebfu s\u00e1ng LED.<br \/>\n\u0110\u00e8n n\u1ec1n: LED (239*324 mm)<br \/>\n\u00adC\u1ea3m bi\u1ebfn h\u00ecnh \u1ea3nh: 1\/3.2&#8243; CMOS.<br \/>\n\u00adS\u1ed1 l\u01b0\u1ee3ng \u0111i\u1ec3m \u1ea3nh: 13 Mega Pixels.<br \/>\n\u00ad\u0110\u1ed9 ph\u00e2n gi\u1ea3i \u1ea3nh: 0,8MP \/2MP \/5MP\/13MP.<br \/>\n\u00ad\u0110\u1ed9 ph\u00e2n gi\u1ea3i \u0111\u1ea7u ra HDMI: 720p (1280\u00d7720)\/ 1080p (1920\u00d71080)\/ 4K (3840 x 2160)<br \/>\n\u00ad\u0110\u1ed9 ph\u00e2n gi\u1ea3i \u0111\u1ea7u ra VGA: XGA(1024&#215;768) &#8211; UXGA (1600&#215;1200)<br \/>\n\u00adC\u00e2n b\u1eb1ng tr\u1eafng: Auto<br \/>\n\u00ad\u0110\u1ed9 s\u00e1ng: H\u1ed7 tr\u1ee3 \u00b17.<br \/>\n\u00adCh\u1ebf \u0111\u1ed9 tr\u00ecnh chi\u1ebfu: Freeze\/ Highlight\/ Mask\/ Flip\/ PIP\/ Slideshow.<br \/>\n\u00adHi\u1ec7u \u1ee9ng h\u00ecnh \u1ea3nh: Text\/ Graphics\/ B&amp;W\/ Negative\/ Sketch.<br \/>\n\u0110i\u1ec1u khi\u1ec3n: C\u00f3.<br \/>\n\u0110i\u1ec1u khi\u1ec3n t\u1eeb xa: C\u00f3<br \/>\nTay c\u01a1 kh\u00ed: C\u00f3<br \/>\nCamera PC: C\u00f3<br \/>\nC\u1ed5ng k\u1ebft n\u1ed1i: RGB Input x1, RGB Output x1, HDMI Input x1, HDMI Output x1, RCA out x1, Audio In (jack 3.5mm) x1, USB Type B x1, RS232 control x 1, DC 5V Input (Power Jack x1).<br \/>\nH\u1ed7 tr\u1ee3 th\u1ebb nh\u1edb ngo\u00e0i: T\u1ed1i \u0111a 32GB.<br \/>\nNgu\u1ed3n \u0111i\u1ec7n: DC 5V, 100-240V, 50-60Hz<br \/>\nC\u00f4ng su\u1ea5t \u0111i\u1ec7n: Max. 5W<br \/>\nPh\u1ee5 ki\u1ec7n \u0111i k\u00e8m: d\u00e2y ngu\u1ed3n AC\/DC x1; C\u00e1p VGA x1; C\u00e1p USB x1; C\u00e1p HDMI x1; Pin x2; \u0110i\u1ec1u khi\u1ec3n x1; B\u1ed9 chuy\u1ec3n \u0111\u1ed5i k\u00ednh hi\u1ec3n vi x1; T\u1ea5m ch\u1ed1ng ch\u00f3i x1; HDSD nhanh x1; \u0110\u0129a CD x1<\/p>\n","protected":false},"excerpt":{"rendered":"<p>\u1ed0ng k\u00ednh: 13X zoom lens\u00a0(4.7-61.1mm\/F1.9-2.7) \u00adKhu v\u1ef1c ch\u1ee5p \u1ea3nh: A3 Zoom: 22X optical zoom (13x optical + 1.7X extension zoom),<\/p>\n","protected":false},"featured_media":32470,"comment_status":"open","ping_status":"closed","template":"","meta":[],"product_brand":[236],"product_cat":[91],"product_tag":[],"class_list":{"0":"post-32469","1":"product","2":"type-product","3":"status-publish","4":"has-post-thumbnail","6":"product_brand-may-chieu-vat-the","7":"product_cat-thiet-bi-cntt","9":"first","10":"instock","11":"shipping-taxable","12":"product-type-simple"},"_links":{"self":[{"href":"https:\/\/108giahoa.com\/index.php?rest_route=\/wp\/v2\/product\/32469","targetHints":{"allow":["GET"]}}],"collection":[{"href":"https:\/\/108giahoa.com\/index.php?rest_route=\/wp\/v2\/product"}],"about":[{"href":"https:\/\/108giahoa.com\/index.php?rest_route=\/wp\/v2\/types\/product"}],"replies":[{"embeddable":true,"href":"https:\/\/108giahoa.com\/index.php?rest_route=%2Fwp%2Fv2%2Fcomments&post=32469"}],"version-history":[{"count":1,"href":"https:\/\/108giahoa.com\/index.php?rest_route=\/wp\/v2\/product\/32469\/revisions"}],"predecessor-version":[{"id":32471,"href":"https:\/\/108giahoa.com\/index.php?rest_route=\/wp\/v2\/product\/32469\/revisions\/32471"}],"wp:featuredmedia":[{"embeddable":true,"href":"https:\/\/108giahoa.com\/index.php?rest_route=\/wp\/v2\/media\/32470"}],"wp:attachment":[{"href":"https:\/\/108giahoa.com\/index.php?rest_route=%2Fwp%2Fv2%2Fmedia&parent=32469"}],"wp:term":[{"taxonomy":"product_brand","embeddable":true,"href":"https:\/\/108giahoa.com\/index.php?rest_route=%2Fwp%2Fv2%2Fproduct_brand&post=32469"},{"taxonomy":"product_cat","embeddable":true,"href":"https:\/\/108giahoa.com\/index.php?rest_route=%2Fwp%2Fv2%2Fproduct_cat&post=32469"},{"taxonomy":"product_tag","embeddable":true,"href":"https:\/\/108giahoa.com\/index.php?rest_route=%2Fwp%2Fv2%2Fproduct_tag&post=32469"}],"curies":[{"name":"wp","href":"https:\/\/api.w.org\/{rel}","templated":true}]}}