{"id":32472,"date":"2026-04-02T07:25:33","date_gmt":"2026-04-02T07:25:33","guid":{"rendered":"https:\/\/108giahoa.com\/?post_type=product&#038;p=32472"},"modified":"2026-04-02T07:25:33","modified_gmt":"2026-04-02T07:25:33","slug":"camera-vat-the-zoom-17x-optical-zoom","status":"publish","type":"product","link":"https:\/\/108giahoa.com\/?product=camera-vat-the-zoom-17x-optical-zoom","title":{"rendered":"Camera v\u1eadt th\u1ec3 (Zoom: 17X optical zoom)"},"content":{"rendered":"<p>\u1ed0ng k\u00ednh: 10X optical zoom<br \/>\nKhu v\u1ef1c ch\u1ee5p \u1ea3nh: A3 (420mm x 297mm)<br \/>\nZoom: 17X optical zoom (10X zoom lens+1.7X extension zoom)<br \/>\nFocus: Auto\/Manual (B\u1eb1ng \u0111i\u1ec1u khi\u1ec3n t\u1eeb xa)<br \/>\nC\u00f4ng ngh\u1ec7 chi\u1ebfu s\u00e1ng: H\u1ec7 th\u1ed1ng chi\u1ebfu s\u00e1ng LED<br \/>\nC\u1ea3m bi\u1ebfn \u1ea3nh: 1\/3.2&#8243; CMOS Sensor<br \/>\nS\u1ed1 l\u01b0\u1ee3ng Pixel: 13 Mega Pixels<br \/>\n\u0110\u1ed9 ph\u00e2n gi\u1ea3i t\u0129nh: 0,8M \/2M \/5M\/ 8M \/ 13MP<br \/>\n\u0110\u1ed9 ph\u00e2n gi\u1ea3i \u0111\u1ea7u ra HDMI: 1920&#215;1080@up to 30fps; 1280&#215;720@up to 30 fps<br \/>\n\u0110\u1ed9 ph\u00e2n gi\u1ea3i \u0111\u1ea7u ra VGA: 1600&#215;1200@up to 30fps; 1024X768@up to 30fps<br \/>\nC\u00e2n b\u1eb1ng tr\u1eafng: Auto\/Flurescent\/Tungsten\/Custom<br \/>\n\u0110\u1ed9 s\u00e1ng: H\u1ed7 tr\u1ee3 \u00b17<br \/>\nCh\u1ebf \u0111\u1ed9 tr\u00ecnh chi\u1ebfu: Freeze \/ Highlight \/ Mask \/ Flip \/ PIP \/ Slideshow<br \/>\nHi\u1ec7u \u1ee9ng h\u00ecnh \u1ea3nh: Text \/ Graphics \/ B&amp;W \/ Negative \/ Sketch<br \/>\n\u0110i\u1ec1u khi\u1ec3n t\u1eeb xa: C\u00f3<br \/>\nThi\u1ebft k\u1ebf c\u1ed5 ng\u1ed7ng: C\u00f3<br \/>\nCamera PC: C\u00f3<br \/>\nC\u1ed5ng k\u1ebft n\u1ed1i:<br \/>\nVGA x 02 (IN\/OUT)<br \/>\nHDMI x 02 (IN\/OUT)<br \/>\nUSB x 01<br \/>\nPower Jack x 01<br \/>\nB\u1ed9 nh\u1edb trong: 115MB<br \/>\nH\u1ed7 tr\u1ee3 th\u1ebb nh\u1edb ngo\u00e0i: T\u1ed1i \u0111a 32GB<br \/>\nNgu\u1ed3n \u0111i\u1ec7n: DC 5V, 100-240V, 50-60Hz<br \/>\nC\u00f4ng su\u1ea5t ti\u00eau th\u1ee5: 2.25W\u21923.75W (Max.)<br \/>\nB\u1ea3o h\u00e0nh: 12 th\u00e1ng<br \/>\nXu\u1ea5t x\u1ee9: Taiwan<br \/>\nPh\u1ee5 ki\u1ec7n \u0111i k\u00e8m: d\u00e2y ngu\u1ed3n AC\/DC x1; C\u00e1p VGA x1; C\u00e1p USB x1; C\u00e1p HDMI x1; Pin x2; \u0110i\u1ec1u khi\u1ec3n x1; B\u1ed9 chuy\u1ec3n \u0111\u1ed5i k\u00ednh hi\u1ec3n vi x1; T\u1ea5m ch\u1ed1ng ch\u00f3i x1; HDSD nhanh x1; \u0110\u0129a CD x1<\/p>\n","protected":false},"excerpt":{"rendered":"<p>\u1ed0ng k\u00ednh: 10X optical zoom Khu v\u1ef1c ch\u1ee5p \u1ea3nh: A3 (420mm x 297mm) Zoom: 17X optical zoom (10X zoom lens+1.7X<\/p>\n","protected":false},"featured_media":32473,"comment_status":"open","ping_status":"closed","template":"","meta":[],"product_brand":[236],"product_cat":[91],"product_tag":[],"class_list":{"0":"post-32472","1":"product","2":"type-product","3":"status-publish","4":"has-post-thumbnail","6":"product_brand-may-chieu-vat-the","7":"product_cat-thiet-bi-cntt","9":"first","10":"instock","11":"shipping-taxable","12":"product-type-simple"},"_links":{"self":[{"href":"https:\/\/108giahoa.com\/index.php?rest_route=\/wp\/v2\/product\/32472","targetHints":{"allow":["GET"]}}],"collection":[{"href":"https:\/\/108giahoa.com\/index.php?rest_route=\/wp\/v2\/product"}],"about":[{"href":"https:\/\/108giahoa.com\/index.php?rest_route=\/wp\/v2\/types\/product"}],"replies":[{"embeddable":true,"href":"https:\/\/108giahoa.com\/index.php?rest_route=%2Fwp%2Fv2%2Fcomments&post=32472"}],"version-history":[{"count":1,"href":"https:\/\/108giahoa.com\/index.php?rest_route=\/wp\/v2\/product\/32472\/revisions"}],"predecessor-version":[{"id":32474,"href":"https:\/\/108giahoa.com\/index.php?rest_route=\/wp\/v2\/product\/32472\/revisions\/32474"}],"wp:featuredmedia":[{"embeddable":true,"href":"https:\/\/108giahoa.com\/index.php?rest_route=\/wp\/v2\/media\/32473"}],"wp:attachment":[{"href":"https:\/\/108giahoa.com\/index.php?rest_route=%2Fwp%2Fv2%2Fmedia&parent=32472"}],"wp:term":[{"taxonomy":"product_brand","embeddable":true,"href":"https:\/\/108giahoa.com\/index.php?rest_route=%2Fwp%2Fv2%2Fproduct_brand&post=32472"},{"taxonomy":"product_cat","embeddable":true,"href":"https:\/\/108giahoa.com\/index.php?rest_route=%2Fwp%2Fv2%2Fproduct_cat&post=32472"},{"taxonomy":"product_tag","embeddable":true,"href":"https:\/\/108giahoa.com\/index.php?rest_route=%2Fwp%2Fv2%2Fproduct_tag&post=32472"}],"curies":[{"name":"wp","href":"https:\/\/api.w.org\/{rel}","templated":true}]}}