{"id":32475,"date":"2026-04-02T07:27:54","date_gmt":"2026-04-02T07:27:54","guid":{"rendered":"https:\/\/108giahoa.com\/?post_type=product&#038;p=32475"},"modified":"2026-04-02T07:27:55","modified_gmt":"2026-04-02T07:27:55","slug":"camera-vat-the-zoom-8x-digital","status":"publish","type":"product","link":"https:\/\/108giahoa.com\/?product=camera-vat-the-zoom-8x-digital","title":{"rendered":"Camera v\u1eadt th\u1ec3  (Zoom: 8X digital)"},"content":{"rendered":"<p><strong>Th\u00f4ng s\u1ed1 k\u1ef9 thu\u1eadt:<\/strong><\/p>\n<p>Xu\u1ea5t x\u1ee9: \u0110\u00e0i Loan<br \/>\nB\u1ea3o h\u00e0nh : 12 th\u00e1ng<br \/>\nKhu v\u1ef1c ch\u1ee5p \u1ea3nh: A3 (420mm x 297mm)<br \/>\nZoom: 8X digital<br \/>\nFocus: Auto \/ \u0110i\u1ec1u ch\u1ec9nh<br \/>\nC\u00f4ng ngh\u1ec7 chi\u1ebfu s\u00e1ng: H\u1ec7 th\u1ed1ng chi\u1ebfu s\u00e1ng LED<br \/>\nC\u1ea3m bi\u1ebfn \u1ea3nh: 13 Mega Pixels<br \/>\nS\u1ed1 \u0111i\u1ec3m \u1ea3nh: 0,8M \/2M \/5M\/ 8M \/ 13MP<br \/>\n\u0110\u1ed9 ph\u00e2n gi\u1ea3i \u0111\u1ea7u ra HDMI: 1080i, 720p<br \/>\n\u0110\u1ed9 ph\u00e2n gi\u1ea3i \u0111\u1ea7u ra VGA: UXGA,XGA<br \/>\nC\u00e2n b\u1eb1ng tr\u1eafng: Auto\/ \u0110i\u1ec1u ch\u1ec9nh<br \/>\n\u0110\u1ed9 s\u00e1ng : H\u1ed7 tr\u1ee3 \u00b17<br \/>\nCh\u1ebf \u0111\u1ed9 tr\u00ecnh chi\u1ebfu: Freeze \/ Highlight \/ Mask \/ Flip \/ PIP \/ Slideshow<br \/>\nHi\u1ec7u \u1ee9ng h\u00ecnh \u1ea3nh: Text \/ Graphics \/ B&amp;amp;W \/ Negative \/ Sketch<br \/>\nC\u1ed5ng k\u1ebft n\u1ed1i: VGA x 01, HDMI x 01, USB x 01,Power Jack x 01<br \/>\nH\u1ed7 tr\u1ee3 th\u1ebb nh\u1edb ngo\u00e0i: T\u1ed1i \u0111a 32GB<br \/>\nNgu\u1ed3n \u0111i\u1ec7n: DC 5V, 100-240V, 50-60Hz<br \/>\nCh\u1ee9ng ch\u1ec9: ISO 9001, ISO 14001,<\/p>\n<p><strong>T\u00ednh n\u0103ng c\u00f4ng ngh\u1ec7:<\/strong><br \/>\nT\u00ednh n\u0103ng \u0111\u00e1nh d\u1ea5u \u0111\u1ec3 thu h\u00fat s\u1ef1 ch\u00fa \u00fd \u0111\u1ebfn m\u1ed9t ph\u1ea7n c\u1ee5 th\u1ec3 c\u1ee7a h\u00ecnh \u1ea3nh \u0111\u1ea7u ra (S\u1eed d\u1ee5ng n\u00fat \u0111\u00e1nh d\u1ea5u tr\u00ean \u0111i\u1ec1u khi\u1ec3n t\u1eeb xa v\u00e0 s\u1eed d\u1ee5ng c\u00e1c n\u00fat \u0111i\u1ec1u h\u01b0\u1edbng \u0111\u1ec3 di chuy\u1ec3n v\u00f9ng \u0111\u01b0\u1ee3c t\u00f4 s\u00e1ng).<br \/>\nT\u00ednh n\u0103ng che h\u00ecnh \u1ea3nh hi\u1ec3n th\u1ecb h\u1ed7 tr\u1ee3 qu\u00e1 tr\u00ecnh gi\u1ea3ng d\u1ea1y (S\u1eed d\u1ee5ng n\u00fat n\u00fat M\u1eb7t n\u1ea1 tr\u00ean \u0111i\u1ec1u khi\u1ec3n t\u1eeb xa v\u00e0 s\u1eed d\u1ee5ng c\u00e1c n\u00fat \u0111i\u1ec1u h\u01b0\u1edbng \u0111\u1ec3 di chuy\u1ec3n v\u00f9ng b\u1ecb che ).<br \/>\nT\u00ednh n\u0103ng hi\u1ec3n th\u1ecb h\u00ecnh \u1ea3nh t\u0129nh trong khi \u0111ang tr\u00ecnh chi\u1ebfu (H\u00ecnh \u1ea3nh t\u0129nh b\u1eb1ng 1\/4 h\u00ecnh \u1ea3nh tr\u00ecnh chi\u1ebfu,s\u1eed d\u1ee5ng n\u00fat l\u00ean xu\u1ed1ng \u0111\u1ec3 d\u1ecbch chuy\u1ec3n h\u00ecnh \u1ea3nh ).<br \/>\nK\u1ebft n\u1ed1i v\u1edbi k\u00ednh hi\u1ec3n vi cho ph\u00e9p ki\u1ec3m tra c\u00e1c v\u1eadt th\u1ec3 si\u00eau nh\u1ecf tr\u00ean m\u00e0n h\u00ecnh l\u1edbn.<br \/>\nK\u1ebft n\u1ed1i tr\u1ef1c ti\u1ebfp v\u1edbi laptop, PC th\u00f4ng qua c\u1ed5ng USB.<br \/>\nCh\u1ee9c n\u0103ng cho ph\u00e9p ng\u01b0\u1eddi d\u00f9ng hi\u1ec3n th\u1ecb h\u00ecnh \u1ea3nh tr\u00ecnh chi\u1ebfu tr\u1ef1c ti\u1ebfp t\u1eeb m\u00e1y camera v\u1eadt th\u1ec3 l\u00ean m\u00e0n h\u00ecnh m\u00e1y t\u00ednh.<br \/>\nCh\u1ebf \u0111\u1ed9 ch\u1ee5p l\u1ea1i h\u00ecnh \u1ea3nh \u0111ang tr\u00ecnh chi\u1ebfu tr\u1ef1c ti\u1ebfp t\u1eeb m\u00e1y chi\u1ebfu v\u1eadt th\u1ec3.C\u00f3 th\u1ec3 vi\u1ebft, v\u1ebd, ch\u00fa th\u00edch v\u00e0 l\u01b0u tr\u1eef h\u00ecnh \u1ea3nh \u0111\u00f3 v\u00e0o laptop ho\u1eb7c PC.<br \/>\nH\u1ed7 tr\u1ee3 nhi\u1ec1u lo\u1ea1i c\u00f4ng c\u1ee5 vi\u1ebft v\u1ebd kh\u00e1c nhau nh\u01b0 b\u00fat, t\u1ea9y&#8230; ng\u01b0\u1eddi d\u00f9ng c\u00f3 th\u1ec3 t\u00f9y \u00fd \u0111i\u1ec1u ch\u1ec9nh, thay \u0111\u1ed5i m\u00e0u s\u1eafc, n\u00e9t vi\u1ebft, t\u1ea9y xo\u00e1, theo nhu c\u1ea7u s\u1eed d\u1ee5ng c\u00e1 nh\u00e2n.<br \/>\nCh\u1ee9c n\u0103ng ph\u00f3ng to thu nh\u1ecf, quay khung h\u00ecnh 360 \u0111\u1ed9&#8230; \u0111\u1ec1u \u0111\u01b0\u1ee3c th\u1ef1c hi\u1ec7n tr\u1ef1c ti\u1ebfp th\u00f4ng qua ph\u1ea7n m\u1ec1m \u0111\u01b0\u1ee3c c\u00e0i \u0111\u1eb7t tr\u00ean m\u00e1y t\u00ednh, ng\u01b0\u1eddi d\u00f9ng kh\u00f4ng c\u1ea7n ph\u1ea3i thao t\u00e1c v\u1edbi m\u1eabu v\u1eadt trong qu\u00e1 tr\u00ecnh s\u1eed d\u1ee5ng.<br \/>\nCh\u00e8n h\u00ecnh \u1ea3nh,vi\u1ebft, v\u1ebd,ch\u00fa th\u00edch tr\u1ef1c ti\u1ebfp v\u00e0o h\u00ecnh \u1ea3nh \u0111ang tr\u00ecnh chi\u1ebfu.<br \/>\nCh\u1ee9c n\u0103ng ghi \u00e2m l\u1ea1i qu\u00e1 tr\u00ecnh tr\u00ecnh chi\u1ebfu gi\u00fap gi\u00e1o vi\u00ean c\u00f3 th\u1ec3 l\u01b0u tr\u1eef b\u00e0i gi\u1ea3ng.<\/p>\n","protected":false},"excerpt":{"rendered":"<p>Th\u00f4ng s\u1ed1 k\u1ef9 thu\u1eadt: Xu\u1ea5t x\u1ee9: \u0110\u00e0i Loan B\u1ea3o h\u00e0nh : 12 th\u00e1ng Khu v\u1ef1c ch\u1ee5p \u1ea3nh: A3 (420mm x<\/p>\n","protected":false},"featured_media":32476,"comment_status":"open","ping_status":"closed","template":"","meta":[],"product_brand":[236],"product_cat":[91],"product_tag":[],"class_list":{"0":"post-32475","1":"product","2":"type-product","3":"status-publish","4":"has-post-thumbnail","6":"product_brand-may-chieu-vat-the","7":"product_cat-thiet-bi-cntt","9":"first","10":"instock","11":"shipping-taxable","12":"product-type-simple"},"_links":{"self":[{"href":"https:\/\/108giahoa.com\/index.php?rest_route=\/wp\/v2\/product\/32475","targetHints":{"allow":["GET"]}}],"collection":[{"href":"https:\/\/108giahoa.com\/index.php?rest_route=\/wp\/v2\/product"}],"about":[{"href":"https:\/\/108giahoa.com\/index.php?rest_route=\/wp\/v2\/types\/product"}],"replies":[{"embeddable":true,"href":"https:\/\/108giahoa.com\/index.php?rest_route=%2Fwp%2Fv2%2Fcomments&post=32475"}],"version-history":[{"count":1,"href":"https:\/\/108giahoa.com\/index.php?rest_route=\/wp\/v2\/product\/32475\/revisions"}],"predecessor-version":[{"id":32477,"href":"https:\/\/108giahoa.com\/index.php?rest_route=\/wp\/v2\/product\/32475\/revisions\/32477"}],"wp:featuredmedia":[{"embeddable":true,"href":"https:\/\/108giahoa.com\/index.php?rest_route=\/wp\/v2\/media\/32476"}],"wp:attachment":[{"href":"https:\/\/108giahoa.com\/index.php?rest_route=%2Fwp%2Fv2%2Fmedia&parent=32475"}],"wp:term":[{"taxonomy":"product_brand","embeddable":true,"href":"https:\/\/108giahoa.com\/index.php?rest_route=%2Fwp%2Fv2%2Fproduct_brand&post=32475"},{"taxonomy":"product_cat","embeddable":true,"href":"https:\/\/108giahoa.com\/index.php?rest_route=%2Fwp%2Fv2%2Fproduct_cat&post=32475"},{"taxonomy":"product_tag","embeddable":true,"href":"https:\/\/108giahoa.com\/index.php?rest_route=%2Fwp%2Fv2%2Fproduct_tag&post=32475"}],"curies":[{"name":"wp","href":"https:\/\/api.w.org\/{rel}","templated":true}]}}