{"id":32478,"date":"2026-04-02T07:36:02","date_gmt":"2026-04-02T07:36:02","guid":{"rendered":"https:\/\/108giahoa.com\/?post_type=product&#038;p=32478"},"modified":"2026-04-02T07:36:02","modified_gmt":"2026-04-02T07:36:02","slug":"loa-am-tran-6w-toa-pc-648r","status":"publish","type":"product","link":"https:\/\/108giahoa.com\/?product=loa-am-tran-6w-toa-pc-648r","title":{"rendered":"Loa \u00e2m tr\u1ea7n 6W: TOA PC-648R"},"content":{"rendered":"<p>Loa \u00e2m tr\u1ea7n\u00a0<a title=\"Loa TOA, \u00e2m thanh TOA\" href=\"https:\/\/toavietnam.net\/\" target=\"_blank\" rel=\"noopener\">TOA<\/a>\u00a0<a title=\"Loa \u00e2m tr\u1ea7n 6W: TOA PC-648R\" href=\"https:\/\/toavietnam.net\/178-loa-am-tran-6w-toa-pc-648r.html\" target=\"_blank\" rel=\"noopener\">PC-648R<\/a>\u00a0TOA c\u00f3 c\u00f4ng su\u1ea5t ph\u00e1t t\u00f9y ch\u1ecdn 6W\/3W c\u00f3 tai g\u1eafn, c\u00f3 th\u1ec3 g\u1eafn tr\u1ef1c ti\u1ebfp l\u00ean m\u1eb7t tr\u1ea7n. C\u00f4ng su\u1ea5t loa d\u1ec5 d\u00e0ng thay \u0111\u1ed5i th\u00f4ng qua v\u1ecb tr\u00ed n\u1ed1i d\u00e2y tr\u00ean loa. S\u1eed d\u1ee5ng trong \u00e2m thanh th\u00f4ng b\u00e1o di t\u1ea3n trong to\u00e0 nh\u00e0, v\u0103n ph\u00f2ng, Tr\u01b0\u1eddng h\u1ecdc<\/p>\n<h4>Th\u00f4ng s\u1ed1 k\u1ef9 thu\u1eadt\u00a0Loa \u00e2m tr\u1ea7n TOA\u00a0PC-648R<\/h4>\n<table style=\"height: 805px;\" width=\"990\">\n<tbody>\n<tr class=\"firstRow\">\n<th>C\u00f4ng su\u1ea5t<\/th>\n<td>6 W (100 V line), 3 W (70 V line)<\/td>\n<\/tr>\n<tr>\n<th>Tr\u1edf kh\u00e1ng<\/th>\n<td>100 V line: 1.7 k\u03a9 (6 W), 3.3 k\u03a9 (3 W), 10 k\u03a9 (1 W)<\/p>\n<p>70 V line: 1.7 k\u03a9 (3 W), 3.3 k\u03a9 (1.5 W), 10 k\u03a9 (0.5 W)<\/td>\n<\/tr>\n<tr>\n<th>C\u01b0\u1eddng \u0111\u1ed9 \u00e2m<\/th>\n<td>90 dB (1 W, 1 m) (500 Hz &#8211; 5 kHz, pink noise)<\/td>\n<\/tr>\n<tr>\n<th>\u0110\u00e1p tuy\u1ebfn t\u1ea7n s\u1ed1<\/th>\n<td>100 Hz &#8211; 18 kHz (\u0111\u1ec9nh -20 dB)<\/td>\n<\/tr>\n<tr>\n<th>Th\u00e0nh ph\u1ea7n loa<\/th>\n<td>Loa h\u00ecnh n\u00f3n, \u0111\u01b0\u1eddng k\u00ednh 12cm<\/td>\n<\/tr>\n<tr>\n<th>\u0110\u01b0\u1eddng k\u00ednh l\u1ed7 g\u1eafn tr\u1ea7n<\/th>\n<td>L\u1ed7 g\u1eafn tr\u1ea7n: \u03c6145\u00b15 mm<\/p>\n<p>\u0110\u1ed9 d\u00e0y tr\u1ea7n: 5 &#8211; 25 mm<\/td>\n<\/tr>\n<tr>\n<th>Ph\u01b0\u01a1ng th\u1ee9c g\u1eb1n tr\u1ea7n<\/th>\n<td>M\u00f3c treo \u0111\u00e0n h\u1ed3i<\/td>\n<\/tr>\n<tr>\n<th>V\u1eadt li\u1ec7u<\/th>\n<td>V\u00e0nh loa: nh\u1ef1a Polypropylene tr\u1eafng nh\u1ea1t (RAL9016)<\/p>\n<p>L\u01b0\u1edbi: theo ph\u1ee7 m\u00e0u tr\u1eafng nh\u1ea1t (RAL9016)<\/td>\n<\/tr>\n<tr>\n<th>K\u00edch th\u01b0\u1edbc<\/th>\n<td>\u03c6168 \u00d7 77 (D) mm<\/td>\n<\/tr>\n<tr>\n<th>Kh\u1ed1i l\u01b0\u1ee3ng<\/th>\n<td>470 g<\/td>\n<\/tr>\n<tr>\n<th>Ph\u1ee5 ki\u1ec7n \u0111i k\u00e8m<\/th>\n<td>Gi\u1ea5y h\u01b0\u1edbng d\u1eabn kho\u00e9t tr\u1ea7n x 1<\/td>\n<\/tr>\n<\/tbody>\n<\/table>\n","protected":false},"excerpt":{"rendered":"<p>Loa \u00e2m tr\u1ea7n\u00a0TOA\u00a0PC-648R\u00a0TOA c\u00f3 c\u00f4ng su\u1ea5t ph\u00e1t t\u00f9y ch\u1ecdn 6W\/3W c\u00f3 tai g\u1eafn, c\u00f3 th\u1ec3 g\u1eafn tr\u1ef1c ti\u1ebfp l\u00ean m\u1eb7t<\/p>\n","protected":false},"featured_media":32479,"comment_status":"open","ping_status":"closed","template":"","meta":[],"product_brand":[218],"product_cat":[90],"product_tag":[],"class_list":{"0":"post-32478","1":"product","2":"type-product","3":"status-publish","4":"has-post-thumbnail","6":"product_brand-am-thanh-toa","7":"product_cat-thiet-bi-am-thanh","9":"first","10":"instock","11":"shipping-taxable","12":"product-type-simple"},"_links":{"self":[{"href":"https:\/\/108giahoa.com\/index.php?rest_route=\/wp\/v2\/product\/32478","targetHints":{"allow":["GET"]}}],"collection":[{"href":"https:\/\/108giahoa.com\/index.php?rest_route=\/wp\/v2\/product"}],"about":[{"href":"https:\/\/108giahoa.com\/index.php?rest_route=\/wp\/v2\/types\/product"}],"replies":[{"embeddable":true,"href":"https:\/\/108giahoa.com\/index.php?rest_route=%2Fwp%2Fv2%2Fcomments&post=32478"}],"version-history":[{"count":1,"href":"https:\/\/108giahoa.com\/index.php?rest_route=\/wp\/v2\/product\/32478\/revisions"}],"predecessor-version":[{"id":32480,"href":"https:\/\/108giahoa.com\/index.php?rest_route=\/wp\/v2\/product\/32478\/revisions\/32480"}],"wp:featuredmedia":[{"embeddable":true,"href":"https:\/\/108giahoa.com\/index.php?rest_route=\/wp\/v2\/media\/32479"}],"wp:attachment":[{"href":"https:\/\/108giahoa.com\/index.php?rest_route=%2Fwp%2Fv2%2Fmedia&parent=32478"}],"wp:term":[{"taxonomy":"product_brand","embeddable":true,"href":"https:\/\/108giahoa.com\/index.php?rest_route=%2Fwp%2Fv2%2Fproduct_brand&post=32478"},{"taxonomy":"product_cat","embeddable":true,"href":"https:\/\/108giahoa.com\/index.php?rest_route=%2Fwp%2Fv2%2Fproduct_cat&post=32478"},{"taxonomy":"product_tag","embeddable":true,"href":"https:\/\/108giahoa.com\/index.php?rest_route=%2Fwp%2Fv2%2Fproduct_tag&post=32478"}],"curies":[{"name":"wp","href":"https:\/\/api.w.org\/{rel}","templated":true}]}}