{"id":32481,"date":"2026-04-02T07:39:42","date_gmt":"2026-04-02T07:39:42","guid":{"rendered":"https:\/\/108giahoa.com\/?post_type=product&#038;p=32481"},"modified":"2026-04-02T07:39:42","modified_gmt":"2026-04-02T07:39:42","slug":"loa-cot-60w-toa-tz-606w","status":"publish","type":"product","link":"https:\/\/108giahoa.com\/?product=loa-cot-60w-toa-tz-606w","title":{"rendered":"Loa c\u1ed9t 60W: TOA TZ-606W"},"content":{"rendered":"<p><a title=\"TZ-606W\" href=\"https:\/\/toavietnam.net\/408-loa-cot-60w-toa-tz-606w.html\" target=\"_blank\" rel=\"noopener\"><strong>TZ-606W<\/strong><\/a>\u00a0l\u00e0 loa c\u1ed9t 60W, m\u00e0u tr\u1eafng, tr\u1edf kh\u00e1ng cao, TZ-606W cho ch\u1ea5t l\u01b0\u1ee3ng \u00e2m thanh r\u00f5 r\u00e0ng, trung th\u1ef1c. \u1ee8ng d\u1ee5ng nhi\u1ec1u trong gi\u1ea3ng \u0111\u01b0\u1eddng, l\u1edbp h\u1ecdc, ph\u00f2ng h\u1ecdc v\u00e0 c\u00e1c khu nh\u00e0 h\u00e0ng, qu\u00e1n caf\u00e9, ph\u00f2ng nghe nh\u1ea1c, giao h\u01b0\u1edfng th\u00ednh ph\u00f2ng&#8230;.<\/p>\n<p><em><strong>Th\u00f4ng s\u1ed1 k\u1ef9 thu\u1eadt:<\/strong><\/em><\/p>\n<table>\n<tbody>\n<tr class=\"firstRow\">\n<th>Lo\u1ea1i v\u1ecf loa<\/th>\n<td width=\"735\">\u0110\u00f3ng k\u00edn<\/td>\n<\/tr>\n<tr>\n<th>C\u00f4ng su\u1ea5t<\/th>\n<td width=\"735\">60 W<\/td>\n<\/tr>\n<tr>\n<th>Tr\u1edf kh\u00e1ng<\/th>\n<td width=\"735\">100 V line: 170 \u03a9 (60 W), 330 \u03a9 (30 W), 670 \u03a9 (15 W), 1.3 k\u03a9 (7.5 W)<br \/>\n70 V line: 170 \u03a9 (30 W), 330 \u03a9 (15 W), 670 \u03a9 (7.5 W), 1.3 k\u03a9 (3.8 W)<\/td>\n<\/tr>\n<tr>\n<th>C\u01b0\u1eddng \u0111\u1ed9 \u00e2m<\/th>\n<td width=\"735\">95 dB (1 W, 1 m)<\/td>\n<\/tr>\n<tr>\n<th>\u0110\u00e1p tuy\u1ebfn t\u1ea7n s\u1ed1<\/th>\n<td width=\"735\">150 Hz &#8211; 16,000 Hz<\/td>\n<\/tr>\n<tr>\n<th>Th\u00e0nh ph\u1ea7n loa<\/th>\n<td width=\"735\">6 loa h\u00ecnh n\u00f3n, \u0111\u01b0\u1eddng k\u00ednh 10 cm<\/td>\n<\/tr>\n<tr>\n<th>Ki\u1ec3u k\u1ebft n\u1ed1i d\u00e2y<\/th>\n<td width=\"735\">\u1ea4n ph\u00edm<\/td>\n<\/tr>\n<tr>\n<th>V\u1eadt li\u1ec7u<\/th>\n<td width=\"735\">V\u1ecf: HIPS, s\u01a1n m\u00e0u tr\u1eafng<br \/>\nL\u01b0\u1edbi ph\u1ee7: l\u01b0\u1edbi th\u00e9p, s\u01a1n m\u00e0u tr\u1eafng<br \/>\nGi\u00e1 treo: nh\u00f4m \u0111\u00fac, s\u01a1n m\u00e0u tr\u1eafng<br \/>\nGi\u00e1 n\u1ed5i treo t\u01b0\u1eddng: th\u00e9p, s\u01a1n m\u00e0u tr\u1eafng<\/td>\n<\/tr>\n<tr>\n<th>K\u00edch th\u01b0\u1edbc<\/th>\n<td width=\"735\">135 (R) \u00d7 746 (C) \u00d7 128 (S) mm<\/td>\n<\/tr>\n<tr>\n<th>Kh\u1ed1i l\u01b0\u1ee3ng<\/th>\n<td width=\"735\">5.5 kg (t\u00ednh cho m\u1ed9t thi\u1ebft b\u1ecb)<\/td>\n<\/tr>\n<tr>\n<th>Ph\u1ee5 ki\u1ec7n \u0111i k\u00e8m<\/th>\n<td width=\"735\">Gi\u00e1 \u0111\u1ee1 loa x 1, thanh li\u00ean k\u1ebft x 1, thanh g\u1eafn t\u01b0\u1eddng x 1, \u1ed0c c\u1ed1 \u0111\u1ecbnh (M5 x 60) x 1, \u1ed0c l\u1ee5c gi\u00e1c (M6 x 12) (g\u1ed3m \u0111ai \u1ed1c) x 2, \u1ed1c v\u00edt m\u00e1y ren tr\u01a1n (M5 x 20) (g\u1ed3m \u0111\u1ea1i \u1ed1c) x 2, \u1ed0c l\u1ee5c gi\u00e1t (M8x 15) x 1<\/td>\n<\/tr>\n<tr>\n<th>Ph\u1ee5 ki\u1ec7n t\u00f9y ch\u1ecdn<\/th>\n<td width=\"735\">Ch\u00e2n \u0111\u1ebf loa: ST-16A<\/td>\n<\/tr>\n<\/tbody>\n<\/table>\n","protected":false},"excerpt":{"rendered":"<p>TZ-606W\u00a0l\u00e0 loa c\u1ed9t 60W, m\u00e0u tr\u1eafng, tr\u1edf kh\u00e1ng cao, TZ-606W cho ch\u1ea5t l\u01b0\u1ee3ng \u00e2m thanh r\u00f5 r\u00e0ng, trung th\u1ef1c. \u1ee8ng<\/p>\n","protected":false},"featured_media":32482,"comment_status":"open","ping_status":"closed","template":"","meta":[],"product_brand":[218],"product_cat":[91],"product_tag":[],"class_list":{"0":"post-32481","1":"product","2":"type-product","3":"status-publish","4":"has-post-thumbnail","6":"product_brand-am-thanh-toa","7":"product_cat-thiet-bi-cntt","9":"first","10":"instock","11":"shipping-taxable","12":"product-type-simple"},"_links":{"self":[{"href":"https:\/\/108giahoa.com\/index.php?rest_route=\/wp\/v2\/product\/32481","targetHints":{"allow":["GET"]}}],"collection":[{"href":"https:\/\/108giahoa.com\/index.php?rest_route=\/wp\/v2\/product"}],"about":[{"href":"https:\/\/108giahoa.com\/index.php?rest_route=\/wp\/v2\/types\/product"}],"replies":[{"embeddable":true,"href":"https:\/\/108giahoa.com\/index.php?rest_route=%2Fwp%2Fv2%2Fcomments&post=32481"}],"version-history":[{"count":1,"href":"https:\/\/108giahoa.com\/index.php?rest_route=\/wp\/v2\/product\/32481\/revisions"}],"predecessor-version":[{"id":32483,"href":"https:\/\/108giahoa.com\/index.php?rest_route=\/wp\/v2\/product\/32481\/revisions\/32483"}],"wp:featuredmedia":[{"embeddable":true,"href":"https:\/\/108giahoa.com\/index.php?rest_route=\/wp\/v2\/media\/32482"}],"wp:attachment":[{"href":"https:\/\/108giahoa.com\/index.php?rest_route=%2Fwp%2Fv2%2Fmedia&parent=32481"}],"wp:term":[{"taxonomy":"product_brand","embeddable":true,"href":"https:\/\/108giahoa.com\/index.php?rest_route=%2Fwp%2Fv2%2Fproduct_brand&post=32481"},{"taxonomy":"product_cat","embeddable":true,"href":"https:\/\/108giahoa.com\/index.php?rest_route=%2Fwp%2Fv2%2Fproduct_cat&post=32481"},{"taxonomy":"product_tag","embeddable":true,"href":"https:\/\/108giahoa.com\/index.php?rest_route=%2Fwp%2Fv2%2Fproduct_tag&post=32481"}],"curies":[{"name":"wp","href":"https:\/\/api.w.org\/{rel}","templated":true}]}}