{"id":32489,"date":"2026-04-02T07:48:38","date_gmt":"2026-04-02T07:48:38","guid":{"rendered":"https:\/\/108giahoa.com\/?post_type=product&#038;p=32489"},"modified":"2026-04-02T07:48:38","modified_gmt":"2026-04-02T07:48:38","slug":"loa-hop-hai-duong-tieng-60w-toa-f-08wt","status":"publish","type":"product","link":"https:\/\/108giahoa.com\/?product=loa-hop-hai-duong-tieng-60w-toa-f-08wt","title":{"rendered":"Loa h\u1ed9p hai \u0111\u01b0\u1eddng ti\u1ebfng 60W: TOA F-08WT"},"content":{"rendered":"<p><a title=\"Loa h\u1ed9p hai \u0111\u01b0\u1eddng ti\u1ebfng 60W: TOA F-08WT\" href=\"https:\/\/toavietnam.net\/814-loa-hop-hai-duong-tieng-60w-toa-f-08wt.html\" target=\"_blank\" rel=\"noopener\">F-08WT<\/a>\u00a0thu\u1ed9c d\u00f2ng Loa h\u1ed9p\u00a0loa hai \u0111\u01b0\u1eddng ti\u1ebfng, m\u00e0u tr\u1eafng, c\u00f4ng su\u1ea5t ph\u00e1t 60W, \u0111\u01b0\u1ee3c thi\u1ebft k\u1ebf nh\u1eb1m m\u1ee5c \u0111\u00edch mang l\u1ea1i \u00e2m thanh ch\u1ea5t l\u01b0\u1ee3ng cao cho nhi\u1ec1u \u1ee9ng d\u1ee5ng kh\u00e1c nhau. Loa ph\u00f9 h\u1ee3p ph\u00e1t nh\u1ea1c n\u1ec1n c\u0169ng nh\u01b0 ph\u00e1t \u00e2m thanh th\u00f4ng b\u00e1o. V\u1edbi ki\u1ec3u d\u00e1ng \u0111\u1eb9p m\u1eaft, loa c\u00f3 th\u1ec3 \u0111\u01b0\u1ee3c g\u1eafn l\u00ean t\u01b0\u1eddng ho\u1eb7c tr\u1ea7n nh\u00e0 v\u00e0 c\u00f3 th\u1ec3 h\u00e0i h\u00f2a v\u1edbi b\u1ea5t k\u1ef3 kh\u00f4ng gian n\u1ed9i th\u1ea5t n\u00e0o. Th\u00eam v\u00e0o \u0111\u00f3 loa c\u00f2n \u0111\u01b0\u1ee3c c\u1ea3i ti\u1ebfn t\u00ednh n\u0103ng l\u1eafp \u0111\u1eb7t t\u1ea1m th\u1eddi gi\u00fap cho vi\u1ec7c l\u1eafp \u0111\u1eb7t \u0111i d\u00e2y, \u0111i\u1ec1u ch\u1ec9nh g\u00f3c ph\u00e2n t\u00e1n tr\u1edf n\u00ean \u0111\u01a1n gi\u1ea3n, d\u1ec5 d\u00e0ng m\u00e0 v\u1eabn \u0111\u1ea3m b\u1ea3o \u0111\u1ed9 an to\u00e0n.<\/p>\n<h4>Th\u00f4ng s\u1ed1 k\u1ef9 thu\u1eadt c\u1ee7a loa h\u1ed9p\u00a0<a title=\"Loa h\u1ed9p hai \u0111\u01b0\u1eddng ti\u1ebfng 60W: TOA F-08WT\" href=\"https:\/\/toavietnam.net\/814-loa-hop-hai-duong-tieng-60w-toa-f-08wt.html\" target=\"_blank\" rel=\"noopener\">F-08WT<\/a><\/h4>\n<table>\n<tbody>\n<tr class=\"firstRow\">\n<th>V\u1ecf<\/th>\n<td valign=\"top\">Lo\u1ea1i ph\u1ea3n x\u1ea1 \u00e2m tr\u1ea7m<\/td>\n<\/tr>\n<tr>\n<th>C\u00f4ng su\u1ea5t \u0111\u00e1p \u1ee9ng\u00a0(*1)<\/th>\n<td valign=\"top\" width=\"600\">Rated noise power: 90 W (8\u03a9)<br \/>\nContinuous program: 180 W (8\u03a9)<\/td>\n<\/tr>\n<tr>\n<th>Ng\u00f5 v\u00e0o \u0111\u1ecbnh m\u1ee9c<\/th>\n<td valign=\"top\" width=\"600\">60 W (100 V line, 70 V line)<\/td>\n<\/tr>\n<tr>\n<th>Tr\u1edf kh\u00e1ng \u0111\u1ecbnh m\u1ee9c<\/th>\n<td valign=\"top\" width=\"600\">8\u00a0\u03a9100 V line: 170\u03a9\u00a0(60 W), 330\u03a9\u00a0(30 W), 670\u03a9\u00a0(15 W), 3.3 k\u03a9 (3 W)70 V line: 83 \u03a9 (60 W), 170\u03a9\u00a0(30 W), 330\u03a9\u00a0(15 W), 670\u03a9 (7.5 W), 3.3 k\u03a9 (1.5 W)<\/td>\n<\/tr>\n<tr>\n<th>C\u01b0\u1eddng \u0111\u1ed9 \u00e2m<\/th>\n<td valign=\"top\" width=\"600\">91 dB (1 W, 1 m)\u00a0l\u1eafp \u0111\u1eb7t trong 1\/2 tr\u01b0\u1eddng \u00e2m t\u1ef1 do<\/td>\n<\/tr>\n<tr>\n<th>\u0110\u00e1p tuy\u1ebfn t\u1ea7n s\u1ed1<\/th>\n<td valign=\"top\" width=\"600\">50 Hz &#8211; 20 kHz, -10 dB\u00a0l\u1eafp \u0111\u1eb7t trong 1\/2 tr\u01b0\u1eddng \u00e2m t\u1ef1 do<\/td>\n<\/tr>\n<tr>\n<th>T\u1ea7n s\u1ed1 c\u1eaft<\/th>\n<td valign=\"top\" width=\"600\">3 kHz<\/td>\n<\/tr>\n<tr>\n<th>G\u00f3c h\u01b0\u1edbng t\u00ednh<\/th>\n<td valign=\"top\" width=\"600\">Ngang: 100\u00b0, d\u1ecdc: 100\u00b0<\/td>\n<\/tr>\n<tr>\n<th>Th\u00e0nh ph\u1ea7n loa<\/th>\n<td valign=\"top\" width=\"600\">T\u1ea7n s\u1ed1 th\u1ea5p: loa\u00a0PPcone 20 cm<br \/>\nT\u1ea7n s\u1ed1 cao: loa h\u00ecnh c\u1ea7u 25 mm<\/td>\n<\/tr>\n<tr>\n<th>\u0110\u1ea7u n\u1ed1i ng\u00f5 v\u00e0o<\/th>\n<td valign=\"top\" width=\"600\">C\u1ea7u \u0111\u1ea5u \u1ea5n<\/td>\n<\/tr>\n<tr>\n<th>Nhi\u1ec7t \u0111\u1ed9 ho\u1ea1t \u0111\u1ed9ng<\/th>\n<td valign=\"top\" width=\"600\">-10 \u00b0C \u0111\u1ebfn +50 \u00b0C<\/td>\n<\/tr>\n<tr>\n<th>M\u00f4i tr\u01b0\u1eddng l\u1eafp \u0111\u1eb7t<\/th>\n<td valign=\"top\" width=\"600\">L\u1eaft \u0111\u1eb7t trong nh\u00e0<\/td>\n<\/tr>\n<tr>\n<th>V\u1eadt li\u1ec7u<\/th>\n<td valign=\"top\" width=\"600\">V\u1ecf: nh\u1ef1a HIPS s\u01a1n tr\u1eafng\u00a0(t\u01b0\u01a1ng \u0111\u01b0\u01a1ng RAL 9016)<br \/>\nM\u1eb7t l\u01b0\u1edbi: nh\u00f4m s\u01a1n tr\u1eafng\u00a0(t\u01b0\u01a1ng \u0111\u01b0\u01a1ng\u00a0RAL 9016)<br \/>\nGi\u00e1 g\u1eafn loa: h\u1ee3p kim nh\u00f4m m\u00e0u tr\u1eafng\u00a0(t\u01b0\u01a1ng \u0111\u01b0\u01a1ng\u00a0RAL 9016)<br \/>\nGi\u00e1 \u0111\u1ee1: th\u00e9p t\u1ea5m, t4,\u00a0s\u01a1n tr\u1eafng\u00a0(t\u01b0\u01a1ng \u0111\u01b0\u01a1ng\u00a0RAL 9016)<br \/>\nN\u1eafp gi\u00e1 \u0111\u1ee1: nh\u1ef1a HIPS,\u00a0s\u01a1n tr\u1eafng\u00a0(t\u01b0\u01a1ng \u0111\u01b0\u01a1ng\u00a0RAL 9016)<\/td>\n<\/tr>\n<tr>\n<th>K\u00edch th\u01b0\u1edbc<\/th>\n<td valign=\"top\" width=\"600\">251 (R) x 392 (C) x 216 (S) mm<\/td>\n<\/tr>\n<tr>\n<th>Kh\u1ed1i l\u01b0\u1ee3ng<\/th>\n<td valign=\"top\" width=\"600\">5.2 kg<\/td>\n<\/tr>\n<tr>\n<th>Ph\u1ee5 ki\u1ec7n \u0111i k\u00e8m<\/th>\n<td valign=\"top\" width=\"600\">Gi\u00e1 g\u1eafn loa x 1, gi\u00e1 \u0111\u1ee1 x 1, n\u1eafp gi\u00e1 \u0111\u1ee1 x 1, v\u00edt g\u1eafn x 1 b\u1ed9<\/td>\n<\/tr>\n<\/tbody>\n<\/table>\n","protected":false},"excerpt":{"rendered":"<p>F-08WT\u00a0thu\u1ed9c d\u00f2ng Loa h\u1ed9p\u00a0loa hai \u0111\u01b0\u1eddng ti\u1ebfng, m\u00e0u tr\u1eafng, c\u00f4ng su\u1ea5t ph\u00e1t 60W, \u0111\u01b0\u1ee3c thi\u1ebft k\u1ebf nh\u1eb1m m\u1ee5c \u0111\u00edch mang<\/p>\n","protected":false},"featured_media":32490,"comment_status":"open","ping_status":"closed","template":"","meta":[],"product_brand":[218],"product_cat":[90],"product_tag":[],"class_list":{"0":"post-32489","1":"product","2":"type-product","3":"status-publish","4":"has-post-thumbnail","6":"product_brand-am-thanh-toa","7":"product_cat-thiet-bi-am-thanh","9":"first","10":"instock","11":"shipping-taxable","12":"product-type-simple"},"_links":{"self":[{"href":"https:\/\/108giahoa.com\/index.php?rest_route=\/wp\/v2\/product\/32489","targetHints":{"allow":["GET"]}}],"collection":[{"href":"https:\/\/108giahoa.com\/index.php?rest_route=\/wp\/v2\/product"}],"about":[{"href":"https:\/\/108giahoa.com\/index.php?rest_route=\/wp\/v2\/types\/product"}],"replies":[{"embeddable":true,"href":"https:\/\/108giahoa.com\/index.php?rest_route=%2Fwp%2Fv2%2Fcomments&post=32489"}],"version-history":[{"count":1,"href":"https:\/\/108giahoa.com\/index.php?rest_route=\/wp\/v2\/product\/32489\/revisions"}],"predecessor-version":[{"id":32491,"href":"https:\/\/108giahoa.com\/index.php?rest_route=\/wp\/v2\/product\/32489\/revisions\/32491"}],"wp:featuredmedia":[{"embeddable":true,"href":"https:\/\/108giahoa.com\/index.php?rest_route=\/wp\/v2\/media\/32490"}],"wp:attachment":[{"href":"https:\/\/108giahoa.com\/index.php?rest_route=%2Fwp%2Fv2%2Fmedia&parent=32489"}],"wp:term":[{"taxonomy":"product_brand","embeddable":true,"href":"https:\/\/108giahoa.com\/index.php?rest_route=%2Fwp%2Fv2%2Fproduct_brand&post=32489"},{"taxonomy":"product_cat","embeddable":true,"href":"https:\/\/108giahoa.com\/index.php?rest_route=%2Fwp%2Fv2%2Fproduct_cat&post=32489"},{"taxonomy":"product_tag","embeddable":true,"href":"https:\/\/108giahoa.com\/index.php?rest_route=%2Fwp%2Fv2%2Fproduct_tag&post=32489"}],"curies":[{"name":"wp","href":"https:\/\/api.w.org\/{rel}","templated":true}]}}