{"id":32495,"date":"2026-04-02T07:57:19","date_gmt":"2026-04-02T07:57:19","guid":{"rendered":"https:\/\/108giahoa.com\/?post_type=product&#038;p=32495"},"modified":"2026-04-02T07:57:32","modified_gmt":"2026-04-02T07:57:32","slug":"tang-am-lien-mixer-cong-suat-240w-toa-a-2240","status":"publish","type":"product","link":"https:\/\/108giahoa.com\/?product=tang-am-lien-mixer-cong-suat-240w-toa-a-2240","title":{"rendered":"T\u0103ng \u00e2m li\u1ec1n mixer c\u00f4ng su\u1ea5t 240W: TOA A-2240"},"content":{"rendered":"<p><em><strong>Th\u00f4ng s\u1ed1 k\u1ef9 thu\u1eadt<\/strong><\/em><\/p>\n<p>* 0 dB = 1 V<\/p>\n<table>\n<tbody>\n<tr class=\"firstRow\">\n<th>Ngu\u1ed3n \u0111i\u1ec7n<\/th>\n<td>220 &#8211; 240 V AC, or 24 &#8211; 30 V DC<\/td>\n<\/tr>\n<tr>\n<th>C\u00f4ng su\u1ea5t ra<\/th>\n<td>240 W<\/td>\n<\/tr>\n<tr>\n<th>C\u00f4ng su\u1ea5t ti\u00eau th\u1ee5<\/th>\n<td>238 W (EN60065), 520 W (v\u1edbi ngu\u1ed3n AC \u1edf m\u1ee9c c\u00f4ng su\u1ea5t ra),<br \/>\n15 A (v\u1edbi ngu\u1ed3n DC \u1edf m\u1ee9c c\u00f4ng su\u1ea5t ra)<\/td>\n<\/tr>\n<tr>\n<th>\u0110\u00e1p tuy\u1ebfn t\u1ea7n s\u1ed1<\/th>\n<td>50 &#8211; 20,000 Hz (\u00b13 dB)<\/td>\n<\/tr>\n<tr>\n<th>\u0110\u1ed9 m\u00e9o \u00e2m<\/th>\n<td>Nh\u1ecf h\u01a1n 1% t\u1ea1i 1 kHz, 1\/3 c\u00f4ng su\u1ea5t ra<\/td>\n<\/tr>\n<tr>\n<th>Ng\u00f5 v\u00e0o<\/th>\n<td>MIC 1-3: -60dB (0 dB=1V), 600\u2126, c\u00e2n b\u1eb1ng, ki\u1ec3u gi\u1eafc 6 ly<br \/>\nAUX 1,2: -20dB (0 dB=1V), 10k\u2126, kh\u00f4ng c\u00e2n b\u1eb1ng, ki\u1ec3u gi\u1eafc RCA (gi\u1eafc hoa sen)<\/td>\n<\/tr>\n<tr>\n<th>Ng\u00f5 ra<\/th>\n<td>\u0110\u1ea7u ra loa: c\u00e2n b\u1eb1ng<br \/>\nTr\u1edf kh\u00e1ng cao: 42\u2126 (100V), 21\u2126 (70V)<br \/>\nTr\u1edf kh\u00e1ng th\u1ea5p: 4\u2126 (31V)<br \/>\nNg\u00f5 ra cho ghi \u00e2m: 0dB (0 dB=1V), 600\u2126, kh\u00f4ng c\u00e2n b\u1eb1ng, ki\u1ec3u gi\u1eafc RCA (gi\u1eafc hoa sen)<\/td>\n<\/tr>\n<tr>\n<th>Ngu\u1ed3n phantom<\/th>\n<td>DC +21 V (MIC 1)<\/td>\n<\/tr>\n<tr>\n<th>T\u1ef7 l\u1ec7 S\/N<\/th>\n<td>Tr\u00ean 60dB<\/td>\n<\/tr>\n<tr>\n<th>\u0110i\u1ec1u ch\u1ec9nh \u00e2m s\u1eafc<\/th>\n<td>\u00c2m tr\u1ea7m: \u00b110dB t\u1ea1i 100Hz<br \/>\n\u00c2m b\u1ed5ng: : \u00b110dB t\u1ea1i 10kHz<\/td>\n<\/tr>\n<tr>\n<th>Ch\u1ebf \u0111\u1ed9 ng\u1eaft ti\u1ebfng<\/th>\n<td>MIC1: Gi\u1ea3m \u00e2m l\u01b0\u1ee3ng \u0111\u1ea7u v\u00e0o kh\u00e1c khi MIC 1 \u0111\u01b0\u1ee3c k\u00edch ho\u1ea1t, c\u00f3 th\u1ec3 \u0111i\u1ec1u ch\u1ec9nh t\u1eeb 0-30dB<\/td>\n<\/tr>\n<tr>\n<th>Hi\u1ec3n th\u1ecb<\/th>\n<td>Ngu\u1ed3n, t\u00edn hi\u1ec7u, m\u1ee9c \u0111\u1ec9nh<\/td>\n<\/tr>\n<tr>\n<th>V\u1eadt li\u1ec7u<\/th>\n<td>B\u1ea3ng \u0111i\u1ec1u khi\u1ec3n: Nh\u1ef1a ABS, \u0111en<br \/>\nV\u1ecf m\u00e1y: Th\u00e9p t\u1ea5m, \u0111en<\/td>\n<\/tr>\n<tr>\n<th>K\u00edch th\u01b0\u1edbc<\/th>\n<td>420 (R) x 100.9 (C) x 360.3 (S)mm<\/td>\n<\/tr>\n<tr>\n<th>Kh\u1ed1i l\u01b0\u1ee3ng<\/th>\n<td>13.2 kg<\/td>\n<\/tr>\n<\/tbody>\n<\/table>\n","protected":false},"excerpt":{"rendered":"<p>Th\u00f4ng s\u1ed1 k\u1ef9 thu\u1eadt * 0 dB = 1 V Ngu\u1ed3n \u0111i\u1ec7n 220 &#8211; 240 V AC, or 24 &#8211;<\/p>\n","protected":false},"featured_media":32496,"comment_status":"open","ping_status":"closed","template":"","meta":[],"product_brand":[218,227],"product_cat":[90],"product_tag":[],"class_list":{"0":"post-32495","1":"product","2":"type-product","3":"status-publish","4":"has-post-thumbnail","6":"product_brand-am-thanh-toa","7":"product_brand-amply-lien-mixer","8":"product_cat-thiet-bi-am-thanh","10":"first","11":"instock","12":"shipping-taxable","13":"product-type-simple"},"_links":{"self":[{"href":"https:\/\/108giahoa.com\/index.php?rest_route=\/wp\/v2\/product\/32495","targetHints":{"allow":["GET"]}}],"collection":[{"href":"https:\/\/108giahoa.com\/index.php?rest_route=\/wp\/v2\/product"}],"about":[{"href":"https:\/\/108giahoa.com\/index.php?rest_route=\/wp\/v2\/types\/product"}],"replies":[{"embeddable":true,"href":"https:\/\/108giahoa.com\/index.php?rest_route=%2Fwp%2Fv2%2Fcomments&post=32495"}],"version-history":[{"count":2,"href":"https:\/\/108giahoa.com\/index.php?rest_route=\/wp\/v2\/product\/32495\/revisions"}],"predecessor-version":[{"id":32498,"href":"https:\/\/108giahoa.com\/index.php?rest_route=\/wp\/v2\/product\/32495\/revisions\/32498"}],"wp:featuredmedia":[{"embeddable":true,"href":"https:\/\/108giahoa.com\/index.php?rest_route=\/wp\/v2\/media\/32496"}],"wp:attachment":[{"href":"https:\/\/108giahoa.com\/index.php?rest_route=%2Fwp%2Fv2%2Fmedia&parent=32495"}],"wp:term":[{"taxonomy":"product_brand","embeddable":true,"href":"https:\/\/108giahoa.com\/index.php?rest_route=%2Fwp%2Fv2%2Fproduct_brand&post=32495"},{"taxonomy":"product_cat","embeddable":true,"href":"https:\/\/108giahoa.com\/index.php?rest_route=%2Fwp%2Fv2%2Fproduct_cat&post=32495"},{"taxonomy":"product_tag","embeddable":true,"href":"https:\/\/108giahoa.com\/index.php?rest_route=%2Fwp%2Fv2%2Fproduct_tag&post=32495"}],"curies":[{"name":"wp","href":"https:\/\/api.w.org\/{rel}","templated":true}]}}