{"id":32517,"date":"2026-04-02T08:35:25","date_gmt":"2026-04-02T08:35:25","guid":{"rendered":"https:\/\/108giahoa.com\/?post_type=product&#038;p=32517"},"modified":"2026-04-02T08:35:28","modified_gmt":"2026-04-02T08:35:28","slug":"tang-am-so-lien-mixer-60w-toa-a-5006","status":"publish","type":"product","link":"https:\/\/108giahoa.com\/?product=tang-am-so-lien-mixer-60w-toa-a-5006","title":{"rendered":"T\u0103ng \u00e2m s\u1ed1 li\u1ec1n mixer 60W: TOA A-5006"},"content":{"rendered":"<h4>Th\u00f4ng s\u1ed1 k\u1ef9 thu\u1eadt t\u0103ng \u00e2m\u00a0A-5006<\/h4>\n<table>\n<tbody>\n<tr class=\"firstRow\">\n<th>Ngu\u1ed3n \u0111i\u1ec7n<\/th>\n<td width=\"737\">100-240 V AC, 50\/60 Hz<\/td>\n<\/tr>\n<tr>\n<th>C\u00f4ng su\u1ea5t t\u0103ng \u00e2m<\/th>\n<td width=\"737\">60 W<\/td>\n<\/tr>\n<tr>\n<th>C\u00f4ng su\u1ea5t\/d\u00f2ng<br \/>\nti\u00eau th\u1ee5<\/th>\n<td width=\"737\">106 W (t\u1ea1i ng\u00f5 ra), 20 W (theo ti\u00eau chu\u1ea9n cULus)<br \/>\nMax. 2 A<\/td>\n<\/tr>\n<tr>\n<th>\u0110\u00e1p tuy\u1ebfn t\u1ea7n s\u1ed1<\/th>\n<td width=\"737\">50 Hz &#8211; 20 kHz (t\u1ea1i 1\/8 ng\u00f5 ra)<\/td>\n<\/tr>\n<tr>\n<th>\u0110\u1ed9 m\u00e9o<\/th>\n<td width=\"737\">1 % ho\u1eb7c th\u1ea5p h\u01a1n (1 kHz, t\u1ea1i ng\u00f5 ra)<\/td>\n<\/tr>\n<tr>\n<th>Ng\u00f5 v\u00e0o<\/th>\n<td width=\"737\">INPUT 1, 2: MIC -60 dB(*1)<br \/>\nLINE -20 dB(*1) MIC\/LINE (l\u1ef1a ch\u1ecdn)<br \/>\n2.2 k\u03a9, c\u00e2n b\u1eb1ng \u0111i\u00ean t\u1eed, gi\u1eafc c\u1eafm r\u1eddi (5 ch\u00e2n)<br \/>\nINPUT 3, 4: LINE -20 dB(*1), 10 k\u03a9, kh\u00f4ng c\u00e2n b\u1eb1ng, gi\u1eafc c\u1eafm hoa sen RCA<\/td>\n<\/tr>\n<tr>\n<th>Ng\u00f5 ra<\/th>\n<td width=\"737\">SPEAKER: 4 \u03a9, 70 V (83 \u03a9), 100 V (170 \u03a9), gi\u1eafc c\u1eafm r\u1eddi (5 ch\u00e2n)<\/td>\n<\/tr>\n<tr>\n<th>S\/N<\/th>\n<td width=\"737\">MIC 1, 2: 50 dB ho\u1eb7c h\u01a1n<br \/>\nLINE 1 &#8211; 4: 70 dB ho\u1eb7c h\u01a1n<br \/>\n(A-weighted)<\/td>\n<\/tr>\n<tr>\n<th>Ch\u1ee9c n\u0103ng<\/th>\n<td width=\"737\">T\u1ea7n s\u1ed1 t\u00f9y ch\u1ec9nh: 5 \u0111i\u1ec3m ch\u1ecdn cho t\u1eebng ng\u00f5 v\u00e0o ra v\u00e0 ng\u00f5 ra<br \/>\n20 Hz &#8211; 20 kHz \u00b115 dB<br \/>\nQ: 0.267 &#8211; 69.249<br \/>\nCompressor: l\u1ef1a ch\u1ecdn B\u1eacT\/T\u0102T cho ng\u00f5 v\u00e0o 1 v\u00e0 2 (m\u1eb7c \u0111\u1ecbnh l\u00e0 T\u1eaeT)<br \/>\nThreshold, Ratio, Attack time, Release time, v\u00e0 Gain c\u00f3 ch\u1ecdn \u0111\u1ed9c l\u1eadp cho t\u1eebng ng\u00f5 v\u00e0o.<\/td>\n<\/tr>\n<tr>\n<th>\u0110i\u1ec1u khi\u1ec3n<\/th>\n<td width=\"737\">Ch\u1ebf \u0111\u1ed9 ng\u1eb3t ti\u1ebfng, \u0111i\u1ec1u ch\u1ec9nh \u00e2m l\u01b0\u1ee3ng t\u1ed5ng t\u1eeb xa, c\u00f4ng t\u1eafc B\u1eacT\/T\u1eaeT ngu\u1ed3n, n\u1ed1i \u0111\u1ea5t<\/td>\n<\/tr>\n<tr>\n<th>\u0110\u00e8n LED hi\u1ec3n th\u1ecb<\/th>\n<td width=\"737\">\u00a0B\u00e1o ngu\u1ed3n, B\u00e1o c\u00f3 t\u00edn hi\u1ec7u, B\u00e1o t\u00edn hi\u1ec7u \u0111\u1ec9nh v\u00e0 \u0111\u00e8n b\u00e1o b\u1ea3o v\u1ec7<\/td>\n<\/tr>\n<tr>\n<th>Network I\/F<\/th>\n<td width=\"737\">100BASE-TX<\/td>\n<\/tr>\n<tr>\n<th>Nhi\u1ec7t \u0111\u1ed9 ho\u1ea1t \u0111\u1ed9ng<\/th>\n<td width=\"737\">0 \u2103 t\u1edbi +40 \u2103<\/td>\n<\/tr>\n<tr>\n<th>\u0110\u1ed9 \u1ea9m cho ph\u00e9p<\/th>\n<td width=\"737\">35 % t\u1edbi 80 %RH (kh\u00f4ng ng\u01b0ng t\u1ee5)<\/td>\n<\/tr>\n<tr>\n<th>V\u1eadt li\u1ec7u<\/th>\n<td width=\"737\">M\u1eb7t tr\u01b0\u1edbc: Nh\u1ef1a PS, m\u00e0u \u0111en<br \/>\nV\u1ecf: th\u00e9p t\u1ea5m, s\u01a1n m\u00e0u \u0111en<\/td>\n<\/tr>\n<tr>\n<th>K\u00edch th\u01b0\u1edbc<\/th>\n<td width=\"737\">210 (R) \u00d7 52.5 (C) \u00d7 375 (S) mm<\/td>\n<\/tr>\n<tr>\n<th>Kh\u1ed1i l\u01b0\u1ee3ng<\/th>\n<td width=\"737\">3.6 kg<\/td>\n<\/tr>\n<tr>\n<th>Ph\u1ee5 ki\u1ec7n \u0111i k\u00e8m<\/th>\n<td width=\"737\">CD (ph\u1ea7n m\u1ec1m c\u00e0i \u0111\u1eb7t) x 1, Gi\u1eafc c\u1eafm r\u1eddi lo\u1ea1i l\u1edbn (5 ch\u00e2n) x 1,\u00a0Gi\u1eafc c\u1eafm r\u1eddi lo\u1ea1i nh\u1ecf (5 ch\u00e2n) x 2, \u0110ai \u1ed1c (*2) \u20266, \u1ed1c v\u00edt M3 x 10 (*2) x 6, d\u00e2y ngu\u1ed3n 2 m x 1<\/td>\n<\/tr>\n<\/tbody>\n<\/table>\n","protected":false},"excerpt":{"rendered":"<p>Th\u00f4ng s\u1ed1 k\u1ef9 thu\u1eadt t\u0103ng \u00e2m\u00a0A-5006 Ngu\u1ed3n \u0111i\u1ec7n 100-240 V AC, 50\/60 Hz C\u00f4ng su\u1ea5t t\u0103ng \u00e2m 60 W C\u00f4ng<\/p>\n","protected":false},"featured_media":32518,"comment_status":"open","ping_status":"closed","template":"","meta":[],"product_brand":[218,220,227],"product_cat":[90],"product_tag":[],"class_list":{"0":"post-32517","1":"product","2":"type-product","3":"status-publish","4":"has-post-thumbnail","6":"product_brand-am-thanh-toa","7":"product_brand-amply","8":"product_brand-amply-lien-mixer","9":"product_cat-thiet-bi-am-thanh","11":"first","12":"instock","13":"shipping-taxable","14":"product-type-simple"},"_links":{"self":[{"href":"https:\/\/108giahoa.com\/index.php?rest_route=\/wp\/v2\/product\/32517","targetHints":{"allow":["GET"]}}],"collection":[{"href":"https:\/\/108giahoa.com\/index.php?rest_route=\/wp\/v2\/product"}],"about":[{"href":"https:\/\/108giahoa.com\/index.php?rest_route=\/wp\/v2\/types\/product"}],"replies":[{"embeddable":true,"href":"https:\/\/108giahoa.com\/index.php?rest_route=%2Fwp%2Fv2%2Fcomments&post=32517"}],"version-history":[{"count":1,"href":"https:\/\/108giahoa.com\/index.php?rest_route=\/wp\/v2\/product\/32517\/revisions"}],"predecessor-version":[{"id":32519,"href":"https:\/\/108giahoa.com\/index.php?rest_route=\/wp\/v2\/product\/32517\/revisions\/32519"}],"wp:featuredmedia":[{"embeddable":true,"href":"https:\/\/108giahoa.com\/index.php?rest_route=\/wp\/v2\/media\/32518"}],"wp:attachment":[{"href":"https:\/\/108giahoa.com\/index.php?rest_route=%2Fwp%2Fv2%2Fmedia&parent=32517"}],"wp:term":[{"taxonomy":"product_brand","embeddable":true,"href":"https:\/\/108giahoa.com\/index.php?rest_route=%2Fwp%2Fv2%2Fproduct_brand&post=32517"},{"taxonomy":"product_cat","embeddable":true,"href":"https:\/\/108giahoa.com\/index.php?rest_route=%2Fwp%2Fv2%2Fproduct_cat&post=32517"},{"taxonomy":"product_tag","embeddable":true,"href":"https:\/\/108giahoa.com\/index.php?rest_route=%2Fwp%2Fv2%2Fproduct_tag&post=32517"}],"curies":[{"name":"wp","href":"https:\/\/api.w.org\/{rel}","templated":true}]}}