{"id":32525,"date":"2026-04-02T08:40:56","date_gmt":"2026-04-02T08:40:56","guid":{"rendered":"https:\/\/108giahoa.com\/?post_type=product&#038;p=32525"},"modified":"2026-04-02T08:40:57","modified_gmt":"2026-04-02T08:40:57","slug":"tang-am-oto-30w-toa-ca-130","status":"publish","type":"product","link":"https:\/\/108giahoa.com\/?product=tang-am-oto-30w-toa-ca-130","title":{"rendered":"T\u0103ng \u00e2m \u00d4t\u00f4 30W: TOA CA-130"},"content":{"rendered":"<p><a title=\"CA-130\" href=\"https:\/\/toavietnam.net\/203-tang-am-oto-30w-toa-ca-130.html\" target=\"_blank\" rel=\"noopener\">CA-130<\/a>\u00a0TOA\u00a0<a title=\"t\u0103ng \u00e2m oto, t\u0103ng \u00e2m xe ca, t\u0103ng \u00e2m xe b\u00e1n t\u1ea3i\" href=\"https:\/\/toavietnam.net\/category-101-tang-am-oto.html\" target=\"_self\">t\u0103ng \u00e2m \u00f4 t\u00f4<\/a>, amly chuy\u00ean s\u1eed d\u1ee5ng cho xe oto, xe b\u00e1n t\u1ea3i, xe ca, c\u00f3 s\u1eb5n Micro th\u00f4ng b\u00e1o, c\u00f4ng su\u1ea5t 30W, h\u1ed7 tr\u1ee3 loa tr\u1edf kh\u00e1ng th\u1ea5p (loa kh\u00f4ng bi\u1ebfn \u00e1p) 30W, thi\u1ebft b\u1ecb c\u00f3 th\u1ec3 s\u1eed d\u1ee5ng \u0111\u01b0\u1ee3c v\u1edbi \u1eafc qui \u00d4 t\u00f4 12 V.<\/p>\n<h4>Th\u00f4ng s\u1ed1 k\u1ef9 thu\u1eadt t\u0103ng \u00e2m oto CA-130<\/h4>\n<table>\n<tbody>\n<tr class=\"firstRow\">\n<th>Ngu\u1ed3n \u0111i\u1ec7n<\/th>\n<td>\u0110i\u1ec7n \u00e1p ti\u00eau chu\u1ea9n: 14 V DC<br \/>\n\u0110i\u1ec7n \u00e1p cho ph\u00e9p: 10 &#8211; 16 V DC (c\u00f3 th\u1ec3 s\u1eed d\u1ee5ng \u1eafc qui 12 V)<\/td>\n<\/tr>\n<tr>\n<th>C\u00f4ng su\u1ea5t ti\u00eau th\u1ee5<\/th>\n<td>5 A ho\u1eb7c th\u1ea5p h\u01a1n (t\u1ea1i c\u00f4ng su\u1ea5t ra)<\/td>\n<\/tr>\n<tr>\n<th>C\u00f4ng su\u1ea5t ra<\/th>\n<td>30 W<\/td>\n<\/tr>\n<tr>\n<th>Tr\u1edf kh\u00e1ng ng\u00f5 ra<\/th>\n<td>4 \u03a9 (BRN), 8 \u03a9 (ORG), chung (WHT)<br \/>\nc\u00f3 th\u1ec3 thay \u0111\u1ed5i b\u1eb1ng c\u00e1ch thay \u0111\u1ed5i c\u00e1ch n\u1ed1i d\u00e2y k\u1ebft n\u1ed1i<\/td>\n<\/tr>\n<tr>\n<th>\u0110\u1ed9 m\u00e9o<\/th>\n<td>D\u01b0\u1edbi 5% (t\u1ea1i 1,000 Hz c\u00f4ng su\u1ea5t ra)<\/td>\n<\/tr>\n<tr>\n<th>\u0110\u00e1p tuy\u1ebfn t\u1ea7n s\u1ed1<\/th>\n<td>100 &#8211; 10,000 Hz<\/td>\n<\/tr>\n<tr>\n<th>Ng\u00f5 v\u00e0o<\/th>\n<td>Mic1, 2: 600 \u03a9, 4 mV, ki\u1ec3u gi\u1eafc tho\u1ea1i<br \/>\nAux : 10 k\u03a9, 500 mV, ki\u1ec3u gi\u1eafc tho\u1ea1i<\/td>\n<\/tr>\n<tr>\n<th>Th\u00e0nh ph\u1ea7n<\/th>\n<td>M\u1eb7t tr\u01b0\u1edbc: nh\u1ef1a ABS, m\u00e0u \u0111en<br \/>\nV\u1ecf : T\u00f4n m\u1ea1 k\u1ebdm<\/td>\n<\/tr>\n<tr>\n<th>K\u00edch th\u01b0\u1edbc<\/th>\n<td>178 (R) \u00d7 50 (C) \u00d7 144 (S) mm (kh\u00f4ng bao g\u1ed3m ph\u1ee5 ki\u1ec7n l\u1eafp \u0111\u1eb7t)<\/td>\n<\/tr>\n<tr>\n<th>Kh\u1ed1i l\u01b0\u1ee3ng<\/th>\n<td>1.1 kg<\/td>\n<\/tr>\n<tr>\n<th>Ph\u1ee5 ki\u1ec7n \u0111i k\u00e8m<\/th>\n<td>Micro c\u1ea7m tay x 1, tai g\u1eafn x 1, \u1ed1c g\u1eafn x 1 b\u1ed9,<br \/>\nC\u1ea7u ch\u00ec (8 A) x 1, d\u00e2y k\u1ebft n\u1ed1i x 1 b\u1ed9<\/td>\n<\/tr>\n<tr>\n<th>Micro \u0111i k\u00e8m<\/th>\n<td>Ki\u1ec3u Micro \u0111i\u1ec7n \u0111\u1ed9ng \u0111a h\u01b0\u1edbng v\u1edbi c\u00f4ng t\u1eafc \u1ea5n n\u00f3i<br \/>\nTr\u1edf kh\u00e1ng: 600 \u03a9<br \/>\n\u0110\u1ed9 nh\u1ea1y : -53 dB (1 kHz, 0 dB = 1 V\/Pa)<\/td>\n<\/tr>\n<\/tbody>\n<\/table>\n","protected":false},"excerpt":{"rendered":"<p>CA-130\u00a0TOA\u00a0t\u0103ng \u00e2m \u00f4 t\u00f4, amly chuy\u00ean s\u1eed d\u1ee5ng cho xe oto, xe b\u00e1n t\u1ea3i, xe ca, c\u00f3 s\u1eb5n Micro th\u00f4ng<\/p>\n","protected":false},"featured_media":32523,"comment_status":"open","ping_status":"closed","template":"","meta":[],"product_brand":[218],"product_cat":[90],"product_tag":[],"class_list":{"0":"post-32525","1":"product","2":"type-product","3":"status-publish","4":"has-post-thumbnail","6":"product_brand-am-thanh-toa","7":"product_cat-thiet-bi-am-thanh","9":"first","10":"instock","11":"shipping-taxable","12":"product-type-simple"},"_links":{"self":[{"href":"https:\/\/108giahoa.com\/index.php?rest_route=\/wp\/v2\/product\/32525","targetHints":{"allow":["GET"]}}],"collection":[{"href":"https:\/\/108giahoa.com\/index.php?rest_route=\/wp\/v2\/product"}],"about":[{"href":"https:\/\/108giahoa.com\/index.php?rest_route=\/wp\/v2\/types\/product"}],"replies":[{"embeddable":true,"href":"https:\/\/108giahoa.com\/index.php?rest_route=%2Fwp%2Fv2%2Fcomments&post=32525"}],"version-history":[{"count":1,"href":"https:\/\/108giahoa.com\/index.php?rest_route=\/wp\/v2\/product\/32525\/revisions"}],"predecessor-version":[{"id":32526,"href":"https:\/\/108giahoa.com\/index.php?rest_route=\/wp\/v2\/product\/32525\/revisions\/32526"}],"wp:featuredmedia":[{"embeddable":true,"href":"https:\/\/108giahoa.com\/index.php?rest_route=\/wp\/v2\/media\/32523"}],"wp:attachment":[{"href":"https:\/\/108giahoa.com\/index.php?rest_route=%2Fwp%2Fv2%2Fmedia&parent=32525"}],"wp:term":[{"taxonomy":"product_brand","embeddable":true,"href":"https:\/\/108giahoa.com\/index.php?rest_route=%2Fwp%2Fv2%2Fproduct_brand&post=32525"},{"taxonomy":"product_cat","embeddable":true,"href":"https:\/\/108giahoa.com\/index.php?rest_route=%2Fwp%2Fv2%2Fproduct_cat&post=32525"},{"taxonomy":"product_tag","embeddable":true,"href":"https:\/\/108giahoa.com\/index.php?rest_route=%2Fwp%2Fv2%2Fproduct_tag&post=32525"}],"curies":[{"name":"wp","href":"https:\/\/api.w.org\/{rel}","templated":true}]}}