{"id":32529,"date":"2026-04-02T08:43:40","date_gmt":"2026-04-02T08:43:40","guid":{"rendered":"https:\/\/108giahoa.com\/?post_type=product&#038;p=32529"},"modified":"2026-04-02T08:43:55","modified_gmt":"2026-04-02T08:43:55","slug":"micro-cam-tay-don-huong-toa-dm-1100","status":"publish","type":"product","link":"https:\/\/108giahoa.com\/?product=micro-cam-tay-don-huong-toa-dm-1100","title":{"rendered":"Micro c\u1ea7m tay \u0111\u01a1n h\u01b0\u1edbng: TOA DM-1100"},"content":{"rendered":"<p><a title=\"DM-1100\" href=\"https:\/\/toavietnam.net\/256-micro-cam-tay-don-huong-toa-dm-1100.html\" target=\"_blank\" rel=\"noopener\">DM-1100<\/a>\u00a0l\u00e0\u00a0<a title=\"Mic \u0111i\u1ec7n \u0111\u1ed9ng\" href=\"https:\/\/toavietnam.net\/category-92-micro-co-day.html\" target=\"_blank\" rel=\"noopener\">Mic \u0111i\u1ec7n \u0111\u1ed9ng<\/a>\u00a0\u0111a n\u0103ng mang l\u1ea1i \u00e2m thanh trung th\u1ef1c cho ng\u01b0\u1eddi d\u00f9ng. Micro \u0111\u00e3 \u0111i k\u00e8m v\u1edbi d\u00e2y d\u1eabn 7.5m d\u1ec5 d\u00e0ng k\u1ebft n\u1ed1i v\u00e0 t\u01b0\u01a1ng th\u00edch v\u1edbi m\u1ecdi lo\u1ea1i t\u0103ng \u00e2m tr\u00ean th\u1ecb tr\u01b0\u1eddng.\u00a0Micro c\u00f3 th\u1ec3 \u0111\u01b0\u1ee3c s\u1eed d\u1ee5ng \u0111\u1ec3 th\u00f4ng b\u00e1o, h\u1ed9i tr\u01b0\u1eddng ho\u1eb7c trong gi\u1ea3ng d\u1eady l\u1edbp h\u1ecdc.<\/p>\n<h4>Th\u00f4ng s\u1ed1 k\u1ef9 thu\u1eadt Micro\u00a0<a title=\"DM-1100\" href=\"https:\/\/toavietnam.net\/256-micro-cam-tay-don-huong-toa-dm-1100.html\" target=\"_blank\" rel=\"noopener\">DM-1100<\/a><\/h4>\n<table>\n<tbody>\n<tr class=\"firstRow\">\n<th>Lo\u1ea1i<\/th>\n<td>Moving coil microphone<\/td>\n<\/tr>\n<tr>\n<th>T\u00ednh h\u01b0\u1edbng<\/th>\n<td>\u0110\u01a1n h\u01b0\u1edbng<\/td>\n<\/tr>\n<tr>\n<th>Tr\u1edf kh\u00e1ng<\/th>\n<td>600 \u03a9, kh\u00f4ng c\u00e2n b\u1eb1ng<\/td>\n<\/tr>\n<tr>\n<th>\u0110\u1ed9 nh\u1ea1y<\/th>\n<td>-55 dB (1 kHz 0 dB=1 V\/Pa)<\/td>\n<\/tr>\n<tr>\n<th>\u0110\u00e1p tuy\u1ebfn t\u1ea7n s\u1ed1<\/th>\n<td>100 Hz &#8211; 12 kHz<\/td>\n<\/tr>\n<tr>\n<th>C\u00e1p n\u1ed1i<\/th>\n<td>D\u00e2y 1 l\u00f5i ch\u1ed1ng nhi\u1ec5u<\/td>\n<\/tr>\n<tr>\n<th>\u0110\u1ed9 d\u00e0i d\u00e2y c\u00e1p<\/th>\n<td>7.5 m<\/td>\n<\/tr>\n<tr>\n<th>C\u1ed5ng c\u1eafm c\u00e1p<\/th>\n<td>Gi\u1eafc phone<\/td>\n<\/tr>\n<tr>\n<th>N\u00fat b\u1eadt n\u00f3i<\/th>\n<td>C\u00f4ng t\u1eafc tr\u01b0\u1ee3t b\u1eadt \u0111\u1ec3 n\u00f3i<\/td>\n<\/tr>\n<tr>\n<th>V\u1eadt li\u1ec7u<\/th>\n<td>Th\u00e2n: K\u1ebdm \u0111\u00fac m\u00e0u \u0111en<br \/>\n\u0110\u1ea7u: Nh\u1ef1a ABS\/d\u00e2y th\u00e9p m\u1ea1 k\u1ebdm m\u00e0u \u0111en<\/td>\n<\/tr>\n<tr>\n<th>K\u00edch th\u01b0\u1edbc<\/th>\n<td>\u03c655 \u00d7 178 mm (th\u00e2n micro)<\/td>\n<\/tr>\n<tr>\n<th>Kh\u1ed1i l\u01b0\u1ee3ng<\/th>\n<td>155 g (ch\u01b0a bao g\u1ed3m d\u00e2y c\u00e1p)<\/td>\n<\/tr>\n<tr>\n<th>Ph\u1ee5 ki\u1ec7n k\u00e8m theo<\/th>\n<td>Gi\u00e1 \u0111\u1ec3 Micro (U5\/16, NS5\/8)<\/td>\n<\/tr>\n<\/tbody>\n<\/table>\n","protected":false},"excerpt":{"rendered":"<p>DM-1100\u00a0l\u00e0\u00a0Mic \u0111i\u1ec7n \u0111\u1ed9ng\u00a0\u0111a n\u0103ng mang l\u1ea1i \u00e2m thanh trung th\u1ef1c cho ng\u01b0\u1eddi d\u00f9ng. Micro \u0111\u00e3 \u0111i k\u00e8m v\u1edbi d\u00e2y d\u1eabn<\/p>\n","protected":false},"featured_media":32530,"comment_status":"open","ping_status":"closed","template":"","meta":[],"product_brand":[218,160],"product_cat":[109],"product_tag":[],"class_list":{"0":"post-32529","1":"product","2":"type-product","3":"status-publish","4":"has-post-thumbnail","6":"product_brand-am-thanh-toa","7":"product_brand-micro","8":"product_cat-he-thong-am-thanh-san-khau","10":"first","11":"instock","12":"shipping-taxable","13":"product-type-simple"},"_links":{"self":[{"href":"https:\/\/108giahoa.com\/index.php?rest_route=\/wp\/v2\/product\/32529","targetHints":{"allow":["GET"]}}],"collection":[{"href":"https:\/\/108giahoa.com\/index.php?rest_route=\/wp\/v2\/product"}],"about":[{"href":"https:\/\/108giahoa.com\/index.php?rest_route=\/wp\/v2\/types\/product"}],"replies":[{"embeddable":true,"href":"https:\/\/108giahoa.com\/index.php?rest_route=%2Fwp%2Fv2%2Fcomments&post=32529"}],"version-history":[{"count":2,"href":"https:\/\/108giahoa.com\/index.php?rest_route=\/wp\/v2\/product\/32529\/revisions"}],"predecessor-version":[{"id":32532,"href":"https:\/\/108giahoa.com\/index.php?rest_route=\/wp\/v2\/product\/32529\/revisions\/32532"}],"wp:featuredmedia":[{"embeddable":true,"href":"https:\/\/108giahoa.com\/index.php?rest_route=\/wp\/v2\/media\/32530"}],"wp:attachment":[{"href":"https:\/\/108giahoa.com\/index.php?rest_route=%2Fwp%2Fv2%2Fmedia&parent=32529"}],"wp:term":[{"taxonomy":"product_brand","embeddable":true,"href":"https:\/\/108giahoa.com\/index.php?rest_route=%2Fwp%2Fv2%2Fproduct_brand&post=32529"},{"taxonomy":"product_cat","embeddable":true,"href":"https:\/\/108giahoa.com\/index.php?rest_route=%2Fwp%2Fv2%2Fproduct_cat&post=32529"},{"taxonomy":"product_tag","embeddable":true,"href":"https:\/\/108giahoa.com\/index.php?rest_route=%2Fwp%2Fv2%2Fproduct_tag&post=32529"}],"curies":[{"name":"wp","href":"https:\/\/api.w.org\/{rel}","templated":true}]}}