{"id":32536,"date":"2026-04-02T08:47:02","date_gmt":"2026-04-02T08:47:02","guid":{"rendered":"https:\/\/108giahoa.com\/?post_type=product&#038;p=32536"},"modified":"2026-04-02T08:47:03","modified_gmt":"2026-04-02T08:47:03","slug":"micro-don-huong-toa-dm-1300","status":"publish","type":"product","link":"https:\/\/108giahoa.com\/?product=micro-don-huong-toa-dm-1300","title":{"rendered":"Micro \u0111\u01a1n h\u01b0\u1edbng: TOA DM-1300"},"content":{"rendered":"<p><a title=\"DM-1300\" href=\"https:\/\/toavietnam.net\/420-micro-don-huong-toa-dm-1300.html\" target=\"_blank\" rel=\"noopener\">DM-1300<\/a>\u00a0l\u00e0 thi\u1ebft b\u1ecb\u00a0<a title=\"Mic \u0111i\u1ec7n \u0111\u1ed9ng\" href=\"https:\/\/toavietnam.net\/category-92-micro-co-day.html\" target=\"_blank\" rel=\"noopener\">Mic \u0111i\u1ec7n \u0111\u1ed9ng<\/a>\u00a0ph\u00f9 h\u1ee3p cho c\u1ea3 m\u1ee5c \u0111\u00edch ph\u00e1t thanh v\u00e0 ph\u00e1t bi\u1ec3u.<\/p>\n<p><strong><em>Th\u00f4ng s\u1ed1 k\u1ef9 thu\u1eadt:<\/em><\/strong><\/p>\n<table>\n<tbody>\n<tr class=\"firstRow\">\n<th>Ki\u1ec3u<\/th>\n<td>Moving coil microphone<\/td>\n<\/tr>\n<tr>\n<th>H\u01b0\u1edbng t\u00ednh<\/th>\n<td>\u0110\u01a1n h\u01b0\u1edbng<\/td>\n<\/tr>\n<tr>\n<th>Tr\u1edf kh\u00e1ng<\/th>\n<td>600 \u03a9, c\u00e2n b\u1eb1ng<\/td>\n<\/tr>\n<tr>\n<th>\u0110\u1ed9 nh\u1ea1y \u00e2m<\/th>\n<td>-54 dB (1 kHz 0 dB=1 V\/Pa)<\/td>\n<\/tr>\n<tr>\n<th>\u0110\u00e1p tuy\u1ebfn t\u1ea7n s\u1ed1<\/th>\n<td>70 &#8211; 15,000 Hz<\/td>\n<\/tr>\n<tr>\n<th>D\u00e2y n\u1ed1i<\/th>\n<td>D\u00e2y b\u1ecdc 1 l\u00f5i, kh\u00f4ng c\u00e2n b\u1eb1ng<\/td>\n<\/tr>\n<tr>\n<th>\u0110\u1ed9 d\u00e0i d\u00e2y n\u1ed1i<\/th>\n<td>10 m<\/td>\n<\/tr>\n<tr>\n<th>C\u1ed5ng k\u1ebft n\u1ed1i<\/th>\n<td>Phone plug<\/td>\n<\/tr>\n<tr>\n<th>N\u00fat b\u1eadt n\u00f3i<\/th>\n<td>N\u00fat B\u1eacT\/T\u1eaeT lo\u1ea1i tr\u01b0\u1ee3t c\u00f3 kho\u1ea3ng c\u00e1ch ng\u1eafn<\/td>\n<\/tr>\n<tr>\n<th>V\u1eadt li\u1ec7u<\/th>\n<td>Th\u00e2n micro: K\u1ebdm \u0111\u00fac, m\u00e0u x\u00e1m<br \/>\n\u0110\u1ea7u micro: Th\u00e9p, d\u00e2y th\u00e9p m\u1ea1 k\u1ebdm, m\u00e0u x\u00e1m<\/td>\n<\/tr>\n<tr>\n<th>K\u00edch th\u01b0\u1edbc<\/th>\n<td>\u03c651 \u00d7 170 mm (kh\u00f4ng bao g\u1ed3m d\u00e2y n\u1ed1i)<\/td>\n<\/tr>\n<tr>\n<th>Kh\u1ed1i l\u01b0\u1ee3ng<\/th>\n<td>245 g (kh\u00f4ng bao g\u1ed3m d\u00e2y n\u1ed1i)<\/td>\n<\/tr>\n<tr>\n<th>Ph\u1ee5 ki\u1ec7n k\u00e8m theo<\/th>\n<td>Gi\u00e1 \u0111\u1ee1 micro (U5\/16)\u20261<\/td>\n<\/tr>\n<\/tbody>\n<\/table>\n","protected":false},"excerpt":{"rendered":"<p>DM-1300\u00a0l\u00e0 thi\u1ebft b\u1ecb\u00a0Mic \u0111i\u1ec7n \u0111\u1ed9ng\u00a0ph\u00f9 h\u1ee3p cho c\u1ea3 m\u1ee5c \u0111\u00edch ph\u00e1t thanh v\u00e0 ph\u00e1t bi\u1ec3u. Th\u00f4ng s\u1ed1 k\u1ef9 thu\u1eadt: Ki\u1ec3u<\/p>\n","protected":false},"featured_media":32530,"comment_status":"open","ping_status":"closed","template":"","meta":[],"product_brand":[218,160],"product_cat":[90],"product_tag":[],"class_list":{"0":"post-32536","1":"product","2":"type-product","3":"status-publish","4":"has-post-thumbnail","6":"product_brand-am-thanh-toa","7":"product_brand-micro","8":"product_cat-thiet-bi-am-thanh","10":"first","11":"instock","12":"shipping-taxable","13":"product-type-simple"},"_links":{"self":[{"href":"https:\/\/108giahoa.com\/index.php?rest_route=\/wp\/v2\/product\/32536","targetHints":{"allow":["GET"]}}],"collection":[{"href":"https:\/\/108giahoa.com\/index.php?rest_route=\/wp\/v2\/product"}],"about":[{"href":"https:\/\/108giahoa.com\/index.php?rest_route=\/wp\/v2\/types\/product"}],"replies":[{"embeddable":true,"href":"https:\/\/108giahoa.com\/index.php?rest_route=%2Fwp%2Fv2%2Fcomments&post=32536"}],"version-history":[{"count":1,"href":"https:\/\/108giahoa.com\/index.php?rest_route=\/wp\/v2\/product\/32536\/revisions"}],"predecessor-version":[{"id":32537,"href":"https:\/\/108giahoa.com\/index.php?rest_route=\/wp\/v2\/product\/32536\/revisions\/32537"}],"wp:featuredmedia":[{"embeddable":true,"href":"https:\/\/108giahoa.com\/index.php?rest_route=\/wp\/v2\/media\/32530"}],"wp:attachment":[{"href":"https:\/\/108giahoa.com\/index.php?rest_route=%2Fwp%2Fv2%2Fmedia&parent=32536"}],"wp:term":[{"taxonomy":"product_brand","embeddable":true,"href":"https:\/\/108giahoa.com\/index.php?rest_route=%2Fwp%2Fv2%2Fproduct_brand&post=32536"},{"taxonomy":"product_cat","embeddable":true,"href":"https:\/\/108giahoa.com\/index.php?rest_route=%2Fwp%2Fv2%2Fproduct_cat&post=32536"},{"taxonomy":"product_tag","embeddable":true,"href":"https:\/\/108giahoa.com\/index.php?rest_route=%2Fwp%2Fv2%2Fproduct_tag&post=32536"}],"curies":[{"name":"wp","href":"https:\/\/api.w.org\/{rel}","templated":true}]}}