{"id":32541,"date":"2026-04-02T08:51:38","date_gmt":"2026-04-02T08:51:38","guid":{"rendered":"https:\/\/108giahoa.com\/?post_type=product&#038;p=32541"},"modified":"2026-04-02T08:51:39","modified_gmt":"2026-04-02T08:51:39","slug":"micro-thong-bao-co-chuong-toa-ec-380-as","status":"publish","type":"product","link":"https:\/\/108giahoa.com\/?product=micro-thong-bao-co-chuong-toa-ec-380-as","title":{"rendered":"Micro th\u00f4ng b\u00e1o c\u00f3 chu\u00f4ng: TOA EC-380-AS"},"content":{"rendered":"<p><a title=\"Micro th\u00f4ng b\u00e1o\" href=\"https:\/\/toavietnam.net\/296-micro-thong-bao-co-chuong-toa-ec-380-as.html\" target=\"_blank\" rel=\"noopener\">Micro th\u00f4ng b\u00e1o<\/a>\u00a0EC-380-AS TOA\u00a0la\u0300 sa\u0309n ph\u00e2\u0309m Micro \u0111i\u00ea\u0323n dung ch\u00e2\u0301t l\u01b0\u01a1\u0323ng cao v\u01a1\u0301i thi\u00ea\u0301t k\u00ea\u0301 \u0111\u00f4\u0323c \u0111a\u0301o ke\u0300m chu\u00f4ng \u0111i\u00ea\u0323n, phu\u0300 h\u01a1\u0323p s\u01b0\u0309 du\u0323ng cho mu\u0323c \u0111i\u0301ch th\u00f4ng ba\u0301o trong nh\u00e0 m\u00e1y, c\u1eeda h\u00e0ng ho\u1eb7c trung t\u00e2m th\u01b0\u01a1ng m\u1ea1i. V\u01a1\u0301i \u00e2m l\u01b0\u01a1\u0323ng chu\u00f4ng co\u0301 th\u00ea\u0309 tu\u0300y chi\u0309nh va\u0300 hai l\u01b0\u0323a cho\u0323n ngu\u00f4\u0300n t\u01b0\u0300 PIN ho\u0103\u0323c ngu\u00f4\u0300n DC, EC-380-AS la\u0300 l\u01b0\u0323a cho\u0323n ha\u0300ng \u0111\u00e2\u0300u v\u01a1\u0301i ca\u0301c kha\u0301ch ha\u0300ng mu\u00f4\u0301n ti\u0300m ki\u00ea\u0301m m\u00f4\u0323t thi\u00ea\u0301t bi\u0323\u00a0<a title=\"Micro co\u0301 chu\u00f4ng\" href=\"https:\/\/toavietnam.net\/296-micro-thong-bao-co-chuong-toa-ec-380-as.html\" target=\"_blank\" rel=\"noopener\">Micro co\u0301 chu\u00f4ng<\/a>\u00a0va\u0300 ca\u0300i \u0111\u0103\u0323t \u0111\u01a1n gia\u0309n.<\/p>\n<p><em><strong>Th\u00f4ng s\u1ed1 k\u1ef9 thu\u1eadt:<\/strong><\/em><\/p>\n<table>\n<tbody>\n<tr class=\"firstRow\">\n<th>Ngu\u00f4\u0300n \u0111i\u00ea\u0323n<\/th>\n<td>6V DC (PIN &#8220;AA&#8221; 4x) ho\u0103\u0323c b\u00f4\u0323 chuy\u00ea\u0309n \u0111\u00f4\u0309i DC: 9-24V<\/td>\n<\/tr>\n<tr>\n<th>Do\u0300ng \u0111i\u00ea\u0323n ti\u00eau thu\u0323<\/th>\n<td>13 mA khi s\u01b0\u0309 du\u0323ng chu\u00f4ng va\u0300 6 mA khi s\u01b0\u0309 du\u0323ng Micro<\/td>\n<\/tr>\n<tr>\n<th>Loa\u0323i Micro<\/th>\n<td>\u0110i\u00ea\u0323n dung<\/td>\n<\/tr>\n<tr>\n<th>C\u01b0\u0323c thu<\/th>\n<td>Cardioid<\/td>\n<\/tr>\n<tr>\n<th>Ti\u00ea\u0301ng chu\u00f4ng<\/th>\n<td>4 ti\u00ea\u0301ng chu\u00f4ng (T\u0103ng\/Gia\u0309m)<\/td>\n<\/tr>\n<tr>\n<th>Tr\u01a1\u0309 kha\u0301ng<\/th>\n<td>600 \u03a9, c\u00e2n b\u0103\u0300ng<\/td>\n<\/tr>\n<tr>\n<th>Ngo\u0303 ra<\/th>\n<td>Micro: -41 dB \u00b13dB (1 kHz 0 dB=1 V\/Pa)<br \/>\nChu\u00f4ng: -31 dB \u00b13dB (T\u00f4\u0301i \u0111a)<\/td>\n<\/tr>\n<tr>\n<th>\u0110a\u0301p tuy\u00ea\u0301n t\u00e2\u0300n s\u00f4\u0301<\/th>\n<td>50 Hz &#8211; 18,000 Hz<\/td>\n<\/tr>\n<tr>\n<th>Ngo\u0303 ra k\u00ea\u0301t n\u00f4\u0301i<\/th>\n<td>T\u01b0\u01a1ng \u0111\u01b0\u01a1ng XLR-3-32<br \/>\nRJ45: Ngo\u0303 ra Audio, Ngu\u00f4\u0300n cung c\u1ea5p va\u0300 ng\u00f5 ra \u0111i\u1ec1u khi\u1ec3n thi\u1ebft b\u1ecb ngo\u1ea1i vi<\/td>\n<\/tr>\n<tr>\n<th>Nhi\u00ea\u0323t \u0111\u00f4\u0323 hoa\u0323t \u0111\u00f4\u0323ng<\/th>\n<td>0 \u00b0C t\u01a1\u0301i +40 \u00b0C<\/td>\n<\/tr>\n<tr>\n<th>V\u00e2\u0323t li\u00ea\u0323u<\/th>\n<td>Ch\u00e2n Micro: Nh\u01b0\u0323a ABS, s\u01a1n ma\u0300u \u0111en<br \/>\nTh\u00e2n Micro: H\u01a1\u0323p kim \u0111\u00f4\u0300ng, s\u01a1n ma\u0300u \u0111en<\/td>\n<\/tr>\n<tr>\n<th>Ki\u0301ch th\u01b0\u01a1\u0301c<\/th>\n<td>110 (R) \u00d7 145 (C) x 532 (S) mm<\/td>\n<\/tr>\n<tr>\n<th>Kh\u00f4\u0301i l\u01b0\u01a1\u0323ng<\/th>\n<td>558 g (kh\u00f4ng bao g\u00f4\u0300m PIN)<\/td>\n<\/tr>\n<tr>\n<th>Phu\u0323 ki\u00ea\u0323n \u0111i ke\u0300m<\/th>\n<td>M\u00fat b\u00f4ng x 1, C\u00e1p g\u1ed3m 01 \u0111\u1ea7u XLR v\u00e0 01 \u0111\u1ea7u 6 ly d\u00e0i 7.5m x 1<\/td>\n<\/tr>\n<\/tbody>\n<\/table>\n","protected":false},"excerpt":{"rendered":"<p>Micro th\u00f4ng b\u00e1o\u00a0EC-380-AS TOA\u00a0la\u0300 sa\u0309n ph\u00e2\u0309m Micro \u0111i\u00ea\u0323n dung ch\u00e2\u0301t l\u01b0\u01a1\u0323ng cao v\u01a1\u0301i thi\u00ea\u0301t k\u00ea\u0301 \u0111\u00f4\u0323c \u0111a\u0301o ke\u0300m chu\u00f4ng \u0111i\u00ea\u0323n,<\/p>\n","protected":false},"featured_media":32542,"comment_status":"open","ping_status":"closed","template":"","meta":[],"product_brand":[218,160],"product_cat":[90],"product_tag":[],"class_list":{"0":"post-32541","1":"product","2":"type-product","3":"status-publish","4":"has-post-thumbnail","6":"product_brand-am-thanh-toa","7":"product_brand-micro","8":"product_cat-thiet-bi-am-thanh","10":"first","11":"instock","12":"shipping-taxable","13":"product-type-simple"},"_links":{"self":[{"href":"https:\/\/108giahoa.com\/index.php?rest_route=\/wp\/v2\/product\/32541","targetHints":{"allow":["GET"]}}],"collection":[{"href":"https:\/\/108giahoa.com\/index.php?rest_route=\/wp\/v2\/product"}],"about":[{"href":"https:\/\/108giahoa.com\/index.php?rest_route=\/wp\/v2\/types\/product"}],"replies":[{"embeddable":true,"href":"https:\/\/108giahoa.com\/index.php?rest_route=%2Fwp%2Fv2%2Fcomments&post=32541"}],"version-history":[{"count":1,"href":"https:\/\/108giahoa.com\/index.php?rest_route=\/wp\/v2\/product\/32541\/revisions"}],"predecessor-version":[{"id":32543,"href":"https:\/\/108giahoa.com\/index.php?rest_route=\/wp\/v2\/product\/32541\/revisions\/32543"}],"wp:featuredmedia":[{"embeddable":true,"href":"https:\/\/108giahoa.com\/index.php?rest_route=\/wp\/v2\/media\/32542"}],"wp:attachment":[{"href":"https:\/\/108giahoa.com\/index.php?rest_route=%2Fwp%2Fv2%2Fmedia&parent=32541"}],"wp:term":[{"taxonomy":"product_brand","embeddable":true,"href":"https:\/\/108giahoa.com\/index.php?rest_route=%2Fwp%2Fv2%2Fproduct_brand&post=32541"},{"taxonomy":"product_cat","embeddable":true,"href":"https:\/\/108giahoa.com\/index.php?rest_route=%2Fwp%2Fv2%2Fproduct_cat&post=32541"},{"taxonomy":"product_tag","embeddable":true,"href":"https:\/\/108giahoa.com\/index.php?rest_route=%2Fwp%2Fv2%2Fproduct_tag&post=32541"}],"curies":[{"name":"wp","href":"https:\/\/api.w.org\/{rel}","templated":true}]}}