{"id":32544,"date":"2026-04-02T08:53:25","date_gmt":"2026-04-02T08:53:25","guid":{"rendered":"https:\/\/108giahoa.com\/?post_type=product&#038;p=32544"},"modified":"2026-04-02T08:53:26","modified_gmt":"2026-04-02T08:53:26","slug":"micro-co-ngong-do-nhay-cao-toa-em-380-as","status":"publish","type":"product","link":"https:\/\/108giahoa.com\/?product=micro-co-ngong-do-nhay-cao-toa-em-380-as","title":{"rendered":"Micro c\u1ed5 ng\u1ed7ng \u0111\u1ed9 nh\u1ea1y cao: TOA EM-380-AS"},"content":{"rendered":"<p><a title=\"EM-380-AS\" href=\"https:\/\/toavietnam.net\/149-micro-co-ngong-do-nhay-cao-toa-em-380-as.html\" target=\"_blank\" rel=\"noopener\">EM-380-AS<\/a>\u00a0l\u00e0 d\u00f2ng Micro \u0111i\u1ec7n dung \u0111\u1ed9 nh\u1ea1y cao c\u00f3 h\u00ecnh d\u1ea1ng \u0111\u1ed9c \u0111\u00e1o \u0111\u01b0\u1ee3c thi\u1ebft k\u1ebf \u0111\u1ec3 s\u1eed d\u1ee5ng cho gi\u1ea3ng \u0111\u01b0\u1eddng, nh\u00e0 th\u1edd ho\u1eb7c trong c\u00e1c \u1ee9ng d\u1ee5ng th\u00f4ng b\u00e1o. Micro \u0111\u01b0\u1ee3c trang b\u1ecb ch\u1ee9c n\u0103ng l\u1ef1a ch\u1ecdn ngu\u1ed3n Phantom t\u1eeb\u00a0<a title=\"T\u0103ng \u00e2m TOA\" href=\"https:\/\/toavietnam.net\/category-52-tang-am-thong-bao.html\" target=\"_self\">T\u0103ng \u00c2m<\/a>\/Mixer ho\u1eb7c s\u1eed d\u1ee5ng PIN ngo\u00e0i \u0111\u1ec3 l\u00e0m\u00a0<a name=\"ngu\u1ed3n Phantom cho Micro\"><\/a>ngu\u1ed3n Phantom cho Micro. EM-380-AS d\u1ec5 d\u00e0ng s\u1eed d\u1ee5ng nh\u01b0 c\u00e1c\u00a0<a title=\"Mic c\u1ed5 ng\u1ed7ng\" href=\"https:\/\/toavietnam.net\/149-micro-co-ngong-do-nhay-cao-toa-em-380-as.html\" target=\"_blank\" rel=\"noopener\">Micro c\u1ed5 ng\u1ed7ng<\/a>\u00a0kh\u00e1c, ch\u1ec9 vi\u1ec7c &#8220;C\u1eafm v\u00e0 Ch\u1ea1y&#8221;.<\/p>\n<h4>Th\u00f4ng s\u1ed1 k\u1ef9 thu\u1eadt\u00a0<a title=\"EM-380-AS\" href=\"https:\/\/toavietnam.net\/149-micro-co-ngong-do-nhay-cao-toa-em-380-as.html\" target=\"_blank\" rel=\"noopener\">EM-380-AS<\/a><\/h4>\n<table>\n<tbody>\n<tr class=\"firstRow\">\n<th>Lo\u1ea1i Micro<\/th>\n<td>Micro \u0111i\u1ec7n dung<\/td>\n<\/tr>\n<tr>\n<th>C\u1ef1c thu<\/th>\n<td>Cardioid<\/td>\n<\/tr>\n<tr>\n<th>Tr\u1edf kh\u00e1ng<\/th>\n<td>750 \u03a9, c\u00e2n b\u1eb1ng<\/td>\n<\/tr>\n<tr>\n<th>\u0110\u1ed9 nh\u1ea1y Micro<\/th>\n<td>-41 dB \u00b13dB (1 kHz 0 dB=1 V\/Pa)<\/td>\n<\/tr>\n<tr>\n<th>Ngu\u1ed3n \u0111i\u1ec7n<\/th>\n<td>3V DC (2x PIN &#8220;AA&#8221;) ho\u1eb7c ngu\u1ed3n Phantom (9-52V)<\/td>\n<\/tr>\n<tr>\n<th>\u0110\u00e1p tuy\u1ebfn t\u1ea7n s\u1ed1<\/th>\n<td>50 Hz &#8211; 16,000 Hz<\/td>\n<\/tr>\n<tr>\n<th>Ng\u00f5 ra k\u1ebft n\u1ed1i<\/th>\n<td>T\u01b0\u01a1ng \u0111\u01b0\u01a1ng c\u1ed5ng XLR-3-32<\/td>\n<\/tr>\n<tr>\n<th>Nhi\u1ec7t \u0111\u1ed9 ho\u1ea1t \u0111\u1ed9ng<\/th>\n<td>0 \u00b0C t\u1edbi +40 \u00b0C<\/td>\n<\/tr>\n<tr>\n<th>Th\u00e0nh ph\u1ea7n<\/th>\n<td>Ch\u00e2n \u0111\u1ec3 Micro: Nh\u1ef1a ABS, s\u01a1n m\u00e0u \u0111en<br \/>\nTh\u00e2n Micro: H\u1ecdp kim \u0111\u1ed3ng, s\u01a1n m\u00e0u \u0111en<\/td>\n<\/tr>\n<tr>\n<th>K\u00edch th\u01b0\u1edbc<\/th>\n<td>110 (R) \u00d7 145 (D) x 532 (C) mm<\/td>\n<\/tr>\n<tr>\n<th>Kh\u1ed1i l\u01b0\u1ee3ng<\/th>\n<td>550 g (kh\u00f4ng bao g\u1ed3m PIN)<\/td>\n<\/tr>\n<tr>\n<th>Ph\u1ee5 ki\u1ec7n \u0111i k\u00e8m<\/th>\n<td>M\u00fat b\u00f4ng x 1, C\u00e1p m\u1ed9t \u0111\u1ea7u XLR v\u00e0 m\u1ed9t \u0111\u1ea7u Phone d\u00e0i 7.5m x 1<\/td>\n<\/tr>\n<\/tbody>\n<\/table>\n","protected":false},"excerpt":{"rendered":"<p>EM-380-AS\u00a0l\u00e0 d\u00f2ng Micro \u0111i\u1ec7n dung \u0111\u1ed9 nh\u1ea1y cao c\u00f3 h\u00ecnh d\u1ea1ng \u0111\u1ed9c \u0111\u00e1o \u0111\u01b0\u1ee3c thi\u1ebft k\u1ebf \u0111\u1ec3 s\u1eed d\u1ee5ng cho<\/p>\n","protected":false},"featured_media":32545,"comment_status":"open","ping_status":"closed","template":"","meta":[],"product_brand":[160],"product_cat":[90],"product_tag":[],"class_list":{"0":"post-32544","1":"product","2":"type-product","3":"status-publish","4":"has-post-thumbnail","6":"product_brand-micro","7":"product_cat-thiet-bi-am-thanh","9":"first","10":"instock","11":"shipping-taxable","12":"product-type-simple"},"_links":{"self":[{"href":"https:\/\/108giahoa.com\/index.php?rest_route=\/wp\/v2\/product\/32544","targetHints":{"allow":["GET"]}}],"collection":[{"href":"https:\/\/108giahoa.com\/index.php?rest_route=\/wp\/v2\/product"}],"about":[{"href":"https:\/\/108giahoa.com\/index.php?rest_route=\/wp\/v2\/types\/product"}],"replies":[{"embeddable":true,"href":"https:\/\/108giahoa.com\/index.php?rest_route=%2Fwp%2Fv2%2Fcomments&post=32544"}],"version-history":[{"count":1,"href":"https:\/\/108giahoa.com\/index.php?rest_route=\/wp\/v2\/product\/32544\/revisions"}],"predecessor-version":[{"id":32546,"href":"https:\/\/108giahoa.com\/index.php?rest_route=\/wp\/v2\/product\/32544\/revisions\/32546"}],"wp:featuredmedia":[{"embeddable":true,"href":"https:\/\/108giahoa.com\/index.php?rest_route=\/wp\/v2\/media\/32545"}],"wp:attachment":[{"href":"https:\/\/108giahoa.com\/index.php?rest_route=%2Fwp%2Fv2%2Fmedia&parent=32544"}],"wp:term":[{"taxonomy":"product_brand","embeddable":true,"href":"https:\/\/108giahoa.com\/index.php?rest_route=%2Fwp%2Fv2%2Fproduct_brand&post=32544"},{"taxonomy":"product_cat","embeddable":true,"href":"https:\/\/108giahoa.com\/index.php?rest_route=%2Fwp%2Fv2%2Fproduct_cat&post=32544"},{"taxonomy":"product_tag","embeddable":true,"href":"https:\/\/108giahoa.com\/index.php?rest_route=%2Fwp%2Fv2%2Fproduct_tag&post=32544"}],"curies":[{"name":"wp","href":"https:\/\/api.w.org\/{rel}","templated":true}]}}