{"id":32553,"date":"2026-04-02T09:02:01","date_gmt":"2026-04-02T09:02:01","guid":{"rendered":"https:\/\/108giahoa.com\/?post_type=product&#038;p=32553"},"modified":"2026-04-02T09:02:35","modified_gmt":"2026-04-02T09:02:35","slug":"loa-sieu-tram-120w-toa-fb-601b","status":"publish","type":"product","link":"https:\/\/108giahoa.com\/?product=loa-sieu-tram-120w-toa-fb-601b","title":{"rendered":"Loa si\u00eau tr\u1ea7m 120W: TOA FB-601B"},"content":{"rendered":"<p><strong>FB-601B<\/strong>\u00a0l\u00e0 d\u00f2ng loa si\u00eau tr\u1ea7m m\u00e0u \u0111en, c\u00f4ng su\u1ea5t 120W \u0111\u01b0\u1ee3c thi\u1ebft k\u1ebf ph\u00f9 h\u1ee3p v\u1edbi kh\u00f4ng gian th\u01b0\u01a1ng m\u1ea1i. Loa c\u00f3 th\u1ec3 \u0111\u01b0\u1ee3c l\u1eafp \u0111\u1eb7t t\u1ea1m th\u1eddi ho\u1eb7c c\u1ed1 \u0111\u1ecbnh v\u00e0 c\u00f3 kh\u1ea3 n\u0103ng ph\u00e1t \u00e2m thanh ch\u1ea5t l\u01b0\u1ee3ng cao.<\/p>\n<p><strong>Th\u00f4ng s\u1ed1 k\u1ef9 thu\u1eadt:<\/strong><\/p>\n<table>\n<tbody>\n<tr class=\"firstRow\">\n<th colspan=\"2\">C\u01b0\u1eddng \u0111\u1ed9 \u00e2m<\/th>\n<td width=\"640\">85 dB (1 W, 1 m) (k\u00eanh L ho\u1eb7c k\u00eanh R)<\/td>\n<\/tr>\n<tr>\n<th colspan=\"2\">\u0110\u00e1p tuy\u1ebfn t\u1ea7n s\u1ed1<\/th>\n<td width=\"640\">40 Hz &#8211; 190 Hz (-10 dB d\u01b0\u1edbi SPL) (k\u00eanh L ho\u1eb7c k\u00eanh R)<\/td>\n<\/tr>\n<tr>\n<th colspan=\"2\">Th\u00e0nh ph\u1ea7n loa<\/th>\n<td width=\"640\">Loa 16 cm x 2<\/td>\n<\/tr>\n<tr>\n<th colspan=\"2\">C\u1ed5ng k\u1ebft n\u1ed1i<\/th>\n<td width=\"640\">\u0110\u1ea7u n\u1ed1i Push-In (8 l\u1ed7 k\u1ebft n\u1ed1i cho \u0111\u1ea7u n\u1ed1i)<\/td>\n<\/tr>\n<tr>\n<th rowspan=\"3\">\u0110\u1eb7c \u0111i\u1ec3m<\/th>\n<th>V\u1ecf loa<\/th>\n<td width=\"640\">G\u1ed7 v\u00e1n d\u0103m l\u1eabn nh\u1ef1a Vinyl, m\u00e0u \u0111en<\/td>\n<\/tr>\n<tr>\n<th>M\u1eb7t tr\u01b0\u1edbc<\/th>\n<td width=\"640\">Nh\u1ef1a ABS, m\u00e0u \u0111en<\/td>\n<\/tr>\n<tr>\n<th>Gi\u00e1 \u0111\u1ee1<\/th>\n<td width=\"640\">Th\u00e9p t\u1ea5m, s\u01a1n m\u00e0u \u0111en<\/td>\n<\/tr>\n<tr>\n<th colspan=\"2\">K\u00edch th\u01b0\u1edbc<\/th>\n<td width=\"640\">210 (R) x 390 (C) x 563 (S) mm<\/td>\n<\/tr>\n<tr>\n<th colspan=\"2\">Kh\u1ed1i l\u01b0\u1ee3ng<\/th>\n<td width=\"640\">11.5kg (kh\u00f4ng bao g\u1ed3m gi\u00e1 \u0111\u1ee1)<\/td>\n<\/tr>\n<tr>\n<th colspan=\"2\">Ph\u1ee5 ki\u1ec7n \u0111i k\u00e8m<\/th>\n<td width=\"640\">\u0110\u1ebf cao su x 4, gi\u00e1 \u0111\u1ee1 g\u1eafn loa x 4, v\u00edt t\u1ef1 c\u1eaft ren (3 x 14) x 4<\/td>\n<\/tr>\n<\/tbody>\n<\/table>\n","protected":false},"excerpt":{"rendered":"<p>FB-601B\u00a0l\u00e0 d\u00f2ng loa si\u00eau tr\u1ea7m m\u00e0u \u0111en, c\u00f4ng su\u1ea5t 120W \u0111\u01b0\u1ee3c thi\u1ebft k\u1ebf ph\u00f9 h\u1ee3p v\u1edbi kh\u00f4ng gian th\u01b0\u01a1ng m\u1ea1i.<\/p>\n","protected":false},"featured_media":32554,"comment_status":"open","ping_status":"closed","template":"","meta":[],"product_brand":[218,237],"product_cat":[90],"product_tag":[],"class_list":{"0":"post-32553","1":"product","2":"type-product","3":"status-publish","4":"has-post-thumbnail","6":"product_brand-am-thanh-toa","7":"product_brand-loa","8":"product_cat-thiet-bi-am-thanh","10":"first","11":"instock","12":"shipping-taxable","13":"product-type-simple"},"_links":{"self":[{"href":"https:\/\/108giahoa.com\/index.php?rest_route=\/wp\/v2\/product\/32553","targetHints":{"allow":["GET"]}}],"collection":[{"href":"https:\/\/108giahoa.com\/index.php?rest_route=\/wp\/v2\/product"}],"about":[{"href":"https:\/\/108giahoa.com\/index.php?rest_route=\/wp\/v2\/types\/product"}],"replies":[{"embeddable":true,"href":"https:\/\/108giahoa.com\/index.php?rest_route=%2Fwp%2Fv2%2Fcomments&post=32553"}],"version-history":[{"count":1,"href":"https:\/\/108giahoa.com\/index.php?rest_route=\/wp\/v2\/product\/32553\/revisions"}],"predecessor-version":[{"id":32555,"href":"https:\/\/108giahoa.com\/index.php?rest_route=\/wp\/v2\/product\/32553\/revisions\/32555"}],"wp:featuredmedia":[{"embeddable":true,"href":"https:\/\/108giahoa.com\/index.php?rest_route=\/wp\/v2\/media\/32554"}],"wp:attachment":[{"href":"https:\/\/108giahoa.com\/index.php?rest_route=%2Fwp%2Fv2%2Fmedia&parent=32553"}],"wp:term":[{"taxonomy":"product_brand","embeddable":true,"href":"https:\/\/108giahoa.com\/index.php?rest_route=%2Fwp%2Fv2%2Fproduct_brand&post=32553"},{"taxonomy":"product_cat","embeddable":true,"href":"https:\/\/108giahoa.com\/index.php?rest_route=%2Fwp%2Fv2%2Fproduct_cat&post=32553"},{"taxonomy":"product_tag","embeddable":true,"href":"https:\/\/108giahoa.com\/index.php?rest_route=%2Fwp%2Fv2%2Fproduct_tag&post=32553"}],"curies":[{"name":"wp","href":"https:\/\/api.w.org\/{rel}","templated":true}]}}