{"id":32559,"date":"2026-04-02T09:06:59","date_gmt":"2026-04-02T09:06:59","guid":{"rendered":"https:\/\/108giahoa.com\/?post_type=product&#038;p=32559"},"modified":"2026-04-02T09:07:00","modified_gmt":"2026-04-02T09:07:00","slug":"mixer-tien-khuech-dai-toa-mx-9200-as","status":"publish","type":"product","link":"https:\/\/108giahoa.com\/?product=mixer-tien-khuech-dai-toa-mx-9200-as","title":{"rendered":"Mixer ti\u1ec1n khu\u1ebfch \u0111\u1ea1i: TOA MX-9200-AS"},"content":{"rendered":"<p><strong>MX-9200-AS<\/strong>\u00a0l\u00e0 mixer ti\u1ec1n khu\u1ebfch \u0111\u1ea1i kh\u00f4ng d\u00e2y v\u1edbi 9 ng\u00f5 v\u00e0o, bao g\u1ed3m 4 ng\u00f5 v\u00e0o MIC ngu\u1ed3n phantom, 1 ng\u00f5 v\u00e0o t\u00f9y ch\u1ecdn MIC ho\u1eb7c AUX, 3 ng\u00f5 v\u00e0o t\u00f9y ch\u1ecdn MIC ho\u1eb7c LINE, v\u00e0 1 ng\u00f5 v\u00e0o t\u00f9y ch\u1ecdn gi\u1eefa MIC ho\u1eb7c \u0111i\u1ec7n tho\u1ea1i. Vi\u1ec7c c\u00e0i \u0111\u1eb7t c\u00e1c tham s\u1ed1 nh\u01b0 \u00c2m l\u01b0\u1ee3ng, Bass, Middle, Treble, Im l\u1eb7ng \u1edf t\u1eebng k\u00eanh ng\u00f5 v\u00e0o v\u00e0 2 k\u00eanh ng\u00f5 ra c\u00f3 th\u1ec3 \u0111\u01b0\u1ee3c d\u1ec5 d\u00e0ng \u0111i\u1ec1u ch\u1ec9nh t\u1eeb xa ch\u1ec9 v\u1edbi m\u1ed9t n\u00fat ch\u1ea1m b\u1eb1ng thi\u1ebft b\u1ecb android c\u00f3 k\u1ebft n\u1ed1i bluetooth.<\/p>\n<p><em><strong>Th\u00f4ng s\u1ed1 k\u1ef9 thu\u1eadt:<\/strong><\/em><\/p>\n<table>\n<tbody>\n<tr class=\"firstRow\">\n<th>Ngu\u1ed3n \u0111i\u1ec7n<\/th>\n<td width=\"914\">220 &#8211; 240 V AC, 14 W<\/td>\n<\/tr>\n<tr>\n<th>Ng\u00f5 v\u00e0o \u00e2m thanh<\/th>\n<td width=\"914\">Input CH 1 with Phantom option 19 V DC:<br \/>\nNg\u00f5 v\u00e0o CH1 v\u1edbi ngu\u1ed3n phantom 19V DC:<br \/>\n&#8211; MIC c\u00f3 chu\u00f4ng b\u00e1o:\u00a0C\u00e2n b\u1eb1ng, \u0111\u1ed9 nh\u1ea1y t\u00f9y ch\u1ecdn -55dB (1.8 mV)\/ -30 dB (30 mV), 2.2 k\u03a9, \u0111\u1ecbnh m\u1ee9c 1 kHz, gi\u1eafc RJ45<br \/>\n&#8211; MIC: C\u00e2n b\u1eb1ng, \u0111\u1ed9 nh\u1ea1y t\u00f9y ch\u1ecdn -55dB (1.8 mV)\/ -30 dB (30 mV), 2.2 k\u03a9, \u0111\u1ecbnh m\u1ee9c 1 kHz, gi\u1eafc 6 ly.<br \/>\nNg\u00f5 v\u00e0o CH 2-4 v\u1edbi ngu\u1ed3n phantom 19 V DC:<br \/>\n&#8211; C\u00e2n b\u1eb1ng, \u0111\u1ed9 nh\u1ea1y -55 dB (1.8 mV), 2.2 k\u03a9, \u0111\u1ecbnh m\u1ee9c 1 kHz, gi\u1eafc 6 ly.<br \/>\nNg\u00f5 v\u00e0o t\u00f9y ch\u1ecdn CH 5 v\u1edbi c\u00e1c l\u1ef1a ch\u1ecdn sau:<br \/>\n&#8211; MIC: C\u00e2n b\u1eb1ng, \u0111\u1ed9 nh\u1ea1y -55 dB (1.8 mV), 2.2 k\u03a9, \u0111\u1ecbnh m\u1ee9c 1 kHz, gi\u1eafc 6 ly.<br \/>\n&#8211; AUX: Kh\u00f4ng c\u00e2n b\u1eb1ng, \u0111\u1ed9 nh\u1ea1y 0 dB (1.8 mV), 10 k\u03a9, \u0111\u1ecbnh m\u1ee9c 1 kHz, gi\u1eafc RCA.<br \/>\nNg\u00f5 v\u00e0o t\u00f9y ch\u1ecdn c\u01b0\u1eddng \u0111\u1ed9 \u00e2m CH 6-8, gi\u1eafc c\u1eafm 3 ch\u00e2n th\u00e1o r\u1eddi v\u1edbi c\u00e1c \u0111\u1ed9 nh\u1ea1y t\u00f9y ch\u1ecdn sau:<br \/>\n&#8211; LINE: C\u00e2n b\u1eb1ng, \u0111\u1ed9 nh\u1ea1y 0 dB, 2.2 k\u03a9, \u0111\u1ecbnh m\u1ee9c 1 kHz<br \/>\n&#8211; MIC: C\u00e2n b\u1eb1ng, \u0111\u1ed9 nh\u1ea1y -55 dB (1.8 mV), 2.2 k\u03a9, \u0111\u1ecbnh m\u1ee9c 1 kHz<br \/>\nNg\u00f5 v\u00e0o \u0111\u1ed9 nh\u1ea1y t\u00f9y ch\u1ecdn CH 9, gi\u1eafc c\u1eafm 3 ch\u00e2n th\u00e1o r\u1eddi v\u1edbi c\u00e1c \u0111\u1ed9 nh\u1ea1y t\u00f9y ch\u1ecdn sau:<br \/>\n&#8211; MIC: C\u00e2n b\u1eb1ng, \u0111\u1ed9 nh\u1ea1y -55 dB (1.8 mV), 2.2 k\u03a9, \u0111\u1ecbnh m\u1ee9c 1 kHz<br \/>\n&#8211; STREAMING: Kh\u00f4ng c\u00e2n b\u1eb1ng, \u0111\u1ed9 nh\u1ea1y 0 dB, 10 k\u03a9, \u0111\u1ecbnh m\u1ee9c 1 kHz<\/td>\n<\/tr>\n<tr>\n<th>Ng\u00f5 ra \u00e2m thanh<\/th>\n<td width=\"914\">Ng\u00f5 ra \u00e2m thanh A &amp; B, c\u00e2n b\u1eb1ng, gi\u1eafc c\u1eafm 3 ch\u00e2n th\u00e1o r\u1eddi<br \/>\nC\u00e1c m\u1ee9c ng\u00f5 ra t\u00f9y ch\u1ecdn: 0 dB \/ -10 dB (300 mV) \/ -20 dB (100 mV), 600 \u03a9, rated 1 kHz<\/td>\n<\/tr>\n<tr>\n<th>Ng\u00f5 ra \u0111i\u1ec1u khi\u1ec3n<\/th>\n<td width=\"914\">9 Shortcut switch IN, 2 Shortcut switch OUT, 1 Shortcut switch VOLUME, 1 Shortcut switch TONE CONTROL, 1 Shortcut switch INPUT SELECTION,\u00a0 1 c\u00f4ng t\u1eafc \u0111i\u1ec1u h\u01b0\u1edbng (tr\u00e1i, ph\u1ea3i, \u0111\u1ea9y)<\/td>\n<\/tr>\n<tr>\n<th>\u0110i\u1ec1u khi\u1ec3n \u00e2m s\u1eafc<\/th>\n<td width=\"914\">Bass \u00b1 13 dB t\u1ea1i 100 Hz, Middle \u00b1 13 dB t\u1ea1i 1 kHz, Treble \u00b1 13 dB t\u1ea1i 10 kHz<\/td>\n<\/tr>\n<tr>\n<th>\u0110\u1ed9 m\u00e9o<\/th>\n<td width=\"914\">D\u01b0\u1edbi 1 % t\u1ea1i 1 kHz, c\u00f4ng su\u1ea5t \u0111\u1ecbnh m\u1ee9c<\/td>\n<\/tr>\n<tr>\n<th>\u0110\u00e1p tuy\u1ebfn t\u1ea7n s\u1ed1<\/th>\n<td width=\"914\">30 Hz &#8211; 20 kHz, \u00b1 3dB<\/td>\n<\/tr>\n<tr>\n<th>\u0110\u00e8n hi\u1ec3n th\u1ecb<\/th>\n<td width=\"914\">m\u00e0n LCD c\u00f3 \u00e1nh s\u00e1ng xanh, \u0111\u00e8n hi\u1ec3n th\u1ecb ngu\u1ed3n (xanh), \u0111\u00e8n hi\u1ec3n th\u1ecb tr\u1ea1ng th\u00e1i (xanh), \u0111\u00e8n hi\u1ec3n th\u1ecb t\u00edn hi\u1ec7u (xanh), \u0111\u00e8n PEAK (\u0111\u1ecf)<\/td>\n<\/tr>\n<tr>\n<th>K\u1ebft n\u1ed1i<\/th>\n<td width=\"914\">Bluetooth 4.2, USB lo\u1ea1i B (c\u00e0i \u0111\u1eb7t PC\/ n\u00e2ng c\u1ea5p ph\u1ea7n c\u1ee9ng)<\/td>\n<\/tr>\n<tr>\n<th>Nhi\u1ec7t \u0111\u1ed9 ho\u1ea1t \u0111\u1ed9ng<\/th>\n<td width=\"914\">0 \u00b0C \u0111\u1ebfn +40 \u00b0C<\/td>\n<\/tr>\n<tr>\n<th>\u0110\u1ed9 \u1ea9m cho ph\u00e9p<\/th>\n<td width=\"914\">D\u01b0\u1edbi 90 % RH (Kh\u00f4ng ng\u01b0ng t\u1ee5)<\/td>\n<\/tr>\n<tr>\n<th>V\u1eadt li\u1ec7u<\/th>\n<td width=\"914\">T\u1ea5m tr\u01b0\u1edbc: Nh\u00f4m, s\u01a1n \u0111en<br \/>\nV\u1ecf: Th\u00e9p t\u1ea5m, s\u01a1n \u0111en<\/td>\n<\/tr>\n<tr>\n<th>K\u00edch th\u01b0\u1edbc<\/th>\n<td width=\"914\">420 (R) \u00d7 59 (C) \u00d7 339.7 (S) mm<\/td>\n<\/tr>\n<tr>\n<th>Kh\u1ed1i l\u01b0\u1ee3ng<\/th>\n<td width=\"914\">3.3 kg<\/td>\n<\/tr>\n<tr>\n<th>Ph\u1ee5 ki\u1ec7n<\/th>\n<td width=\"914\">B\u1ed9 n\u1ed1i 6P x 2, b\u1ed9 n\u1ed1i 3Px 2<\/td>\n<\/tr>\n<\/tbody>\n<\/table>\n","protected":false},"excerpt":{"rendered":"<p>MX-9200-AS\u00a0l\u00e0 mixer ti\u1ec1n khu\u1ebfch \u0111\u1ea1i kh\u00f4ng d\u00e2y v\u1edbi 9 ng\u00f5 v\u00e0o, bao g\u1ed3m 4 ng\u00f5 v\u00e0o MIC ngu\u1ed3n phantom, 1<\/p>\n","protected":false},"featured_media":32560,"comment_status":"open","ping_status":"closed","template":"","meta":[],"product_brand":[218,232],"product_cat":[90],"product_tag":[],"class_list":{"0":"post-32559","1":"product","2":"type-product","3":"status-publish","4":"has-post-thumbnail","6":"product_brand-am-thanh-toa","7":"product_brand-mixer","8":"product_cat-thiet-bi-am-thanh","10":"first","11":"instock","12":"shipping-taxable","13":"product-type-simple"},"_links":{"self":[{"href":"https:\/\/108giahoa.com\/index.php?rest_route=\/wp\/v2\/product\/32559","targetHints":{"allow":["GET"]}}],"collection":[{"href":"https:\/\/108giahoa.com\/index.php?rest_route=\/wp\/v2\/product"}],"about":[{"href":"https:\/\/108giahoa.com\/index.php?rest_route=\/wp\/v2\/types\/product"}],"replies":[{"embeddable":true,"href":"https:\/\/108giahoa.com\/index.php?rest_route=%2Fwp%2Fv2%2Fcomments&post=32559"}],"version-history":[{"count":1,"href":"https:\/\/108giahoa.com\/index.php?rest_route=\/wp\/v2\/product\/32559\/revisions"}],"predecessor-version":[{"id":32561,"href":"https:\/\/108giahoa.com\/index.php?rest_route=\/wp\/v2\/product\/32559\/revisions\/32561"}],"wp:featuredmedia":[{"embeddable":true,"href":"https:\/\/108giahoa.com\/index.php?rest_route=\/wp\/v2\/media\/32560"}],"wp:attachment":[{"href":"https:\/\/108giahoa.com\/index.php?rest_route=%2Fwp%2Fv2%2Fmedia&parent=32559"}],"wp:term":[{"taxonomy":"product_brand","embeddable":true,"href":"https:\/\/108giahoa.com\/index.php?rest_route=%2Fwp%2Fv2%2Fproduct_brand&post=32559"},{"taxonomy":"product_cat","embeddable":true,"href":"https:\/\/108giahoa.com\/index.php?rest_route=%2Fwp%2Fv2%2Fproduct_cat&post=32559"},{"taxonomy":"product_tag","embeddable":true,"href":"https:\/\/108giahoa.com\/index.php?rest_route=%2Fwp%2Fv2%2Fproduct_tag&post=32559"}],"curies":[{"name":"wp","href":"https:\/\/api.w.org\/{rel}","templated":true}]}}