{"id":32562,"date":"2026-04-02T09:08:48","date_gmt":"2026-04-02T09:08:48","guid":{"rendered":"https:\/\/108giahoa.com\/?post_type=product&#038;p=32562"},"modified":"2026-04-02T09:08:48","modified_gmt":"2026-04-02T09:08:48","slug":"mixer-tien-khuech-dai-toa-mx-113-as","status":"publish","type":"product","link":"https:\/\/108giahoa.com\/?product=mixer-tien-khuech-dai-toa-mx-113-as","title":{"rendered":"Mixer ti\u1ec1n khu\u1ebfch \u0111\u1ea1i: TOA MX-113-AS"},"content":{"rendered":"<p><strong>MX-113-AS TOA<\/strong>\u00a0l\u00e0 b\u1ed9 mixer analog mang l\u1ea1i ch\u1ea5t l\u01b0\u1ee3ng tuy\u1ec7t v\u1eddi. B\u1ed9 tr\u1ed9n ti\u1ec1n khu\u1ebfch \u0111\u1ea1i \u0111\u1ec3 b\u00e0n c\u00f3 k\u00edch c\u1ee1 1U, bao g\u1ed3m 6 ng\u00f5 v\u00e0o Micro, 4 ng\u00f5 v\u00e0o AUX v\u00e0 2 ng\u00f5 ra mono s\u1ebd \u0111\u00e1p \u1ee9ng m\u1ecdi nhu c\u1ea7u \u00e2m thanh c\u1ee7a b\u1ea1n.<br \/>\nH\u00e3y n\u00e2ng c\u1ea5p h\u1ec7 th\u1ed1ng c\u1ee7a b\u1ea1n ngay h\u00f4m nay v\u1edbi\u00a0<strong>MX-113-AS<\/strong>\u00a0\u0111\u1ec3 \u0111\u01b0\u1ee3c t\u1eadn h\u01b0\u1edfng tr\u1ea3i nghi\u1ec7m \u00e2m thanh ch\u01b0a t\u1eebng c\u00f3.<\/p>\n<p><em><strong>Th\u00f4ng s\u1ed1 k\u1ef9 thu\u1eadt:<\/strong><\/em><\/p>\n<ul class=\" list-paddingleft-2\">\n<li>* 0 dB = 1 V<\/li>\n<\/ul>\n<table style=\"height: 937px;\" width=\"995\">\n<tbody>\n<tr class=\"firstRow\">\n<th>Ngu\u00f4\u0300n \u0111i\u00ea\u0323n<\/th>\n<td colspan=\"2\" width=\"1822\">220 &#8211; 240 V AC, 50\/60 Hz<\/td>\n<\/tr>\n<tr>\n<th>C\u00f4ng su\u00e2\u0301t ti\u00eau thu\u0323<\/th>\n<td colspan=\"2\" width=\"1822\">4W<\/td>\n<\/tr>\n<tr>\n<th>Ngo\u0303 va\u0300o<\/th>\n<td width=\"136\">MIC 1-5:<\/p>\n<p>MIC 6:<br \/>\nAUX 1:<\/p>\n<p>AUX 2, 3:<br \/>\nAUX 4:<\/td>\n<td width=\"1685\">600\u03a9, -62dB*, kh\u00f4ng c\u00e2n b\u1eb1ng, gi\u1eafc 6 ly (khi ch\u1ebf \u0111\u1ed9 ch\u1eb7n nhi\u1ec5u T\u1eaeT)<br \/>\n600\u03a9, -54 dB*, kh\u00f4ng c\u00e2n b\u1eb1ng, gi\u1eafc 6 ly (khi ch\u1ebf \u0111\u1ed9 ch\u1eb7n nhi\u1ec5u B\u1eacT) (t\u00f9y ch\u1ecdn b\u1ed9 chuy\u1ec3n \u0111\u1ed5i c\u00e2n b\u1eb1ng<br \/>\nIT-450)<br \/>\n600\u03a9, -62dB*, kh\u00f4ng c\u00e2n b\u1eb1ng, gi\u1eafc 6 ly<br \/>\n10 k\u03a9, -12dB*, kh\u00f4ng c\u00e2n b\u1eb1ng, gi\u1eafc 6 ly\/gi\u1eafc RCA<br \/>\n(Micro 6 v\u00e0 AUX 1 l\u00e0 lo\u1ea1i chuy\u1ec3n \u0111\u1ed5i)<br \/>\n10 k\u03a9, -12dB*, kh\u00f4ng c\u00e2n b\u1eb1ng, gi\u1eafc 6 ly\/gi\u1eafc RC<br \/>\n600\u03a9, -12dB*, kh\u00f4ng c\u00e2n b\u1eb1ng, gi\u1eafc 6 ly (t\u00f9y ch\u1ecdn chuy\u1ec3n \u0111\u1ed5i c\u00e2n b\u1eb1ng IT-450)<\/td>\n<\/tr>\n<tr>\n<th>Ngo\u0303 ra<\/th>\n<td colspan=\"2\" width=\"1822\">Ng\u00f5 ra Line: 600\u03a9, 0dB*, c\u00e2n b\u1eb1ng, gi\u1eafc 6 ly<br \/>\nNg\u00f5 ra Ghi \u00e2m: 1k\u03a9, 0dB*, kh\u00f4ng c\u00e2n b\u1eb1ng, gi\u1eafc RCA<\/td>\n<\/tr>\n<tr>\n<th>C\u00f4\u0309ng b\u00e2\u0323t t\u0103\u0301t thi\u00ea\u0301t bi\u0323 t\u01b0\u0300 xa<\/th>\n<td colspan=\"2\" width=\"1822\">Ng\u01b0\u1ee1ng ch\u1ecbu \u0111\u1ef1ng: DC 30V, D\u00f2ng \u0111i\u1ec7n: 1A, \u1ed0c v\u00edt ki\u1ec3u M3, 6.4mm<\/td>\n<\/tr>\n<tr>\n<th>T.H.D<\/th>\n<td colspan=\"2\" width=\"1822\">1 % ho\u1eb7c th\u1ea5p h\u01a1n (1 kHz, c\u00f4ng su\u1ea5t \u0111\u1ecbnh m\u1ee9c)<\/td>\n<\/tr>\n<tr>\n<th>\u0110a\u0301p tuy\u00ea\u0301n t\u00e2\u0300n s\u00f4\u0301<\/th>\n<td colspan=\"2\" width=\"1822\">30 Hz &#8211; 20 kHz<\/td>\n<\/tr>\n<tr>\n<th>M\u01b0\u0301c nhi\u00ea\u0303u<\/th>\n<td colspan=\"2\" width=\"1822\">60 dB<\/td>\n<\/tr>\n<tr>\n<th>V\u00e2\u0323t li\u00ea\u0323u<\/th>\n<td colspan=\"2\" width=\"1822\">M\u0103\u0323t tr\u01b0\u01a1\u0301c: Nh\u00f4m, phu\u0309 s\u01a1n \u0111en<\/td>\n<\/tr>\n<tr>\n<th>Ki\u0301ch th\u01b0\u01a1\u0301c<\/th>\n<td colspan=\"2\" width=\"1822\">420 (R) \u00d7 50 (C) \u00d7 271 (S) mm<\/td>\n<\/tr>\n<tr>\n<th>Kh\u00f4\u0301i l\u01b0\u01a1\u0323ng<\/th>\n<td colspan=\"2\" width=\"1822\">3.2 kg<\/td>\n<\/tr>\n<tr>\n<th>Phu\u0323 ki\u00ea\u0323n \u0111i ke\u0300m<\/th>\n<td colspan=\"2\" width=\"1822\">Ca\u0301p ngu\u00f4\u0300n x2<\/td>\n<\/tr>\n<\/tbody>\n<\/table>\n","protected":false},"excerpt":{"rendered":"<p>MX-113-AS TOA\u00a0l\u00e0 b\u1ed9 mixer analog mang l\u1ea1i ch\u1ea5t l\u01b0\u1ee3ng tuy\u1ec7t v\u1eddi. B\u1ed9 tr\u1ed9n ti\u1ec1n khu\u1ebfch \u0111\u1ea1i \u0111\u1ec3 b\u00e0n c\u00f3 k\u00edch<\/p>\n","protected":false},"featured_media":32563,"comment_status":"open","ping_status":"closed","template":"","meta":[],"product_brand":[218,232],"product_cat":[90],"product_tag":[],"class_list":{"0":"post-32562","1":"product","2":"type-product","3":"status-publish","4":"has-post-thumbnail","6":"product_brand-am-thanh-toa","7":"product_brand-mixer","8":"product_cat-thiet-bi-am-thanh","10":"first","11":"instock","12":"shipping-taxable","13":"product-type-simple"},"_links":{"self":[{"href":"https:\/\/108giahoa.com\/index.php?rest_route=\/wp\/v2\/product\/32562","targetHints":{"allow":["GET"]}}],"collection":[{"href":"https:\/\/108giahoa.com\/index.php?rest_route=\/wp\/v2\/product"}],"about":[{"href":"https:\/\/108giahoa.com\/index.php?rest_route=\/wp\/v2\/types\/product"}],"replies":[{"embeddable":true,"href":"https:\/\/108giahoa.com\/index.php?rest_route=%2Fwp%2Fv2%2Fcomments&post=32562"}],"version-history":[{"count":1,"href":"https:\/\/108giahoa.com\/index.php?rest_route=\/wp\/v2\/product\/32562\/revisions"}],"predecessor-version":[{"id":32564,"href":"https:\/\/108giahoa.com\/index.php?rest_route=\/wp\/v2\/product\/32562\/revisions\/32564"}],"wp:featuredmedia":[{"embeddable":true,"href":"https:\/\/108giahoa.com\/index.php?rest_route=\/wp\/v2\/media\/32563"}],"wp:attachment":[{"href":"https:\/\/108giahoa.com\/index.php?rest_route=%2Fwp%2Fv2%2Fmedia&parent=32562"}],"wp:term":[{"taxonomy":"product_brand","embeddable":true,"href":"https:\/\/108giahoa.com\/index.php?rest_route=%2Fwp%2Fv2%2Fproduct_brand&post=32562"},{"taxonomy":"product_cat","embeddable":true,"href":"https:\/\/108giahoa.com\/index.php?rest_route=%2Fwp%2Fv2%2Fproduct_cat&post=32562"},{"taxonomy":"product_tag","embeddable":true,"href":"https:\/\/108giahoa.com\/index.php?rest_route=%2Fwp%2Fv2%2Fproduct_tag&post=32562"}],"curies":[{"name":"wp","href":"https:\/\/api.w.org\/{rel}","templated":true}]}}