{"id":32565,"date":"2026-04-02T09:10:22","date_gmt":"2026-04-02T09:10:22","guid":{"rendered":"https:\/\/108giahoa.com\/?post_type=product&#038;p=32565"},"modified":"2026-04-02T09:10:22","modified_gmt":"2026-04-02T09:10:22","slug":"tang-am-mo-rong-cong-suat-240w-toa-p-2240","status":"publish","type":"product","link":"https:\/\/108giahoa.com\/?product=tang-am-mo-rong-cong-suat-240w-toa-p-2240","title":{"rendered":"T\u0103ng \u00e2m m\u1edf r\u1ed9ng c\u00f4ng su\u1ea5t 240W: TOA P-2240"},"content":{"rendered":"<p class=\"rn-txt\"><a title=\"T\u0103ng \u00e2m m\u1edf r\u1ed9ng c\u00f4ng su\u1ea5t 240W: TOA P-2240\" href=\"https:\/\/toavietnam.net\/335-tang-am-mo-rong-cong-suat-240w-toa-p-2240.html\" target=\"_blank\" rel=\"noopener\">P-2240<\/a>\u00a0l\u00e0 t\u0103ng \u00e2m c\u00f4ng su\u1ea5t m\u1edf r\u1ed9ng c\u00f4ng su\u1ea5t 240W hi\u1ec7u n\u0103ng cao ph\u00f9 h\u1ee3p trong c\u00e1c \u1ee9ng d\u1ee5ng th\u00f4ng b\u00e1o ho\u1eb7c ph\u00e1t nh\u1ea1c n\u1ec1n trong khu tr\u01b0\u1eddng h\u1ecdc, v\u0103n ph\u00f2ng, c\u1eeda h\u00e0ng, nh\u00e0 m\u00e1y, nh\u00e0 th\u1edd ho\u1eb7c c\u00e1c ph\u00f2ng l\u1edbn.<\/p>\n<p class=\"rn-txt\"><em><strong>Th\u00f4ng s\u1ed1 k\u1ef9 thu\u1eadt:<\/strong><\/em><\/p>\n<p class=\"product-icons\">* 0 dB = 1 V<\/p>\n<table style=\"height: 615px;\" width=\"853\">\n<tbody>\n<tr class=\"firstRow\">\n<th>Ngu\u1ed3n \u0111i\u1ec7n<\/th>\n<td>220 &#8211; 240 V AC, ho\u1eb7c 24 &#8211; 30 V DC<\/td>\n<\/tr>\n<tr>\n<th>C\u00f4ng su\u1ea5t ra loa<\/th>\n<td>240 W<\/td>\n<\/tr>\n<tr>\n<th>C\u00f4ng su\u1ea5t ti\u00eau th\u1ee5<\/th>\n<td>238 W (EN60065), 520 W (s\u1eed d\u1ee5ng \u0111i\u1ec7n AC t\u1ea1i c\u00f4ng su\u1ea5t ra),<br \/>\n15 A (s\u1eed d\u1ee5ng \u0111i\u1ec7n DC t\u1ea1i c\u00f4ng su\u1ea5t ra)<\/td>\n<\/tr>\n<tr>\n<th>\u0110\u00e1p tuy\u1ebfn t\u1ea7n s\u1ed1<\/th>\n<td>50 &#8211; 20,000 Hz (\u00b13 dB)<\/td>\n<\/tr>\n<tr>\n<th>\u0110\u1ed9 m\u00e9o<\/th>\n<td>D\u01b0\u1edbi 1% t\u1ea1i 1 kHz, 1\/3 c\u00f4ng su\u1ea5t<\/td>\n<\/tr>\n<tr>\n<th>Ng\u00f5 v\u00e0o<\/th>\n<td>M\u1ee9c Line: 0 dB*, 10 k\u03a9, c\u00e2n b\u1eb1ng, ki\u1ec3u \u1ed1c v\u00edt<br \/>\nM\u1ee9c 100 V line: 40 dB*, 330 k\u03a9, kh\u00f4ng c\u00e2n b\u1eb1ng, ki\u1ec3u \u1ed1c v\u00edt<br \/>\n\u0110i\u1ec1u ch\u1ec9nh b\u1eadt ngu\u1ed3n t\u1eeb xa: D\u1ea1ng ti\u1ebfp \u0111i\u1ec3m<\/td>\n<\/tr>\n<tr>\n<th>Ng\u00f5 ra<\/th>\n<td>Ng\u00f5 ra v\u00f2ng l\u1eb7p: 0 dB*, 10 k\u03a9, \u00e2n b\u1eb1ng, ki\u1ec3u \u1ed1c v\u00edt<br \/>\nNg\u00f5 ra Loa: D\u1ea1ng c\u00e2n b\u1eb1ng<br \/>\nTr\u1edf kh\u00e1ng cao: 42 \u03a9 (100 V), 21 \u03a9 (70 V)<br \/>\nTr\u1edf kh\u00e1ng th\u1ea5p: 4 \u03a9 (31 V)<\/td>\n<\/tr>\n<tr>\n<th>t\u1ef7 l\u1ec7 S\/N<\/th>\n<td>Tr\u00ean 60 dB<\/td>\n<\/tr>\n<tr>\n<th>\u0110i\u1ec1u ch\u1ec9nh \u00e2m s\u1eafc<\/th>\n<td>Bass: \u00b110 dB at 100 Hz<br \/>\nTreble: \u00b110 dB at 10 kHz<\/td>\n<\/tr>\n<tr>\n<th>\u0110\u00e8n b\u00e1o<\/th>\n<td>B\u00e1o ngu\u1ed3n, b\u00e1o t\u00edn hi\u1ec7u, v\u00e0 b\u00e1o t\u00edn hi\u1ec7u \u0111\u1ea1t \u0111\u1ec9nh<\/td>\n<\/tr>\n<tr>\n<th>T\u1ea3n nhi\u1ec7t<\/th>\n<td>B\u1eb1ng qu\u1ea1t<\/td>\n<\/tr>\n<tr>\n<th>Th\u00e0nh ph\u1ea7n<\/th>\n<td>M\u1eb7t: Nh\u1ef1a ABS, m\u00e0u \u0111en<br \/>\nV\u1ecf: Th\u00e9p, m\u00e0u \u0111en<\/td>\n<\/tr>\n<tr>\n<th>K\u00edch th\u01b0\u1edbc<\/th>\n<td>420 (R) \u00d7 100.9 (C) \u00d7 351.3 (S) mm<\/td>\n<\/tr>\n<tr>\n<th>Kh\u1ed1i l\u01b0\u1ee3ng<\/th>\n<td>13.2 kg<\/td>\n<\/tr>\n<\/tbody>\n<\/table>\n","protected":false},"excerpt":{"rendered":"<p>P-2240\u00a0l\u00e0 t\u0103ng \u00e2m c\u00f4ng su\u1ea5t m\u1edf r\u1ed9ng c\u00f4ng su\u1ea5t 240W hi\u1ec7u n\u0103ng cao ph\u00f9 h\u1ee3p trong c\u00e1c \u1ee9ng d\u1ee5ng th\u00f4ng<\/p>\n","protected":false},"featured_media":32566,"comment_status":"open","ping_status":"closed","template":"","meta":[],"product_brand":[218,220],"product_cat":[90],"product_tag":[],"class_list":{"0":"post-32565","1":"product","2":"type-product","3":"status-publish","4":"has-post-thumbnail","6":"product_brand-am-thanh-toa","7":"product_brand-amply","8":"product_cat-thiet-bi-am-thanh","10":"first","11":"instock","12":"shipping-taxable","13":"product-type-simple"},"_links":{"self":[{"href":"https:\/\/108giahoa.com\/index.php?rest_route=\/wp\/v2\/product\/32565","targetHints":{"allow":["GET"]}}],"collection":[{"href":"https:\/\/108giahoa.com\/index.php?rest_route=\/wp\/v2\/product"}],"about":[{"href":"https:\/\/108giahoa.com\/index.php?rest_route=\/wp\/v2\/types\/product"}],"replies":[{"embeddable":true,"href":"https:\/\/108giahoa.com\/index.php?rest_route=%2Fwp%2Fv2%2Fcomments&post=32565"}],"version-history":[{"count":1,"href":"https:\/\/108giahoa.com\/index.php?rest_route=\/wp\/v2\/product\/32565\/revisions"}],"predecessor-version":[{"id":32567,"href":"https:\/\/108giahoa.com\/index.php?rest_route=\/wp\/v2\/product\/32565\/revisions\/32567"}],"wp:featuredmedia":[{"embeddable":true,"href":"https:\/\/108giahoa.com\/index.php?rest_route=\/wp\/v2\/media\/32566"}],"wp:attachment":[{"href":"https:\/\/108giahoa.com\/index.php?rest_route=%2Fwp%2Fv2%2Fmedia&parent=32565"}],"wp:term":[{"taxonomy":"product_brand","embeddable":true,"href":"https:\/\/108giahoa.com\/index.php?rest_route=%2Fwp%2Fv2%2Fproduct_brand&post=32565"},{"taxonomy":"product_cat","embeddable":true,"href":"https:\/\/108giahoa.com\/index.php?rest_route=%2Fwp%2Fv2%2Fproduct_cat&post=32565"},{"taxonomy":"product_tag","embeddable":true,"href":"https:\/\/108giahoa.com\/index.php?rest_route=%2Fwp%2Fv2%2Fproduct_tag&post=32565"}],"curies":[{"name":"wp","href":"https:\/\/api.w.org\/{rel}","templated":true}]}}