{"id":32568,"date":"2026-04-02T09:17:41","date_gmt":"2026-04-02T09:17:41","guid":{"rendered":"https:\/\/108giahoa.com\/?post_type=product&#038;p=32568"},"modified":"2026-04-02T09:17:41","modified_gmt":"2026-04-02T09:17:41","slug":"loa-am-tran-15w-toa-pc-2852","status":"publish","type":"product","link":"https:\/\/108giahoa.com\/?product=loa-am-tran-15w-toa-pc-2852","title":{"rendered":"Loa \u00e2m tr\u1ea7n 15W: TOA PC-2852"},"content":{"rendered":"<p>Loa \u00e2m tr\u1ea7n TOA 15W\u00a0<a title=\"Loa \u00e2m tr\u1ea7n 15W: TOA PC-2852\" href=\"https:\/\/toavietnam.net\/250-loa-am-tran-15w-toa-pc-2852.html\" target=\"_blank\" rel=\"noopener\"><strong>PC-2852<\/strong><\/a>\u00a0v\u1edbi th\u00e0nh ph\u1ea7n ch\u1ee7 y\u1ebfu b\u1eb1ng kim lo\u1ea1i \u0111\u01b0\u1ee3c s\u1eed d\u1ee5ng trong h\u1ec7 th\u1ed1ng th\u00f4ng b\u00e1o kh\u1ea9n c\u1ea5p. Loa c\u00f3 m\u00f3c treo n\u00ean d\u1ec5 d\u00e0ng l\u1eafp l\u00ean m\u1eb7t tr\u1ea7n. Tr\u1edf kh\u00e1ng ng\u00f5 v\u00e0o thay \u0111\u1ed5i linh ho\u1ea1t b\u1eb1ng c\u00e1ch chuy\u1ec3n v\u1ecb tr\u00ed c\u1eafm \u0111\u1ea7u d\u00e2y tr\u00ean bi\u1ebfn \u00e1p. D\u00e2y n\u1ed1i d\u1ec5 d\u00e0ng nh\u1edd c\u1ed5ng n\u1ed1i d\u00e2y d\u1ea1ng v\u00e0 n\u1ed1i c\u1ea7u khi c\u1ea7n thi\u1ebft.<\/p>\n<p><em><strong>Th\u00f4ng s\u1ed1 k\u1ef9 thu\u1eadt:<\/strong><\/em><\/p>\n<table>\n<tbody>\n<tr class=\"firstRow\">\n<th>C\u00f4ng su\u1ea5t<\/th>\n<td>15 W (100 V, 70 V line)<\/td>\n<\/tr>\n<tr>\n<th>Tr\u1edf kh\u00e1ng<\/th>\n<td>100 V line: 670 \u03a9 (15 W), 1 k\u03a9 (10 W), 2 k\u03a9 (5 W), 3.3 k\u03a9 (3 W)<br \/>\n70 V line: 330 \u03a9 (15 W), 670 \u03a9 (7.5 W), 1 k\u03a9 (5 W), 2 k\u03a9 (2.5 W),<br \/>\n3.3 k\u03a9 (1.5 W)<\/td>\n<\/tr>\n<tr>\n<th>C\u01b0\u1eddng \u0111\u1ed9 \u00e2m<\/th>\n<td>96 dB (1 W, 1 m) (500 Hz &#8211; 5 kHz, pink noise)<\/td>\n<\/tr>\n<tr>\n<th>\u0110\u00e1p tuy\u1ebfn t\u1ea7n s\u1ed1<\/th>\n<td>45 Hz &#8211; 20 kHz (peak -20 dB)<\/td>\n<\/tr>\n<tr>\n<th>Th\u00e0nh ph\u1ea7n loa<\/th>\n<td>Loa h\u00ecnh n\u00f3n, \u0111\u01b0\u1eddng k\u00ednh 20 cm<\/td>\n<\/tr>\n<tr>\n<th>\u0110\u01b0\u1eddng k\u00ednh l\u1ed7 tr\u1ea7n<\/th>\n<td>\u03c6250\u00b13 mm<br \/>\n\u0110\u1ed9 d\u00e0y tr\u1ea7n: 5 &#8211; 25 mm<\/td>\n<\/tr>\n<tr>\n<th>Ph\u01b0\u01a1ng th\u1ee9c l\u1eafp \u0111\u1eb7t<\/th>\n<td>Ki\u1ec3u m\u00f3c<\/td>\n<\/tr>\n<tr>\n<th>C\u00e1p t\u01b0\u01a1ng th\u00edch<\/th>\n<td>600 V d\u00e2y b\u1ecdc c\u00e1ch \u0111i\u1ec7n vinyl (d\u00e2y IV ho\u1eb7c d\u00e2y HIV)<br \/>\nD\u00e2y \u0111\u1ed3ng \u0111\u1eb7c: \u03c60.8 &#8211; \u03c61.6 mm (t\u01b0\u01a1ng \u0111\u01b0\u01a1ng AWG 20 &#8211; 14)<br \/>\nD\u00e2y \u0111\u1ed3ng 7 s\u1ee3i xo\u1eafn: 0.75 &#8211; 1.25 m\u33a1 (t\u01b0\u01a1ng \u0111\u01b0\u01a1ng AWG 18 &#8211; 16)<\/td>\n<\/tr>\n<tr>\n<th>C\u1ed5ng ng\u00f5 v\u00e0o<\/th>\n<td>\u0110\u1ea7u n\u1ed1i d\u00e2y t\u00edn hi\u1ec7u d\u1ea1ng \u1ea5n (c\u1ed5ng 2 nh\u00e1nh)<\/td>\n<\/tr>\n<tr>\n<th>V\u1eadt li\u1ec7u<\/th>\n<td>V\u00e0nh loa: th\u00e9p m\u1ea1, tr\u1eafng nh\u1ea1t<br \/>\nL\u01b0\u1edbi: th\u00e9p ph\u1ee7 m\u00e0u tr\u1eafng nh\u1ea1t<\/td>\n<\/tr>\n<tr>\n<th>K\u00edch th\u01b0\u1edbc<\/th>\n<td>\u03c6280 \u00d7 92 (S) mm<\/td>\n<\/tr>\n<tr>\n<th>Kh\u1ed1i l\u01b0\u1ee3ng<\/th>\n<td>1.6 kg<\/td>\n<\/tr>\n<tr>\n<th>Ph\u1ee5 ki\u1ec7n k\u00e8m theo<\/th>\n<td>H\u01b0\u1edbng d\u1eabn l\u1eafp \u0111\u1eb7t x1<\/td>\n<\/tr>\n<\/tbody>\n<\/table>\n","protected":false},"excerpt":{"rendered":"<p>Loa \u00e2m tr\u1ea7n TOA 15W\u00a0PC-2852\u00a0v\u1edbi th\u00e0nh ph\u1ea7n ch\u1ee7 y\u1ebfu b\u1eb1ng kim lo\u1ea1i \u0111\u01b0\u1ee3c s\u1eed d\u1ee5ng trong h\u1ec7 th\u1ed1ng th\u00f4ng b\u00e1o<\/p>\n","protected":false},"featured_media":32569,"comment_status":"open","ping_status":"closed","template":"","meta":[],"product_brand":[218,237],"product_cat":[90],"product_tag":[],"class_list":{"0":"post-32568","1":"product","2":"type-product","3":"status-publish","4":"has-post-thumbnail","6":"product_brand-am-thanh-toa","7":"product_brand-loa","8":"product_cat-thiet-bi-am-thanh","10":"first","11":"instock","12":"shipping-taxable","13":"product-type-simple"},"_links":{"self":[{"href":"https:\/\/108giahoa.com\/index.php?rest_route=\/wp\/v2\/product\/32568","targetHints":{"allow":["GET"]}}],"collection":[{"href":"https:\/\/108giahoa.com\/index.php?rest_route=\/wp\/v2\/product"}],"about":[{"href":"https:\/\/108giahoa.com\/index.php?rest_route=\/wp\/v2\/types\/product"}],"replies":[{"embeddable":true,"href":"https:\/\/108giahoa.com\/index.php?rest_route=%2Fwp%2Fv2%2Fcomments&post=32568"}],"version-history":[{"count":1,"href":"https:\/\/108giahoa.com\/index.php?rest_route=\/wp\/v2\/product\/32568\/revisions"}],"predecessor-version":[{"id":32570,"href":"https:\/\/108giahoa.com\/index.php?rest_route=\/wp\/v2\/product\/32568\/revisions\/32570"}],"wp:featuredmedia":[{"embeddable":true,"href":"https:\/\/108giahoa.com\/index.php?rest_route=\/wp\/v2\/media\/32569"}],"wp:attachment":[{"href":"https:\/\/108giahoa.com\/index.php?rest_route=%2Fwp%2Fv2%2Fmedia&parent=32568"}],"wp:term":[{"taxonomy":"product_brand","embeddable":true,"href":"https:\/\/108giahoa.com\/index.php?rest_route=%2Fwp%2Fv2%2Fproduct_brand&post=32568"},{"taxonomy":"product_cat","embeddable":true,"href":"https:\/\/108giahoa.com\/index.php?rest_route=%2Fwp%2Fv2%2Fproduct_cat&post=32568"},{"taxonomy":"product_tag","embeddable":true,"href":"https:\/\/108giahoa.com\/index.php?rest_route=%2Fwp%2Fv2%2Fproduct_tag&post=32568"}],"curies":[{"name":"wp","href":"https:\/\/api.w.org\/{rel}","templated":true}]}}