{"id":32575,"date":"2026-04-02T09:21:21","date_gmt":"2026-04-02T09:21:21","guid":{"rendered":"https:\/\/108giahoa.com\/?post_type=product&#038;p=32575"},"modified":"2026-04-02T09:21:22","modified_gmt":"2026-04-02T09:21:22","slug":"bo-quan-ly-nguon-tuan-tu-toa-pd-1535s-as","status":"publish","type":"product","link":"https:\/\/108giahoa.com\/?product=bo-quan-ly-nguon-tuan-tu-toa-pd-1535s-as","title":{"rendered":"B\u1ed9 qu\u1ea3n l\u00fd ngu\u1ed3n tu\u1ea7n t\u1ef1: TOA PD-1535S-AS"},"content":{"rendered":"<p><em><strong>Th\u00f4ng s\u1ed1 k\u1ef9 thu\u1eadt:<\/strong><\/em><\/p>\n<table width=\"983\">\n<tbody>\n<tr class=\"firstRow\">\n<th>Ngu\u1ed3n \u0111i\u1ec7n<\/th>\n<td width=\"722\">AC 220 &#8211; 230 V, 50\/60 Hz, t\u1ed1i \u0111a 3500 W<br \/>\nT\u1ea3i t\u1ed1i \u0111a 16 A<\/td>\n<\/tr>\n<tr>\n<th>Ng\u00f5 v\u00e0o<\/th>\n<td width=\"722\">2 k\u00eanh: 100 V t\u1eeb t\u0103ng \u00e2m, t\u1ea3i t\u1ed1i \u0111a\u00a0500 W m\u1ed7i k\u00eanh<\/td>\n<\/tr>\n<tr>\n<th>Ng\u00f5 ra<\/th>\n<td width=\"722\">2 k\u00eanh: \u0111\u1ebfn d\u00e2y loa, t\u1ea3i t\u1ed1i \u0111a\u00a0500 W m\u1ed7i k\u00eanh<\/td>\n<\/tr>\n<tr>\n<th>C\u1ed5ng c\u1eafm ngu\u1ed3n AC<\/th>\n<td width=\"722\">5 c\u1ed5ng c\u1eafm AC, ki\u1ec3u 3 ch\u1ea5u, 10 A<\/td>\n<\/tr>\n<tr>\n<th>\u0110\u00e8n hi\u1ec3n th\u1ecb<\/th>\n<td width=\"722\">\u0110\u00e8n ngu\u1ed3n m\u00e0u xanh l\u00e1<br \/>\n\u0110\u00e8n ngu\u1ed3n tu\u1ea7n t\u1ef1 m\u00e0u xanh l\u00e1<\/td>\n<\/tr>\n<tr>\n<th>\u0110i\u1ec1u khi\u1ec3n<\/th>\n<td width=\"722\">2 ng\u00f5 v\u00e0o, 2 ng\u00f5 ra<br \/>\nNg\u00f5 v\u00e0o kh\u00f4ng \u0111i\u1ec7n \u00e1p, \u0111i\u1ec7n \u00e1p m\u1edf: 5 V DC,<br \/>\nD\u00f2ng ng\u1eafn m\u1ea1ch: d\u01b0\u1edbi 5 mA, \u0111\u1ea7u n\u1ed1i th\u00e1o r\u1eddi (6 ch\u00e2n)<\/td>\n<\/tr>\n<tr>\n<th>N\u1ed1i t\u1ea7ng<\/th>\n<td width=\"722\">T\u1ed1i \u0111a 4 thi\u1ebft b\u1ecb<\/td>\n<\/tr>\n<tr>\n<th>Th\u1eddi gian b\u1eadt\/t\u1eaft<\/th>\n<td width=\"722\">1 gi\u00e2y\/c\u1ed5ng AC (c\u00e0i \u0111\u1eb7t s\u1eb5n)<\/td>\n<\/tr>\n<tr>\n<th>Nhi\u1ec7t \u0111\u1ed9 cho ph\u00e9p<\/th>\n<td width=\"722\">0 \u00b0C \u0111\u1ebfn 40 \u00b0C<\/td>\n<\/tr>\n<tr>\n<th>\u0110\u1ed9 \u1ea9m cho ph\u00e9p<\/th>\n<td width=\"722\">D\u01b0\u1edbi 90 %RH (kh\u00f4ng ng\u01b0ng t\u1ee5)<\/td>\n<\/tr>\n<tr>\n<th>V\u1eadt li\u1ec7u<\/th>\n<td width=\"722\">B\u1ea3ng m\u1eb7t tr\u01b0\u1edbc: nh\u00f4m Alu, s\u01a1n m\u00e0u \u0111en<br \/>\nV\u1ecf: th\u00e9p t\u1ea5m, s\u01a1n m\u00e0u \u0111en<\/td>\n<\/tr>\n<tr>\n<th>K\u00edch th\u01b0\u1edbc<\/th>\n<td width=\"722\">482 (R) \u00d7 44 (C) \u00d7 326.5 (S) mm<\/td>\n<\/tr>\n<tr>\n<th>Kh\u1ed1i l\u01b0\u1ee3ng<\/th>\n<td width=\"722\">3.5 kg<\/td>\n<\/tr>\n<tr>\n<th>Ph\u1ee5 ki\u1ec7n \u0111i k\u00e8m<\/th>\n<td width=\"722\">\u0110\u1ea7u n\u1ed1i th\u00e1o r\u1eddi (6 ch\u00e2n)\u00a0x 2<br \/>\n\u0110\u1ea7u n\u1ed1i th\u00e1o r\u1eddi\u00a0(3 ch\u00e2n) x 2<\/td>\n<\/tr>\n<\/tbody>\n<\/table>\n","protected":false},"excerpt":{"rendered":"<p>Th\u00f4ng s\u1ed1 k\u1ef9 thu\u1eadt: Ngu\u1ed3n \u0111i\u1ec7n AC 220 &#8211; 230 V, 50\/60 Hz, t\u1ed1i \u0111a 3500 W T\u1ea3i t\u1ed1i \u0111a<\/p>\n","protected":false},"featured_media":32576,"comment_status":"open","ping_status":"closed","template":"","meta":[],"product_brand":[218],"product_cat":[90],"product_tag":[],"class_list":{"0":"post-32575","1":"product","2":"type-product","3":"status-publish","4":"has-post-thumbnail","6":"product_brand-am-thanh-toa","7":"product_cat-thiet-bi-am-thanh","9":"first","10":"instock","11":"shipping-taxable","12":"product-type-simple"},"_links":{"self":[{"href":"https:\/\/108giahoa.com\/index.php?rest_route=\/wp\/v2\/product\/32575","targetHints":{"allow":["GET"]}}],"collection":[{"href":"https:\/\/108giahoa.com\/index.php?rest_route=\/wp\/v2\/product"}],"about":[{"href":"https:\/\/108giahoa.com\/index.php?rest_route=\/wp\/v2\/types\/product"}],"replies":[{"embeddable":true,"href":"https:\/\/108giahoa.com\/index.php?rest_route=%2Fwp%2Fv2%2Fcomments&post=32575"}],"version-history":[{"count":1,"href":"https:\/\/108giahoa.com\/index.php?rest_route=\/wp\/v2\/product\/32575\/revisions"}],"predecessor-version":[{"id":32577,"href":"https:\/\/108giahoa.com\/index.php?rest_route=\/wp\/v2\/product\/32575\/revisions\/32577"}],"wp:featuredmedia":[{"embeddable":true,"href":"https:\/\/108giahoa.com\/index.php?rest_route=\/wp\/v2\/media\/32576"}],"wp:attachment":[{"href":"https:\/\/108giahoa.com\/index.php?rest_route=%2Fwp%2Fv2%2Fmedia&parent=32575"}],"wp:term":[{"taxonomy":"product_brand","embeddable":true,"href":"https:\/\/108giahoa.com\/index.php?rest_route=%2Fwp%2Fv2%2Fproduct_brand&post=32575"},{"taxonomy":"product_cat","embeddable":true,"href":"https:\/\/108giahoa.com\/index.php?rest_route=%2Fwp%2Fv2%2Fproduct_cat&post=32575"},{"taxonomy":"product_tag","embeddable":true,"href":"https:\/\/108giahoa.com\/index.php?rest_route=%2Fwp%2Fv2%2Fproduct_tag&post=32575"}],"curies":[{"name":"wp","href":"https:\/\/api.w.org\/{rel}","templated":true}]}}