{"id":32581,"date":"2026-04-02T09:25:36","date_gmt":"2026-04-02T09:25:36","guid":{"rendered":"https:\/\/108giahoa.com\/?post_type=product&#038;p=32581"},"modified":"2026-04-02T09:25:36","modified_gmt":"2026-04-02T09:25:36","slug":"loa-phong-thanh-10w-toa-pj-100w","status":"publish","type":"product","link":"https:\/\/108giahoa.com\/?product=loa-phong-thanh-10w-toa-pj-100w","title":{"rendered":"Loa ph\u00f3ng thanh 10W: TOA PJ-100W"},"content":{"rendered":"<p>Loa ph\u00f3ng thanh\u00a0<strong>TOA\u00a0<a title=\"PJ-100W\" href=\"https:\/\/toavietnam.net\/579-loa-phong-thanh-10w-toa-pj-100w.html\" target=\"_blank\" rel=\"noopener\">PJ-100W<\/a><\/strong>\u00a0\u0111\u01b0\u1ee3c s\u1eed d\u1ee5ng trong nh\u00e0, ph\u00f9 h\u1ee3p v\u1edbi c\u1ea3 m\u1ee5c \u0111\u00edch th\u00f4ng b\u00e1o v\u00e0 ph\u00e1t nh\u1ea1c n\u1ec1n nh\u1edd c\u00f3 d\u1ea3i t\u1ea7n s\u1ed1 r\u1ed9ng. Loa c\u00f3 s\u1eb5n c\u1ea7u \u0111\u1ea5u d\u00e2y gi\u00fap cho vi\u1ec7c \u0111\u1ea5u n\u1ed1i d\u1ec5 d\u00e0ng.<\/p>\n<p><em><strong>Th\u00f4ng s\u1ed1 k\u1ef9 thu\u1eadt:<\/strong><\/em><\/p>\n<table>\n<tbody>\n<tr class=\"firstRow\">\n<th>C\u00f4ng su\u1ea5t<\/th>\n<td width=\"760\">10 W (50 V, 70 V, 100 V Line)<\/td>\n<\/tr>\n<tr>\n<th>Tr\u1edf kh\u00e1ng \u0111\u1ea7u v\u00e0o<\/th>\n<td width=\"760\">100 V Line : 1 k\u03a9 (10 W), 2 k\u03a9 (5 W), 4 k\u03a9 (2.5 W)<br \/>\n70 V Line : 500 \u03a9 (10 W), 1 k\u03a9 (5 W), 2 k\u03a9 (2.5W), 4 k\u03a9 (1.25 W)<br \/>\n50 V Line : 250 \u03a9 (10 W), 500 \u03a9 (5 W), 1 k\u03a9 (2.5 W), 2 k\u03a9 (1.25 W),<br \/>\n4 k\u03a9 (0.63 W)<\/td>\n<\/tr>\n<tr>\n<th>Tr\u1edf kh\u00e1ng m\u1eb7c \u0111\u1ecbnh<\/th>\n<td width=\"760\">1 k\u03a9<\/td>\n<\/tr>\n<tr>\n<th>C\u01b0\u1eddng \u0111\u1ed9 \u00e2m<\/th>\n<td width=\"760\">92 dB (1 m, 1 W) t\u1ea1i 1 kHz<\/td>\n<\/tr>\n<tr>\n<th>Th\u00e0nh ph\u1ea7n loa<\/th>\n<td width=\"760\">12 cm<\/td>\n<\/tr>\n<tr>\n<th>\u0110\u00e1p tuy\u1ebfn t\u1ea7n s\u1ed1<\/th>\n<td width=\"760\">65 Hz &#8211; 15 kHz<\/td>\n<\/tr>\n<tr>\n<th>V\u1eadt li\u1ec7u<\/th>\n<td width=\"760\">V\u1ecf: Nh\u1ef1a ABS, tr\u1eafng<br \/>\nGi\u00e1 \u0111\u1ee1: SPCC, tr\u1eafng<\/td>\n<\/tr>\n<tr>\n<th>K\u00edch th\u01b0\u1edbc<\/th>\n<td width=\"760\">160 (R) \u00d7 200 (C) \u00d7 195 (S) mm<\/td>\n<\/tr>\n<tr>\n<th>Kh\u1ed1i l\u01b0\u1ee3ng<\/th>\n<td width=\"760\">1.8 kg<\/td>\n<\/tr>\n<\/tbody>\n<\/table>\n","protected":false},"excerpt":{"rendered":"<p>Loa ph\u00f3ng thanh\u00a0TOA\u00a0PJ-100W\u00a0\u0111\u01b0\u1ee3c s\u1eed d\u1ee5ng trong nh\u00e0, ph\u00f9 h\u1ee3p v\u1edbi c\u1ea3 m\u1ee5c \u0111\u00edch th\u00f4ng b\u00e1o v\u00e0 ph\u00e1t nh\u1ea1c n\u1ec1n nh\u1edd<\/p>\n","protected":false},"featured_media":32582,"comment_status":"open","ping_status":"closed","template":"","meta":[],"product_brand":[218,237],"product_cat":[90],"product_tag":[],"class_list":{"0":"post-32581","1":"product","2":"type-product","3":"status-publish","4":"has-post-thumbnail","6":"product_brand-am-thanh-toa","7":"product_brand-loa","8":"product_cat-thiet-bi-am-thanh","10":"first","11":"instock","12":"shipping-taxable","13":"product-type-simple"},"_links":{"self":[{"href":"https:\/\/108giahoa.com\/index.php?rest_route=\/wp\/v2\/product\/32581","targetHints":{"allow":["GET"]}}],"collection":[{"href":"https:\/\/108giahoa.com\/index.php?rest_route=\/wp\/v2\/product"}],"about":[{"href":"https:\/\/108giahoa.com\/index.php?rest_route=\/wp\/v2\/types\/product"}],"replies":[{"embeddable":true,"href":"https:\/\/108giahoa.com\/index.php?rest_route=%2Fwp%2Fv2%2Fcomments&post=32581"}],"version-history":[{"count":1,"href":"https:\/\/108giahoa.com\/index.php?rest_route=\/wp\/v2\/product\/32581\/revisions"}],"predecessor-version":[{"id":32583,"href":"https:\/\/108giahoa.com\/index.php?rest_route=\/wp\/v2\/product\/32581\/revisions\/32583"}],"wp:featuredmedia":[{"embeddable":true,"href":"https:\/\/108giahoa.com\/index.php?rest_route=\/wp\/v2\/media\/32582"}],"wp:attachment":[{"href":"https:\/\/108giahoa.com\/index.php?rest_route=%2Fwp%2Fv2%2Fmedia&parent=32581"}],"wp:term":[{"taxonomy":"product_brand","embeddable":true,"href":"https:\/\/108giahoa.com\/index.php?rest_route=%2Fwp%2Fv2%2Fproduct_brand&post=32581"},{"taxonomy":"product_cat","embeddable":true,"href":"https:\/\/108giahoa.com\/index.php?rest_route=%2Fwp%2Fv2%2Fproduct_cat&post=32581"},{"taxonomy":"product_tag","embeddable":true,"href":"https:\/\/108giahoa.com\/index.php?rest_route=%2Fwp%2Fv2%2Fproduct_tag&post=32581"}],"curies":[{"name":"wp","href":"https:\/\/api.w.org\/{rel}","templated":true}]}}