{"id":32826,"date":"2026-04-10T09:43:50","date_gmt":"2026-04-10T09:43:50","guid":{"rendered":"https:\/\/108giahoa.com\/?post_type=product&#038;p=32826"},"modified":"2026-04-10T09:43:52","modified_gmt":"2026-04-10T09:43:52","slug":"may-chieu-panasonic-pt-vx430","status":"publish","type":"product","link":"https:\/\/108giahoa.com\/?product=may-chieu-panasonic-pt-vx430","title":{"rendered":"M\u00e1y chi\u1ebfu Panasonic PT-VX430"},"content":{"rendered":"<ul>\n<li><strong>C\u01b0\u1eddng \u0111\u1ed9 chi\u1ebfu s\u00e1ng 4<\/strong><strong>5<\/strong><strong>00 Ansi Lumens.<\/strong><\/li>\n<li>\u0110\u1ed9 ph\u00e2n gi\u1ea3i 1024&#215;768 (XGA).<\/li>\n<li>\u0110\u1ed9 t\u01b0\u01a1ng ph\u1ea3n 20.000:1<\/li>\n<li>B\u00f3ng \u0111\u00e8n 240W UHM<\/li>\n<li><strong>Tu\u1ed5i th\u1ecd b\u00f3ng \u0111\u00e8n 7000 gi\u1edd<\/strong><\/li>\n<li>C\u00f4ng ngh\u1ec7 tr\u00ecnh chi\u1ebfu <strong>Daylight View<\/strong> (t\u0103ng c\u01b0\u1eddng \u0111\u1ed9 s\u1eafc n\u00e9t c\u1ee7a h\u00ecnh \u1ea3nh khi tr\u00ecnh chi\u1ebfu trong \u0111i\u1ec1u ki\u1ec7n ph\u00f2ng s\u00e1ng)<\/li>\n<li><strong>T\u1eaft m\u00e1y nhanh<\/strong><strong>(<\/strong>Direct Power-off)<\/li>\n<li>\u0110i\u1ec1u ch\u1ec9nh g\u00f3c nghi\u00eang v\u00e0 ch\u1ec9nh vu\u00f4ng h\u00ecnh<\/li>\n<li>\u1ed0ng k\u00ednh 1.6x<\/li>\n<li>K\u00edch th\u01b0\u1edbc ph\u00f3ng to m\u00e0n h\u00ecnh 30-300\u201d<\/li>\n<li>C\u00f4ng su\u1ea5t 320W<\/li>\n<li><strong>HDMI IN<\/strong><strong> x 2<\/strong><strong>, COMPUTER 1 IN, COMPUTER 2 IN\/MONITOR OUT, VIDEO IN, S-VIDEO IN, AUDIO IN1, AUDIO IN2 (MIC IN), AUDIO IN3, AUDIO OUT, SERIAL IN, LAN, USB-Type B <\/strong><strong>, <\/strong><strong>USB-Type <\/strong><strong>A<\/strong><strong>(memory \/ Wireless Module ET-WML100<\/strong><strong>E<\/strong> <strong>&amp; display) <\/strong><\/li>\n<li><strong>K\u1ebft n\u1ed1i Wireless (<\/strong><strong>T<\/strong><strong>\u00f9y ch\u1ecdn mua th\u00eam)<\/strong><\/li>\n<li>Loa g\u1eafn trong: 10W<\/li>\n<li>K\u00edch th\u01b0\u1edbc 352x98x279mm<\/li>\n<li>Tr\u1ecdng l\u01b0\u1ee3ng 3.3kg<\/li>\n<\/ul>\n<p>C\u00f4ng ngh\u1ec7 Nh\u1eadt B\u1ea3n, s\u1ea3n xu\u1ea5t t\u1ea1i Trung Qu\u1ed1c<\/p>\n","protected":false},"excerpt":{"rendered":"<p>C\u01b0\u1eddng \u0111\u1ed9 chi\u1ebfu s\u00e1ng 4500 Ansi Lumens. \u0110\u1ed9 ph\u00e2n gi\u1ea3i 1024&#215;768 (XGA). \u0110\u1ed9 t\u01b0\u01a1ng ph\u1ea3n 20.000:1 B\u00f3ng \u0111\u00e8n 240W UHM<\/p>\n","protected":false},"featured_media":32820,"comment_status":"open","ping_status":"closed","template":"","meta":[],"product_brand":[246],"product_cat":[91],"product_tag":[],"class_list":{"0":"post-32826","1":"product","2":"type-product","3":"status-publish","4":"has-post-thumbnail","6":"product_brand-may-chieu","7":"product_cat-thiet-bi-cntt","9":"first","10":"instock","11":"shipping-taxable","12":"product-type-simple"},"_links":{"self":[{"href":"https:\/\/108giahoa.com\/index.php?rest_route=\/wp\/v2\/product\/32826","targetHints":{"allow":["GET"]}}],"collection":[{"href":"https:\/\/108giahoa.com\/index.php?rest_route=\/wp\/v2\/product"}],"about":[{"href":"https:\/\/108giahoa.com\/index.php?rest_route=\/wp\/v2\/types\/product"}],"replies":[{"embeddable":true,"href":"https:\/\/108giahoa.com\/index.php?rest_route=%2Fwp%2Fv2%2Fcomments&post=32826"}],"version-history":[{"count":2,"href":"https:\/\/108giahoa.com\/index.php?rest_route=\/wp\/v2\/product\/32826\/revisions"}],"predecessor-version":[{"id":32829,"href":"https:\/\/108giahoa.com\/index.php?rest_route=\/wp\/v2\/product\/32826\/revisions\/32829"}],"wp:featuredmedia":[{"embeddable":true,"href":"https:\/\/108giahoa.com\/index.php?rest_route=\/wp\/v2\/media\/32820"}],"wp:attachment":[{"href":"https:\/\/108giahoa.com\/index.php?rest_route=%2Fwp%2Fv2%2Fmedia&parent=32826"}],"wp:term":[{"taxonomy":"product_brand","embeddable":true,"href":"https:\/\/108giahoa.com\/index.php?rest_route=%2Fwp%2Fv2%2Fproduct_brand&post=32826"},{"taxonomy":"product_cat","embeddable":true,"href":"https:\/\/108giahoa.com\/index.php?rest_route=%2Fwp%2Fv2%2Fproduct_cat&post=32826"},{"taxonomy":"product_tag","embeddable":true,"href":"https:\/\/108giahoa.com\/index.php?rest_route=%2Fwp%2Fv2%2Fproduct_tag&post=32826"}],"curies":[{"name":"wp","href":"https:\/\/api.w.org\/{rel}","templated":true}]}}