{"id":32828,"date":"2026-04-10T10:00:34","date_gmt":"2026-04-10T10:00:34","guid":{"rendered":"https:\/\/108giahoa.com\/?post_type=product&#038;p=32828"},"modified":"2026-04-10T10:00:35","modified_gmt":"2026-04-10T10:00:35","slug":"may-chieu-panasonic-pt-tx440","status":"publish","type":"product","link":"https:\/\/108giahoa.com\/?product=may-chieu-panasonic-pt-tx440","title":{"rendered":"M\u00e1y chi\u1ebfu Panasonic PT-TX440"},"content":{"rendered":"<ul>\n<li><strong>C\u01b0\u1eddng \u0111\u1ed9 chi\u1ebfu s\u00e1ng 3800 Ansi Lumens<\/strong><\/li>\n<li>\u0110\u1ed9 ph\u00e2n gi\u1ea3i 1024&#215;768 (XGA)<\/li>\n<li>\u0110\u1ed9 t\u01b0\u01a1ng ph\u1ea3n <strong>000:1<\/strong><\/li>\n<li>B\u00f3ng \u0111\u00e8n 230W UHM<\/li>\n<li><strong>Tu\u1ed5i th\u1ecd b\u00f3ng \u0111\u00e8n <\/strong><strong>2<\/strong><strong>0<\/strong><strong>.<\/strong><strong>000 gi\u1edd <\/strong><\/li>\n<li>\u0110i\u1ec1u ch\u1ec9nh g\u00f3c nghi\u00eang v\u00e0 ch\u1ec9nh vu\u00f4ng h\u00ecnh<\/li>\n<li>K\u00edch th\u01b0\u1edbc ph\u00f3ng to m\u00e0n h\u00ecnh 50-100\u201d<\/li>\n<li>C\u00f4ng su\u1ea5t 300W<\/li>\n<li><strong>HDMI IN, COMPUTER 1 IN, COMPUTER 2 IN\/MONITOR OUT, VIDEO IN, AUDIO 1 IN, AUDIO 2 IN, AUDIO OUT, LAN, SERIAL IN, USB A&amp;B (memory \/ Wireless Module ET-WML100) &amp; display)<\/strong><\/li>\n<li>Loa g\u1eafn trong: 10W<\/li>\n<li>K\u00edch th\u01b0\u1edbc : 335&#215;134,1x329mm<\/li>\n<li>Tr\u1ecdng l\u01b0\u1ee3ng 3.9kg<\/li>\n<\/ul>\n<p>C\u00f4ng ngh\u1ec7 Nh\u1eadt B\u1ea3n, s\u1ea3n xu\u1ea5t t\u1ea1i Trung Qu\u1ed1c<\/p>\n","protected":false},"excerpt":{"rendered":"<p>C\u01b0\u1eddng \u0111\u1ed9 chi\u1ebfu s\u00e1ng 3800 Ansi Lumens \u0110\u1ed9 ph\u00e2n gi\u1ea3i 1024&#215;768 (XGA) \u0110\u1ed9 t\u01b0\u01a1ng ph\u1ea3n 000:1 B\u00f3ng \u0111\u00e8n 230W UHM<\/p>\n","protected":false},"featured_media":32830,"comment_status":"open","ping_status":"closed","template":"","meta":[],"product_brand":[246],"product_cat":[91],"product_tag":[],"class_list":{"0":"post-32828","1":"product","2":"type-product","3":"status-publish","4":"has-post-thumbnail","6":"product_brand-may-chieu","7":"product_cat-thiet-bi-cntt","9":"first","10":"instock","11":"shipping-taxable","12":"product-type-simple"},"_links":{"self":[{"href":"https:\/\/108giahoa.com\/index.php?rest_route=\/wp\/v2\/product\/32828","targetHints":{"allow":["GET"]}}],"collection":[{"href":"https:\/\/108giahoa.com\/index.php?rest_route=\/wp\/v2\/product"}],"about":[{"href":"https:\/\/108giahoa.com\/index.php?rest_route=\/wp\/v2\/types\/product"}],"replies":[{"embeddable":true,"href":"https:\/\/108giahoa.com\/index.php?rest_route=%2Fwp%2Fv2%2Fcomments&post=32828"}],"version-history":[{"count":1,"href":"https:\/\/108giahoa.com\/index.php?rest_route=\/wp\/v2\/product\/32828\/revisions"}],"predecessor-version":[{"id":32831,"href":"https:\/\/108giahoa.com\/index.php?rest_route=\/wp\/v2\/product\/32828\/revisions\/32831"}],"wp:featuredmedia":[{"embeddable":true,"href":"https:\/\/108giahoa.com\/index.php?rest_route=\/wp\/v2\/media\/32830"}],"wp:attachment":[{"href":"https:\/\/108giahoa.com\/index.php?rest_route=%2Fwp%2Fv2%2Fmedia&parent=32828"}],"wp:term":[{"taxonomy":"product_brand","embeddable":true,"href":"https:\/\/108giahoa.com\/index.php?rest_route=%2Fwp%2Fv2%2Fproduct_brand&post=32828"},{"taxonomy":"product_cat","embeddable":true,"href":"https:\/\/108giahoa.com\/index.php?rest_route=%2Fwp%2Fv2%2Fproduct_cat&post=32828"},{"taxonomy":"product_tag","embeddable":true,"href":"https:\/\/108giahoa.com\/index.php?rest_route=%2Fwp%2Fv2%2Fproduct_tag&post=32828"}],"curies":[{"name":"wp","href":"https:\/\/api.w.org\/{rel}","templated":true}]}}