{"id":32838,"date":"2026-04-12T01:37:24","date_gmt":"2026-04-12T01:37:24","guid":{"rendered":"https:\/\/108giahoa.com\/?post_type=product&#038;p=32838"},"modified":"2026-04-12T01:37:25","modified_gmt":"2026-04-12T01:37:25","slug":"man-hinh-dung-cho-may-chieu-loai-treo-tuong-100","status":"publish","type":"product","link":"https:\/\/108giahoa.com\/?product=man-hinh-dung-cho-may-chieu-loai-treo-tuong-100","title":{"rendered":"M\u00e0n h\u00ecnh d\u00f9ng cho m\u00e1y chi\u1ebfu lo\u1ea1i treo t\u01b0\u1eddng 100\u201d"},"content":{"rendered":"<ul>\n<li>WALL DALITE (84\u2019\u2019 x 63\u2019\u2019) 4:3<\/li>\n<li>K\u00edch th\u01b0\u1edbc (dimensions) 2.13&#215;1.60m<\/li>\n<li>\u0110\u01b0\u1eddng ch\u00e9o (diagonal) 100\u201d<\/li>\n<\/ul>\n","protected":false},"excerpt":{"rendered":"<p>WALL DALITE (84\u2019\u2019 x 63\u2019\u2019) 4:3 K\u00edch th\u01b0\u1edbc (dimensions) 2.13&#215;1.60m \u0110\u01b0\u1eddng ch\u00e9o (diagonal) 100\u201d<\/p>\n","protected":false},"featured_media":32834,"comment_status":"open","ping_status":"closed","template":"","meta":[],"product_brand":[247],"product_cat":[91],"product_tag":[],"class_list":{"0":"post-32838","1":"product","2":"type-product","3":"status-publish","4":"has-post-thumbnail","6":"product_brand-man-chieu","7":"product_cat-thiet-bi-cntt","9":"first","10":"instock","11":"shipping-taxable","12":"product-type-simple"},"_links":{"self":[{"href":"https:\/\/108giahoa.com\/index.php?rest_route=\/wp\/v2\/product\/32838","targetHints":{"allow":["GET"]}}],"collection":[{"href":"https:\/\/108giahoa.com\/index.php?rest_route=\/wp\/v2\/product"}],"about":[{"href":"https:\/\/108giahoa.com\/index.php?rest_route=\/wp\/v2\/types\/product"}],"replies":[{"embeddable":true,"href":"https:\/\/108giahoa.com\/index.php?rest_route=%2Fwp%2Fv2%2Fcomments&post=32838"}],"version-history":[{"count":1,"href":"https:\/\/108giahoa.com\/index.php?rest_route=\/wp\/v2\/product\/32838\/revisions"}],"predecessor-version":[{"id":32839,"href":"https:\/\/108giahoa.com\/index.php?rest_route=\/wp\/v2\/product\/32838\/revisions\/32839"}],"wp:featuredmedia":[{"embeddable":true,"href":"https:\/\/108giahoa.com\/index.php?rest_route=\/wp\/v2\/media\/32834"}],"wp:attachment":[{"href":"https:\/\/108giahoa.com\/index.php?rest_route=%2Fwp%2Fv2%2Fmedia&parent=32838"}],"wp:term":[{"taxonomy":"product_brand","embeddable":true,"href":"https:\/\/108giahoa.com\/index.php?rest_route=%2Fwp%2Fv2%2Fproduct_brand&post=32838"},{"taxonomy":"product_cat","embeddable":true,"href":"https:\/\/108giahoa.com\/index.php?rest_route=%2Fwp%2Fv2%2Fproduct_cat&post=32838"},{"taxonomy":"product_tag","embeddable":true,"href":"https:\/\/108giahoa.com\/index.php?rest_route=%2Fwp%2Fv2%2Fproduct_tag&post=32838"}],"curies":[{"name":"wp","href":"https:\/\/api.w.org\/{rel}","templated":true}]}}