{"id":32840,"date":"2026-04-12T01:39:50","date_gmt":"2026-04-12T01:39:50","guid":{"rendered":"https:\/\/108giahoa.com\/?post_type=product&#038;p=32840"},"modified":"2026-04-12T01:39:56","modified_gmt":"2026-04-12T01:39:56","slug":"man-hinh-dung-cho-may-chieu-loai-treo-tuong-120","status":"publish","type":"product","link":"https:\/\/108giahoa.com\/?product=man-hinh-dung-cho-may-chieu-loai-treo-tuong-120","title":{"rendered":"M\u00e0n h\u00ecnh d\u00f9ng cho m\u00e1y chi\u1ebfu lo\u1ea1i treo t\u01b0\u1eddng 120\u201d"},"content":{"rendered":"<ul>\n<li>WALL DALITE (84\u2019\u2019 x 84\u2019\u2019) 1:1<\/li>\n<li>K\u00edch th\u01b0\u1edbc (dimensions) 2.13&#215;2.13m<\/li>\n<li>\u0110\u01b0\u1eddng ch\u00e9o (diagonal) 120\u201d<\/li>\n<\/ul>\n","protected":false},"excerpt":{"rendered":"<p>WALL DALITE (84\u2019\u2019 x 84\u2019\u2019) 1:1 K\u00edch th\u01b0\u1edbc (dimensions) 2.13&#215;2.13m \u0110\u01b0\u1eddng ch\u00e9o (diagonal) 120\u201d<\/p>\n","protected":false},"featured_media":32834,"comment_status":"open","ping_status":"closed","template":"","meta":[],"product_brand":[247],"product_cat":[91],"product_tag":[],"class_list":{"0":"post-32840","1":"product","2":"type-product","3":"status-publish","4":"has-post-thumbnail","6":"product_brand-man-chieu","7":"product_cat-thiet-bi-cntt","9":"first","10":"instock","11":"shipping-taxable","12":"product-type-simple"},"_links":{"self":[{"href":"https:\/\/108giahoa.com\/index.php?rest_route=\/wp\/v2\/product\/32840","targetHints":{"allow":["GET"]}}],"collection":[{"href":"https:\/\/108giahoa.com\/index.php?rest_route=\/wp\/v2\/product"}],"about":[{"href":"https:\/\/108giahoa.com\/index.php?rest_route=\/wp\/v2\/types\/product"}],"replies":[{"embeddable":true,"href":"https:\/\/108giahoa.com\/index.php?rest_route=%2Fwp%2Fv2%2Fcomments&post=32840"}],"version-history":[{"count":1,"href":"https:\/\/108giahoa.com\/index.php?rest_route=\/wp\/v2\/product\/32840\/revisions"}],"predecessor-version":[{"id":32841,"href":"https:\/\/108giahoa.com\/index.php?rest_route=\/wp\/v2\/product\/32840\/revisions\/32841"}],"wp:featuredmedia":[{"embeddable":true,"href":"https:\/\/108giahoa.com\/index.php?rest_route=\/wp\/v2\/media\/32834"}],"wp:attachment":[{"href":"https:\/\/108giahoa.com\/index.php?rest_route=%2Fwp%2Fv2%2Fmedia&parent=32840"}],"wp:term":[{"taxonomy":"product_brand","embeddable":true,"href":"https:\/\/108giahoa.com\/index.php?rest_route=%2Fwp%2Fv2%2Fproduct_brand&post=32840"},{"taxonomy":"product_cat","embeddable":true,"href":"https:\/\/108giahoa.com\/index.php?rest_route=%2Fwp%2Fv2%2Fproduct_cat&post=32840"},{"taxonomy":"product_tag","embeddable":true,"href":"https:\/\/108giahoa.com\/index.php?rest_route=%2Fwp%2Fv2%2Fproduct_tag&post=32840"}],"curies":[{"name":"wp","href":"https:\/\/api.w.org\/{rel}","templated":true}]}}