{"id":32847,"date":"2026-04-12T01:48:53","date_gmt":"2026-04-12T01:48:53","guid":{"rendered":"https:\/\/108giahoa.com\/?post_type=product&#038;p=32847"},"modified":"2026-04-12T01:48:53","modified_gmt":"2026-04-12T01:48:53","slug":"man-hinh-dung-cho-may-chieu-loai-chan-dung-70","status":"publish","type":"product","link":"https:\/\/108giahoa.com\/?product=man-hinh-dung-cho-may-chieu-loai-chan-dung-70","title":{"rendered":"M\u00e0n h\u00ecnh d\u00f9ng cho m\u00e1y chi\u1ebfu lo\u1ea1i ch\u00e2n \u0111\u1ee9ng 70\u201d"},"content":{"rendered":"<ul>\n<li>TRIPOD DALITE (70\u2019\u2019 x 70\u2019\u2019) 1:1<\/li>\n<li>K\u00edch th\u01b0\u1edbc (dimensions) 1.78&#215;1.78m<\/li>\n<li>\u0110\u01b0\u1eddng ch\u00e9o (diagonal) 100\u201d<\/li>\n<\/ul>\n","protected":false},"excerpt":{"rendered":"<p>TRIPOD DALITE (70\u2019\u2019 x 70\u2019\u2019) 1:1 K\u00edch th\u01b0\u1edbc (dimensions) 1.78&#215;1.78m \u0110\u01b0\u1eddng ch\u00e9o (diagonal) 100\u201d<\/p>\n","protected":false},"featured_media":32845,"comment_status":"open","ping_status":"closed","template":"","meta":[],"product_brand":[247],"product_cat":[91],"product_tag":[],"class_list":{"0":"post-32847","1":"product","2":"type-product","3":"status-publish","4":"has-post-thumbnail","6":"product_brand-man-chieu","7":"product_cat-thiet-bi-cntt","9":"first","10":"instock","11":"shipping-taxable","12":"product-type-simple"},"_links":{"self":[{"href":"https:\/\/108giahoa.com\/index.php?rest_route=\/wp\/v2\/product\/32847","targetHints":{"allow":["GET"]}}],"collection":[{"href":"https:\/\/108giahoa.com\/index.php?rest_route=\/wp\/v2\/product"}],"about":[{"href":"https:\/\/108giahoa.com\/index.php?rest_route=\/wp\/v2\/types\/product"}],"replies":[{"embeddable":true,"href":"https:\/\/108giahoa.com\/index.php?rest_route=%2Fwp%2Fv2%2Fcomments&post=32847"}],"version-history":[{"count":1,"href":"https:\/\/108giahoa.com\/index.php?rest_route=\/wp\/v2\/product\/32847\/revisions"}],"predecessor-version":[{"id":32848,"href":"https:\/\/108giahoa.com\/index.php?rest_route=\/wp\/v2\/product\/32847\/revisions\/32848"}],"wp:featuredmedia":[{"embeddable":true,"href":"https:\/\/108giahoa.com\/index.php?rest_route=\/wp\/v2\/media\/32845"}],"wp:attachment":[{"href":"https:\/\/108giahoa.com\/index.php?rest_route=%2Fwp%2Fv2%2Fmedia&parent=32847"}],"wp:term":[{"taxonomy":"product_brand","embeddable":true,"href":"https:\/\/108giahoa.com\/index.php?rest_route=%2Fwp%2Fv2%2Fproduct_brand&post=32847"},{"taxonomy":"product_cat","embeddable":true,"href":"https:\/\/108giahoa.com\/index.php?rest_route=%2Fwp%2Fv2%2Fproduct_cat&post=32847"},{"taxonomy":"product_tag","embeddable":true,"href":"https:\/\/108giahoa.com\/index.php?rest_route=%2Fwp%2Fv2%2Fproduct_tag&post=32847"}],"curies":[{"name":"wp","href":"https:\/\/api.w.org\/{rel}","templated":true}]}}