{"id":32932,"date":"2026-04-12T06:49:06","date_gmt":"2026-04-12T06:49:06","guid":{"rendered":"https:\/\/108giahoa.com\/?post_type=product&#038;p=32932"},"modified":"2026-04-12T06:49:07","modified_gmt":"2026-04-12T06:49:07","slug":"may-ep-dsb-hq-403","status":"publish","type":"product","link":"https:\/\/108giahoa.com\/?product=may-ep-dsb-hq-403","title":{"rendered":"M\u00e1y \u00e9p DSB HQ-403"},"content":{"rendered":"<p>&#8211; \u00c9p n\u00f3ng, \u00e9p ngu\u1ed9i<\/p>\n<p>&#8211; <strong><em>Th\u1eddi gian n\u00f3ng r\u1ea5t nhanh: 1 ph\u00fat<\/em><\/strong><\/p>\n<p><strong><em>&#8211; T\u1ed1c \u0111\u1ed9 \u00e9p nhanh: 324mm\/ph\u00fat<\/em><\/strong><\/p>\n<p>&#8211; <strong><em>Ch\u1ee9c n\u0103ng \u00e9p \u1ea3nh tuy\u1ec7t \u0111\u1eb9p<\/em><\/strong><\/p>\n<p>&#8211; <strong><em>Ch\u1ee9c n\u0103ng ch\u1ed1ng k\u1eb9t gi\u1ea5y khi c\u00fap \u0111i\u1ec7n<\/em><\/strong><\/p>\n<p><strong><em>&#8211; Thi\u1ebft k\u1ebf \u0111\u1eb7t bi\u1ec7t ch\u1ed1ng k\u1eb9t gi\u1ea5y<\/em><\/strong><\/p>\n<p>&#8211; <em>2 tr\u1ee5c rul\u00f4 \u00e9p<\/em><\/p>\n<p><strong><em>&#8211; \u00c9p kh\u1ed5 gi\u1ea5y A4 =238mm<\/em><\/strong><\/p>\n<p>&#8211; \u0110\u1ecbnh l\u01b0\u1ee3ng gi\u1ea5y \u00e9p: 80-125 micron<\/p>\n<p>&#8211; Nhi\u1ec7t \u0111\u1ed9 170<sup>o<\/sup>C, 750W<\/p>\n<p>&#8211; Tr\u1ecdng l\u01b0\u1ee3ng: 1.5kg<\/p>\n<p>&#8211; K\u00edch th\u01b0\u1edbc: 366x160x75 mm<\/p>\n<p><strong><em>&#8211; Ki\u1ec3u d\u00e1ng sang tr\u1ecdng, nh\u1ecf g\u1ecdn, x\u00e1ch tay<\/em><\/strong><\/p>\n","protected":false},"excerpt":{"rendered":"<p>&#8211; \u00c9p n\u00f3ng, \u00e9p ngu\u1ed9i &#8211; Th\u1eddi gian n\u00f3ng r\u1ea5t nhanh: 1 ph\u00fat &#8211; T\u1ed1c \u0111\u1ed9 \u00e9p nhanh: 324mm\/ph\u00fat &#8211;<\/p>\n","protected":false},"featured_media":32933,"comment_status":"open","ping_status":"closed","template":"","meta":[],"product_brand":[111],"product_cat":[91],"product_tag":[],"class_list":{"0":"post-32932","1":"product","2":"type-product","3":"status-publish","4":"has-post-thumbnail","6":"product_brand-may-ep","7":"product_cat-thiet-bi-cntt","9":"first","10":"instock","11":"shipping-taxable","12":"product-type-simple"},"_links":{"self":[{"href":"https:\/\/108giahoa.com\/index.php?rest_route=\/wp\/v2\/product\/32932","targetHints":{"allow":["GET"]}}],"collection":[{"href":"https:\/\/108giahoa.com\/index.php?rest_route=\/wp\/v2\/product"}],"about":[{"href":"https:\/\/108giahoa.com\/index.php?rest_route=\/wp\/v2\/types\/product"}],"replies":[{"embeddable":true,"href":"https:\/\/108giahoa.com\/index.php?rest_route=%2Fwp%2Fv2%2Fcomments&post=32932"}],"version-history":[{"count":1,"href":"https:\/\/108giahoa.com\/index.php?rest_route=\/wp\/v2\/product\/32932\/revisions"}],"predecessor-version":[{"id":32934,"href":"https:\/\/108giahoa.com\/index.php?rest_route=\/wp\/v2\/product\/32932\/revisions\/32934"}],"wp:featuredmedia":[{"embeddable":true,"href":"https:\/\/108giahoa.com\/index.php?rest_route=\/wp\/v2\/media\/32933"}],"wp:attachment":[{"href":"https:\/\/108giahoa.com\/index.php?rest_route=%2Fwp%2Fv2%2Fmedia&parent=32932"}],"wp:term":[{"taxonomy":"product_brand","embeddable":true,"href":"https:\/\/108giahoa.com\/index.php?rest_route=%2Fwp%2Fv2%2Fproduct_brand&post=32932"},{"taxonomy":"product_cat","embeddable":true,"href":"https:\/\/108giahoa.com\/index.php?rest_route=%2Fwp%2Fv2%2Fproduct_cat&post=32932"},{"taxonomy":"product_tag","embeddable":true,"href":"https:\/\/108giahoa.com\/index.php?rest_route=%2Fwp%2Fv2%2Fproduct_tag&post=32932"}],"curies":[{"name":"wp","href":"https:\/\/api.w.org\/{rel}","templated":true}]}}