{"id":32935,"date":"2026-04-12T06:51:40","date_gmt":"2026-04-12T06:51:40","guid":{"rendered":"https:\/\/108giahoa.com\/?post_type=product&#038;p=32935"},"modified":"2026-04-12T06:51:41","modified_gmt":"2026-04-12T06:51:41","slug":"may-ep-sogood-230s","status":"publish","type":"product","link":"https:\/\/108giahoa.com\/?product=may-ep-sogood-230s","title":{"rendered":"M\u00e1y \u00e9p SOGOOD 230S"},"content":{"rendered":"<p>&#8211; \u00c9p n\u00f3ng, \u00e9p ngu\u1ed9i<\/p>\n<p>&#8211; <strong><em>Th\u1eddi gian n\u00f3ng: 4-5 ph\u00fat<\/em><\/strong><\/p>\n<p><strong><em>&#8211; T\u1ed1c \u0111\u1ed9 \u00e9p: 350mm\/ph\u00fat<\/em><\/strong><\/p>\n<p>&#8211; <strong><em>Ch\u1ee9c n\u0103ng \u00e9p \u1ea3nh tuy\u1ec7t \u0111\u1eb9p<\/em><\/strong><\/p>\n<p>&#8211; <strong><em>Ch\u1ee9c n\u0103ng tr\u1ea3 ng\u01b0\u1ee3c ch\u1ed1ng k\u1eb9t gi\u1ea5y<\/em><\/strong><\/p>\n<p>&#8211; Ch\u1ee9c n\u0103ng \u0111i\u1ec1u ch\u1ec9nh nhi\u1ec7t \u0111\u1ed9<\/p>\n<p>&#8211; <strong><em>4 tr\u1ee5c rul\u00f4 \u00e9p<\/em><\/strong><\/p>\n<p><strong><em>&#8211; \u00c9p kh\u1ed5 gi\u1ea5y A4 = 220mm<\/em><\/strong><\/p>\n<p>&#8211; \u0110\u1ecbnh l\u01b0\u1ee3ng film \u00e9p: 75-250 micron<\/p>\n<p>&#8211; Nhi\u1ec7t \u0111\u1ed9 170<sup>o<\/sup>C, 300W<\/p>\n<p>&#8211; Tr\u1ecdng l\u01b0\u1ee3ng: 3.4kg<\/p>\n<p>&#8211; K\u00edch th\u01b0\u1edbc: 360x160x100 mm<\/p>\n","protected":false},"excerpt":{"rendered":"<p>&#8211; \u00c9p n\u00f3ng, \u00e9p ngu\u1ed9i &#8211; Th\u1eddi gian n\u00f3ng: 4-5 ph\u00fat &#8211; T\u1ed1c \u0111\u1ed9 \u00e9p: 350mm\/ph\u00fat &#8211; Ch\u1ee9c n\u0103ng \u00e9p<\/p>\n","protected":false},"featured_media":32936,"comment_status":"open","ping_status":"closed","template":"","meta":[],"product_brand":[111],"product_cat":[91],"product_tag":[],"class_list":{"0":"post-32935","1":"product","2":"type-product","3":"status-publish","4":"has-post-thumbnail","6":"product_brand-may-ep","7":"product_cat-thiet-bi-cntt","9":"first","10":"instock","11":"shipping-taxable","12":"product-type-simple"},"_links":{"self":[{"href":"https:\/\/108giahoa.com\/index.php?rest_route=\/wp\/v2\/product\/32935","targetHints":{"allow":["GET"]}}],"collection":[{"href":"https:\/\/108giahoa.com\/index.php?rest_route=\/wp\/v2\/product"}],"about":[{"href":"https:\/\/108giahoa.com\/index.php?rest_route=\/wp\/v2\/types\/product"}],"replies":[{"embeddable":true,"href":"https:\/\/108giahoa.com\/index.php?rest_route=%2Fwp%2Fv2%2Fcomments&post=32935"}],"version-history":[{"count":1,"href":"https:\/\/108giahoa.com\/index.php?rest_route=\/wp\/v2\/product\/32935\/revisions"}],"predecessor-version":[{"id":32937,"href":"https:\/\/108giahoa.com\/index.php?rest_route=\/wp\/v2\/product\/32935\/revisions\/32937"}],"wp:featuredmedia":[{"embeddable":true,"href":"https:\/\/108giahoa.com\/index.php?rest_route=\/wp\/v2\/media\/32936"}],"wp:attachment":[{"href":"https:\/\/108giahoa.com\/index.php?rest_route=%2Fwp%2Fv2%2Fmedia&parent=32935"}],"wp:term":[{"taxonomy":"product_brand","embeddable":true,"href":"https:\/\/108giahoa.com\/index.php?rest_route=%2Fwp%2Fv2%2Fproduct_brand&post=32935"},{"taxonomy":"product_cat","embeddable":true,"href":"https:\/\/108giahoa.com\/index.php?rest_route=%2Fwp%2Fv2%2Fproduct_cat&post=32935"},{"taxonomy":"product_tag","embeddable":true,"href":"https:\/\/108giahoa.com\/index.php?rest_route=%2Fwp%2Fv2%2Fproduct_tag&post=32935"}],"curies":[{"name":"wp","href":"https:\/\/api.w.org\/{rel}","templated":true}]}}