{"id":32941,"date":"2026-04-12T07:03:25","date_gmt":"2026-04-12T07:03:25","guid":{"rendered":"https:\/\/108giahoa.com\/?post_type=product&#038;p=32941"},"modified":"2026-04-12T07:03:27","modified_gmt":"2026-04-12T07:03:27","slug":"may-ep-plastic-dsb-330-arp","status":"publish","type":"product","link":"https:\/\/108giahoa.com\/?product=may-ep-plastic-dsb-330-arp","title":{"rendered":"M\u00c1Y \u00c9P PLASTIC DSB 330 ARP"},"content":{"rendered":"<p>&#8211; <strong><em>M\u00e1y \u00e9p c\u00f4ng su\u1ea5t &amp; t\u1ed1c \u0111\u1ed9 cao<\/em><\/strong><\/p>\n<p>&#8211; \u00c9p n\u00f3ng, \u00e9p ngu\u1ed9i<\/p>\n<p>&#8211; <strong><em>Ch\u1ee9c n\u0103ng ti\u1ebft ki\u1ec7m \u0111i\u1ec7n n\u0103ng<\/em><\/strong><\/p>\n<p><strong><em>&#8211; L\u00e0m n\u00f3ng nhanh: 3 ph\u00fat<\/em><\/strong><\/p>\n<p><strong><em>&#8211; T\u1ed1c \u0111\u1ed9 \u00e9p nhanh: 800mm\/Ph\u00fat<\/em><\/strong><\/p>\n<p><strong><em>&#8211; Ch\u1ee9c n\u0103ng \u00e9p \u1ea3nh tuy\u1ec7t \u0111\u1eb9p<\/em><\/strong><\/p>\n<p>&#8211; <strong><em>Ch\u1ee9c n\u0103ng tr\u1ea3 ng\u01b0\u1ee3c ch\u1ed1ng k\u1eb9t gi\u1ea5y<\/em><\/strong><\/p>\n<p>&#8211; Ch\u1ee9c n\u0103ng \u0111i\u1ec1u ch\u1ec9nh nhi\u1ec7t \u0111\u1ed9<\/p>\n<p>&#8211; <strong><em>4 tr\u1ee5c rul\u00f4 \u00e9p<\/em><\/strong><\/p>\n<p><strong><em>&#8211; \u00c9p kh\u1ed5 gi\u1ea5y A3 = 330mm<\/em><\/strong><\/p>\n<p>&#8211; \u0110\u1ecbnh l\u01b0\u1ee3ng film \u00e9p: 75-250 micron<\/p>\n<p>&#8211; Nhi\u1ec7t \u0111\u1ed9 250<sup>o<\/sup>C, 1.000W<\/p>\n<p>&#8211; Tr\u1ecdng l\u01b0\u1ee3ng: 6.9kg<\/p>\n<p>&#8211; K\u00edch th\u01b0\u1edbc: 506x196x172 mm<\/p>\n","protected":false},"excerpt":{"rendered":"<p>&#8211; M\u00e1y \u00e9p c\u00f4ng su\u1ea5t &amp; t\u1ed1c \u0111\u1ed9 cao &#8211; \u00c9p n\u00f3ng, \u00e9p ngu\u1ed9i &#8211; Ch\u1ee9c n\u0103ng ti\u1ebft ki\u1ec7m \u0111i\u1ec7n<\/p>\n","protected":false},"featured_media":32942,"comment_status":"open","ping_status":"closed","template":"","meta":[],"product_brand":[111],"product_cat":[91],"product_tag":[],"class_list":{"0":"post-32941","1":"product","2":"type-product","3":"status-publish","4":"has-post-thumbnail","6":"product_brand-may-ep","7":"product_cat-thiet-bi-cntt","9":"first","10":"instock","11":"shipping-taxable","12":"product-type-simple"},"_links":{"self":[{"href":"https:\/\/108giahoa.com\/index.php?rest_route=\/wp\/v2\/product\/32941","targetHints":{"allow":["GET"]}}],"collection":[{"href":"https:\/\/108giahoa.com\/index.php?rest_route=\/wp\/v2\/product"}],"about":[{"href":"https:\/\/108giahoa.com\/index.php?rest_route=\/wp\/v2\/types\/product"}],"replies":[{"embeddable":true,"href":"https:\/\/108giahoa.com\/index.php?rest_route=%2Fwp%2Fv2%2Fcomments&post=32941"}],"version-history":[{"count":1,"href":"https:\/\/108giahoa.com\/index.php?rest_route=\/wp\/v2\/product\/32941\/revisions"}],"predecessor-version":[{"id":32943,"href":"https:\/\/108giahoa.com\/index.php?rest_route=\/wp\/v2\/product\/32941\/revisions\/32943"}],"wp:featuredmedia":[{"embeddable":true,"href":"https:\/\/108giahoa.com\/index.php?rest_route=\/wp\/v2\/media\/32942"}],"wp:attachment":[{"href":"https:\/\/108giahoa.com\/index.php?rest_route=%2Fwp%2Fv2%2Fmedia&parent=32941"}],"wp:term":[{"taxonomy":"product_brand","embeddable":true,"href":"https:\/\/108giahoa.com\/index.php?rest_route=%2Fwp%2Fv2%2Fproduct_brand&post=32941"},{"taxonomy":"product_cat","embeddable":true,"href":"https:\/\/108giahoa.com\/index.php?rest_route=%2Fwp%2Fv2%2Fproduct_cat&post=32941"},{"taxonomy":"product_tag","embeddable":true,"href":"https:\/\/108giahoa.com\/index.php?rest_route=%2Fwp%2Fv2%2Fproduct_tag&post=32941"}],"curies":[{"name":"wp","href":"https:\/\/api.w.org\/{rel}","templated":true}]}}