{"id":32944,"date":"2026-04-12T07:06:37","date_gmt":"2026-04-12T07:06:37","guid":{"rendered":"https:\/\/108giahoa.com\/?post_type=product&#038;p=32944"},"modified":"2026-04-12T07:06:38","modified_gmt":"2026-04-12T07:06:38","slug":"may-ep-plastic-bosser-eh-450","status":"publish","type":"product","link":"https:\/\/108giahoa.com\/?product=may-ep-plastic-bosser-eh-450","title":{"rendered":"M\u00c1Y \u00c9P PLASTIC BOSSER EH-450"},"content":{"rendered":"<p>&#8211; \u00c9p n\u00f3ng, \u00e9p ngu\u1ed9i<\/p>\n<p><strong><em>&#8211; \u00c9p kh\u1ed5 gi\u1ea5y A3 = 320mm<\/em><\/strong><\/p>\n<p>&#8211; Th\u1eddi gian n\u00f3ng nhanh: 4-5 ph\u00fat<\/p>\n<p><strong><em>&#8211; T\u1ed1c \u0111\u1ed9 \u00e9p nhanh: 560mm\/Ph\u00fat<\/em><\/strong><\/p>\n<p>&#8211; Ch\u1ee9c n\u0103ng tr\u1ea3 ng\u01b0\u1ee3c gi\u1ea5y<\/p>\n<p>&#8211; Ch\u1ee9c n\u0103ng \u0111i\u1ec1u ch\u1ec9nh nhi\u1ec7t \u0111\u1ed9<\/p>\n<p><strong><em>&#8211; C\u00f3 \u0111\u1ed3ng h\u1ed3 \u0111o nhi\u1ec7t \u0111\u1ed9<\/em><\/strong><\/p>\n<p><strong><em>&#8211; 4 tr\u1ee5c rul\u00f4 \u00e9p<\/em><\/strong><\/p>\n<p>&#8211; \u0110\u1ecbnh l\u01b0\u1ee3ng film \u00e9p: 75-250 micron<\/p>\n<p>&#8211; Nhi\u1ec7t \u0111\u1ed9 100-200<sup>o<\/sup>C, 560W<\/p>\n<p>&#8211; \u0110\u1ed9 d\u00e0y \u00e9p t\u1ed1i \u0111a 1mm<\/p>\n<p>&#8211; Th\u00e2n m\u00e1y b\u1eb1ng kim lo\u1ea1i<\/p>\n<p>&#8211; Tr\u1ecdng l\u01b0\u1ee3ng: 8kg<\/p>\n<p>&#8211; K\u00edch th\u01b0\u1edbc: 560x265x160 mm<\/p>\n","protected":false},"excerpt":{"rendered":"<p>&#8211; \u00c9p n\u00f3ng, \u00e9p ngu\u1ed9i &#8211; \u00c9p kh\u1ed5 gi\u1ea5y A3 = 320mm &#8211; Th\u1eddi gian n\u00f3ng nhanh: 4-5 ph\u00fat &#8211;<\/p>\n","protected":false},"featured_media":32945,"comment_status":"open","ping_status":"closed","template":"","meta":[],"product_brand":[111],"product_cat":[91],"product_tag":[],"class_list":{"0":"post-32944","1":"product","2":"type-product","3":"status-publish","4":"has-post-thumbnail","6":"product_brand-may-ep","7":"product_cat-thiet-bi-cntt","9":"first","10":"instock","11":"shipping-taxable","12":"product-type-simple"},"_links":{"self":[{"href":"https:\/\/108giahoa.com\/index.php?rest_route=\/wp\/v2\/product\/32944","targetHints":{"allow":["GET"]}}],"collection":[{"href":"https:\/\/108giahoa.com\/index.php?rest_route=\/wp\/v2\/product"}],"about":[{"href":"https:\/\/108giahoa.com\/index.php?rest_route=\/wp\/v2\/types\/product"}],"replies":[{"embeddable":true,"href":"https:\/\/108giahoa.com\/index.php?rest_route=%2Fwp%2Fv2%2Fcomments&post=32944"}],"version-history":[{"count":1,"href":"https:\/\/108giahoa.com\/index.php?rest_route=\/wp\/v2\/product\/32944\/revisions"}],"predecessor-version":[{"id":32946,"href":"https:\/\/108giahoa.com\/index.php?rest_route=\/wp\/v2\/product\/32944\/revisions\/32946"}],"wp:featuredmedia":[{"embeddable":true,"href":"https:\/\/108giahoa.com\/index.php?rest_route=\/wp\/v2\/media\/32945"}],"wp:attachment":[{"href":"https:\/\/108giahoa.com\/index.php?rest_route=%2Fwp%2Fv2%2Fmedia&parent=32944"}],"wp:term":[{"taxonomy":"product_brand","embeddable":true,"href":"https:\/\/108giahoa.com\/index.php?rest_route=%2Fwp%2Fv2%2Fproduct_brand&post=32944"},{"taxonomy":"product_cat","embeddable":true,"href":"https:\/\/108giahoa.com\/index.php?rest_route=%2Fwp%2Fv2%2Fproduct_cat&post=32944"},{"taxonomy":"product_tag","embeddable":true,"href":"https:\/\/108giahoa.com\/index.php?rest_route=%2Fwp%2Fv2%2Fproduct_tag&post=32944"}],"curies":[{"name":"wp","href":"https:\/\/api.w.org\/{rel}","templated":true}]}}